{"id":246,"date":"2020-09-20T07:46:49","date_gmt":"2020-09-20T07:46:49","guid":{"rendered":"https:\/\/scitope.com\/coginfocom20\/?page_id=246"},"modified":"2025-03-24T12:54:17","modified_gmt":"2025-03-24T12:54:17","slug":"time","status":"publish","type":"page","link":"https:\/\/scitope.com\/ait24\/?page_id=246","title":{"rendered":"For Hungarian visitors\/Magyar r\u00e9sztvev\u0151knek"},"content":{"rendered":"<p>[vc_row][vc_column][vc_column_text]<\/p>\n<h1 style=\"text-align: center;\">1. Nemzetk\u00f6zi Tudom\u00e1nyos \u00e9s Innov\u00e1ci\u00f3s Konferencia AI Transzform\u00e1ci\u00f3 T\u00e9m\u00e1ban<\/h1>\n<p>[\/vc_column_text][vc_column_text]<\/p>\n<h2 style=\"text-align: center;\">2024. okt\u00f3ber 24-25<\/h2>\n<h2 style=\"text-align: center;\">Budapesti Corvinus Egyetem<\/h2>\n<h2 style=\"text-align: center;\"><a href=\"https:\/\/maps.app.goo.gl\/rpZDeH8BNps2m74x6\" target=\"_blank\" rel=\"noopener\"><u>Gell\u00e9rt Campus, 1118 Budapest, M\u00e9nesi \u00fat 5<\/u><\/a><\/h2>\n<p>[\/vc_column_text][\/vc_column][\/vc_row][vc_row][vc_column][vc_column_text]<\/p>\n<div class=\"container\">\n<p><span style=\"font-size: 20px;\">Az AI transzform\u00e1ci\u00f3 az AI-alap\u00fa technol\u00f3gi\u00e1k be\u00e9p\u00edt\u00e9s\u00e9t jelenti az egy\u00e9nek, szervezetek \u00e9s t\u00e1rsadalmi entit\u00e1sok term\u00e9keibe, folyamataiba \u00e9s strat\u00e9gi\u00e1iba, amely \u00faj k\u00e9pess\u00e9gek kialakul\u00e1s\u00e1hoz \u00e9s radik\u00e1lis teljes\u00edtm\u00e9nyjavul\u00e1shoz vezet a gazdas\u00e1g, az \u00fczleti \u00e9let, a menedzsment \u00e9s az emberi digit\u00e1lis k\u00f6rnyezetek ter\u00fclet\u00e9n. Ezen ter\u00fcleteken bel\u00fcl a konferencia c\u00e9lja \u00faj elm\u00e9leti keretek \u00e9s gyakorlati megold\u00e1sok fejleszt\u00e9se, amelyek alkalmaz\u00e1sokhoz vezethetnek.[\/vc_column_text][\/vc_column][\/vc_row][vc_row][vc_column][vc_column_text]<\/span><\/p>\n<h2><span style=\"color: #344079;\">Eln\u00f6k\u00f6k<\/span><\/h2>\n<p>[\/vc_column_text][vc_column_text]<\/p>\n<div class=\"vc_row wpb_row vc_row-fluid\">\n<div class=\"wpb_column vc_column_container vc_col-sm-12\">\n<div class=\"vc_column-inner\">\n<div class=\"wpb_wrapper\">\n<div class=\"wpb_text_column wpb_content_element \">\n<div class=\"wpb_wrapper\">\n<h3>Prof. Baranyi P\u00e9ter, <em>CIAS \u00e9s DAIS &#8211; Budapesti Corvinus Egyetem<\/em><em><br \/>\n<\/em>Prof. Yeung Yam, T<em>he Chinese University of Hong Kong Shenzhen Research Institute<\/em><\/h3>\n<\/div>\n<\/div>\n<\/div>\n<\/div>\n<\/div>\n<\/div>\n<div class=\"vc_row wpb_row vc_row-fluid\">\n<div class=\"wpb_column vc_column_container vc_col-sm-12\">\n<div class=\"vc_column-inner\">\n<div class=\"wpb_wrapper\">\n<div class=\"wpb_text_column wpb_content_element \">\n<div class=\"wpb_wrapper\"><\/div>\n<\/div>\n<\/div>\n<\/div>\n<\/div>\n<\/div>\n<p>[\/vc_column_text][\/vc_column][\/vc_row][vc_row][vc_column width=&#8221;1\/2&#8243;][vc_single_image image=&#8221;1266&#8243; img_size=&#8221;medium&#8221; alignment=&#8221;center&#8221; onclick=&#8221;custom_link&#8221; img_link_target=&#8221;_blank&#8221; link=&#8221;https:\/\/scitope.com\/ait24\/?page_id=1030&#8243;][\/vc_column][vc_column width=&#8221;1\/2&#8243;][vc_single_image image=&#8221;1265&#8243; img_size=&#8221;medium&#8221; alignment=&#8221;center&#8221; onclick=&#8221;custom_link&#8221; img_link_target=&#8221;_blank&#8221; link=&#8221;https:\/\/scitope.com\/ait24\/?page_id=1033&#8243;][\/vc_column][\/vc_row][vc_row][vc_column][vc_btn title=&#8221;Konferencia Program&#8221; style=&#8221;3d&#8221; color=&#8221;blue&#8221; size=&#8221;lg&#8221; align=&#8221;center&#8221; link=&#8221;url:https%3A%2F%2Fdrive.google.com%2Ffile%2Fd%2F1cux4YqucUijl7bYuKq8jPvIhmBvicgp2%2Fview%3Fusp%3Dsharing|||&#8221;][\/vc_column][\/vc_row][vc_row][vc_column][vc_column_text]<\/p>\n<h4 style=\"text-align: center;\" data-start=\"1394\" data-end=\"1495\"><strong>A nagy \u00e9rdekl\u0151d\u00e9s miatt a regisztr\u00e1ci\u00f3 lez\u00e1rult, a konferenciatermek el\u00e9rt\u00e9k kapacit\u00e1suk hat\u00e1r\u00e1t.<\/strong><\/h4>\n<p>[\/vc_column_text][\/vc_column][\/vc_row][vc_row][vc_column][vc_single_image image=&#8221;1272&#8243; img_size=&#8221;medium&#8221; alignment=&#8221;center&#8221;][\/vc_column][\/vc_row][vc_row][vc_column][vc_column_text]<\/p>\n<\/div>\n<p>[\/vc_column_text][\/vc_column][\/vc_row]<\/p>\n","protected":false},"excerpt":{"rendered":"<p>[vc_row][vc_column][vc_column_text] 1. Nemzetk\u00f6zi Tudom\u00e1nyos \u00e9s Innov\u00e1ci\u00f3s Konferencia AI Transzform\u00e1ci\u00f3 T\u00e9m\u00e1ban [\/vc_column_text][vc_column_text] 2024. okt\u00f3ber 24-25 Budapesti Corvinus Egyetem Gell\u00e9rt Campus, 1118 Budapest, M\u00e9nesi \u00fat 5 [\/vc_column_text][\/vc_column][\/vc_row][vc_row][vc_column][vc_column_text] Az AI transzform\u00e1ci\u00f3 az AI-alap\u00fa technol\u00f3gi\u00e1k be\u00e9p\u00edt\u00e9s\u00e9t jelenti az egy\u00e9nek, szervezetek \u00e9s t\u00e1rsadalmi entit\u00e1sok term\u00e9keibe, folyamataiba \u00e9s strat\u00e9gi\u00e1iba, amely \u00faj k\u00e9pess\u00e9gek kialakul\u00e1s\u00e1hoz \u00e9s radik\u00e1lis teljes\u00edtm\u00e9nyjavul\u00e1shoz vezet a gazdas\u00e1g, az \u00fczleti [&hellip;]<\/p>\n","protected":false},"author":2,"featured_media":0,"parent":0,"menu_order":0,"comment_status":"closed","ping_status":"closed","template":"","meta":{"_exactmetrics_skip_tracking":false,"_exactmetrics_sitenote_active":false,"_exactmetrics_sitenote_note":"","_exactmetrics_sitenote_category":0,"footnotes":""},"class_list":["post-246","page","type-page","status-publish","hentry"],"_links":{"self":[{"href":"https:\/\/scitope.com\/ait24\/index.php?rest_route=\/wp\/v2\/pages\/246","targetHints":{"allow":["GET"]}}],"collection":[{"href":"https:\/\/scitope.com\/ait24\/index.php?rest_route=\/wp\/v2\/pages"}],"about":[{"href":"https:\/\/scitope.com\/ait24\/index.php?rest_route=\/wp\/v2\/types\/page"}],"author":[{"embeddable":true,"href":"https:\/\/scitope.com\/ait24\/index.php?rest_route=\/wp\/v2\/users\/2"}],"replies":[{"embeddable":true,"href":"https:\/\/scitope.com\/ait24\/index.php?rest_route=%2Fwp%2Fv2%2Fcomments&post=246"}],"version-history":[{"count":102,"href":"https:\/\/scitope.com\/ait24\/index.php?rest_route=\/wp\/v2\/pages\/246\/revisions"}],"predecessor-version":[{"id":1273,"href":"https:\/\/scitope.com\/ait24\/index.php?rest_route=\/wp\/v2\/pages\/246\/revisions\/1273"}],"wp:attachment":[{"href":"https:\/\/scitope.com\/ait24\/index.php?rest_route=%2Fwp%2Fv2%2Fmedia&parent=246"}],"curies":[{"name":"wp","href":"https:\/\/api.w.org\/{rel}","templated":true}]}}