{"id":14,"date":"2020-01-02T13:38:50","date_gmt":"2020-01-02T13:38:50","guid":{"rendered":"https:\/\/scitope.com\/coginfocom20\/?page_id=14"},"modified":"2025-09-09T19:50:20","modified_gmt":"2025-09-09T19:50:20","slug":"home","status":"publish","type":"page","link":"https:\/\/scitope.com\/ait25\/","title":{"rendered":"HOME"},"content":{"rendered":"<p>[vc_row][vc_column][vc_column_text]<\/p>\n<div class=\"container\">\n<h1 class=\"site-description\" style=\"text-align: center;\"><strong>AI Transformation 2025<\/strong><\/h1>\n<div class=\"container\">\n<h2 style=\"text-align: center;\">10 September<\/h2>\n<\/div>\n<h2 style=\"text-align: center;\">CORVINUS UNIVERSITY OF BUDAPEST, HUNGARY<br \/>\n<a href=\"https:\/\/maps.app.goo.gl\/rpZDeH8BNps2m74x6\" target=\"_blank\" rel=\"noopener\"><u>Gell\u00e9rt Campus, 1118 Budapest, M\u00e9nesi \u00fat 5<\/u><\/a><\/h2>\n<\/div>\n<p>[\/vc_column_text][\/vc_column][\/vc_row][vc_row][vc_column][vc_column_text]<\/p>\n<div class=\"container\">\n<h3 style=\"text-align: left;\"><\/h3>\n<\/div>\n<div class=\"container\"><span style=\"font-size: 20px;\">AI transformation is the incorporation of AI-based technologies into the products, processes, and strategies of individuals, organizations, and social entities that leads to new capabilities and radical performance improvements in the economy, business, management and human digital environments. Within these areas, the Conference targets the development of both new theoretical frameworks and practical solutions towards applications. <\/span><\/div>\n<p>[\/vc_column_text][vc_empty_space][\/vc_column][\/vc_row][vc_row][vc_column][vc_btn title=&#8221;Free Registration&#8221; style=&#8221;3d&#8221; color=&#8221;blue&#8221; size=&#8221;lg&#8221; align=&#8221;center&#8221; link=&#8221;url:https%3A%2F%2Fforms.gle%2F6N3Q6JP5hmdwJdzH8||target:%20_blank|&#8221;][\/vc_column][\/vc_row][vc_row][vc_column][vc_column_text]<\/p>\n<h2><span style=\"color: #344079;\">Keynote Lectures<\/span><\/h2>\n<p>[\/vc_column_text][\/vc_column][\/vc_row][vc_row][vc_column width=&#8221;1\/2&#8243;][vc_single_image image=&#8221;1293&#8243; img_size=&#8221;medium&#8221; alignment=&#8221;center&#8221; onclick=&#8221;custom_link&#8221; link=&#8221;https:\/\/scitope.com\/ait25\/?page_id=740&#8243;][\/vc_column][vc_column width=&#8221;1\/2&#8243;][vc_single_image image=&#8221;1362&#8243; img_size=&#8221;medium&#8221; alignment=&#8221;center&#8221; onclick=&#8221;custom_link&#8221; link=&#8221;https:\/\/scitope.com\/ait25\/?page_id=1352&#8243;][\/vc_column][\/vc_row][vc_row][vc_column width=&#8221;1\/2&#8243;][vc_single_image image=&#8221;1294&#8243; img_size=&#8221;medium&#8221; alignment=&#8221;center&#8221; onclick=&#8221;custom_link&#8221; link=&#8221;https:\/\/scitope.com\/ait25\/?page_id=952&#8243;][\/vc_column][vc_column width=&#8221;1\/2&#8243;][vc_single_image image=&#8221;1292&#8243; img_size=&#8221;medium&#8221; alignment=&#8221;center&#8221; onclick=&#8221;custom_link&#8221; link=&#8221;https:\/\/scitope.com\/ait25\/?page_id=730&#8243;][\/vc_column][\/vc_row][vc_row][vc_column width=&#8221;1\/2&#8243;][vc_single_image image=&#8221;1312&#8243; img_size=&#8221;medium&#8221; alignment=&#8221;center&#8221; onclick=&#8221;custom_link&#8221; link=&#8221;https:\/\/scitope.com\/ait25\/?page_id=1317&#8243;][\/vc_column][vc_column width=&#8221;1\/2&#8243;][vc_single_image image=&#8221;1329&#8243; img_size=&#8221;medium&#8221; alignment=&#8221;center&#8221; onclick=&#8221;custom_link&#8221; link=&#8221;https:\/\/scitope.com\/ait25\/?page_id=992&#8243;][\/vc_column][\/vc_row][vc_row][vc_column][vc_column_text]<\/p>\n<h2><span style=\"color: #344079;\">General Chairs<\/span><\/h2>\n<p>[\/vc_column_text][vc_column_text]<\/p>\n<div class=\"vc_row wpb_row vc_row-fluid\">\n<div class=\"wpb_column vc_column_container vc_col-sm-12\">\n<div class=\"vc_column-inner\">\n<div class=\"wpb_wrapper\">\n<div class=\"wpb_text_column wpb_content_element \">\n<div class=\"wpb_wrapper\">\n<p>Prof. P\u00e9ter Baranyi,\u00a0<em>CIAS and DAIS, <\/em><em>Corvinus University of Budapest<br \/>\n<\/em>Prof. Andrea K\u0151, <em>DAIS, <\/em><em>Corvinus University of Budapest<br \/>\n<\/em>Prof. Zolt\u00e1n Oszk\u00e1r Sz\u00e1nt\u00f3, <em>CIAS, <\/em><em>Corvinus University of Budapest<\/em><\/p>\n<\/div>\n<\/div>\n<\/div>\n<\/div>\n<\/div>\n<\/div>\n<div class=\"vc_row wpb_row vc_row-fluid\">\n<div class=\"wpb_column vc_column_container vc_col-sm-12\">\n<div class=\"vc_column-inner\">\n<div class=\"wpb_wrapper\">\n<div class=\"wpb_text_column wpb_content_element \">\n<div class=\"wpb_wrapper\"><\/div>\n<\/div>\n<\/div>\n<\/div>\n<\/div>\n<\/div>\n<p>[\/vc_column_text][\/vc_column][\/vc_row][vc_row][vc_column][vc_column_text]<\/p>\n<h2><span style=\"color: #344079;\">Keynote Chair<\/span><\/h2>\n<p>[\/vc_column_text][vc_column_text]<\/p>\n<div class=\"vc_row wpb_row vc_row-fluid\">\n<div class=\"wpb_column vc_column_container vc_col-sm-12\">\n<div class=\"vc_column-inner\">\n<div class=\"wpb_wrapper\">\n<div class=\"wpb_text_column wpb_content_element \">\n<div class=\"wpb_wrapper\">\n<p>Prof. Viktor D\u00f6rfler, <em>CIAS, <\/em><em>Corvinus University of Budapest<br \/>\n<\/em><\/p>\n<\/div>\n<\/div>\n<\/div>\n<\/div>\n<\/div>\n<\/div>\n<div class=\"vc_row wpb_row vc_row-fluid\">\n<div class=\"wpb_column vc_column_container vc_col-sm-12\">\n<div class=\"vc_column-inner\">\n<div class=\"wpb_wrapper\">\n<div class=\"wpb_text_column wpb_content_element \">\n<div class=\"wpb_wrapper\"><\/div>\n<\/div>\n<\/div>\n<\/div>\n<\/div>\n<\/div>\n<p>[\/vc_column_text][\/vc_column][\/vc_row][vc_row][vc_column][vc_column_text]<\/p>\n<h2><span style=\"color: #344079;\">Local Organisers<\/span><\/h2>\n<p>[\/vc_column_text][vc_column_text]<\/p>\n<div class=\"vc_row wpb_row vc_row-fluid\">\n<div class=\"wpb_column vc_column_container vc_col-sm-12\">\n<div class=\"vc_column-inner\">\n<div class=\"wpb_wrapper\">\n<div class=\"wpb_text_column wpb_content_element \">\n<div class=\"wpb_wrapper\">\n<p>Dr. Anna Sud\u00e1r, <em>CIAS and DAIS, <\/em><em>Corvinus University of Budapest<br \/>\n<\/em>Bal\u00e1zs Lajos Pels\u0151ci, <em>CIAS, <\/em><em>Corvinus University of Budapest<br \/>\n<\/em>Szid\u00f3nia Katalin Nagy, <em>CIAS, <\/em><em>Corvinus University of Budapest<br \/>\n<\/em>Sarolta Batta, <em>Mathias Corvinus Collegium<\/em><\/p>\n<\/div>\n<\/div>\n<\/div>\n<\/div>\n<\/div>\n<\/div>\n<p>[\/vc_column_text][\/vc_column][\/vc_row][vc_row][vc_column][vc_column_text]<\/p>\n<h2><span style=\"color: #344079;\">Organizers<\/span><\/h2>\n<p>[\/vc_column_text][\/vc_column][\/vc_row][vc_row][vc_column width=&#8221;1\/2&#8243;][vc_single_image image=&#8221;1045&#8243; img_size=&#8221;medium&#8221; alignment=&#8221;center&#8221;][\/vc_column][vc_column width=&#8221;1\/2&#8243;][vc_single_image image=&#8221;1289&#8243; img_size=&#8221;700&#215;200&#8243; alignment=&#8221;center&#8221;][\/vc_column][\/vc_row][vc_row][vc_column][vc_column_text]<\/p>\n<h2><span style=\"color: #344079;\">Scientific Co-Organizer<\/span><\/h2>\n<p>[\/vc_column_text][\/vc_column][\/vc_row][vc_row][vc_column][vc_single_image image=&#8221;1176&#8243; img_size=&#8221;700&#215;150&#8243; alignment=&#8221;center&#8221; style=&#8221;vc_box_rounded&#8221;][\/vc_column][\/vc_row][vc_row][vc_column][vc_column_text]<\/p>\n<h2>Partners<\/h2>\n<p>[\/vc_column_text][\/vc_column][\/vc_row][vc_row][vc_column][vc_single_image image=&#8221;1177&#8243; img_size=&#8221;700&#215;170&#8243; alignment=&#8221;center&#8221; style=&#8221;vc_box_rounded&#8221;][\/vc_column][\/vc_row][vc_row][vc_column][vc_column_text]<\/p>\n<h2>Scientific Community Partner<\/h2>\n<p>[\/vc_column_text][\/vc_column][\/vc_row][vc_row][vc_column][vc_single_image image=&#8221;353&#8243; img_size=&#8221;medium&#8221; alignment=&#8221;center&#8221; style=&#8221;vc_box_rounded&#8221;][\/vc_column][\/vc_row][vc_row][vc_column][vc_column_text]<\/p>\n<h2>Startup Partner<\/h2>\n<p>[\/vc_column_text][\/vc_column][\/vc_row][vc_row][vc_column][vc_single_image image=&#8221;597&#8243; img_size=&#8221;medium&#8221; alignment=&#8221;center&#8221;][\/vc_column][\/vc_row][vc_row][vc_column][vc_column_text]<\/p>\n<h2>Support<\/h2>\n<p>[\/vc_column_text][\/vc_column][\/vc_row][vc_row][vc_column][vc_single_image image=&#8221;1260&#8243; img_size=&#8221;medium&#8221; alignment=&#8221;center&#8221;][vc_column_text]<\/p>\n<h3 style=\"text-align: center;\">HURIZONT PROJECT 2025-2026 \u2013 NKFIH &#8211; 2024-1.2.3-HU-RIZONT-2024-00030<\/h3>\n<p>[\/vc_column_text][\/vc_column][\/vc_row]<\/p>\n","protected":false},"excerpt":{"rendered":"<p>[vc_row][vc_column][vc_column_text] AI Transformation 2025 10 September CORVINUS UNIVERSITY OF BUDAPEST, HUNGARY Gell\u00e9rt Campus, 1118 Budapest, M\u00e9nesi \u00fat 5 [\/vc_column_text][\/vc_column][\/vc_row][vc_row][vc_column][vc_column_text] AI transformation is the incorporation of AI-based technologies into the products, processes, and strategies of individuals, organizations, and social entities that leads to new capabilities and radical performance improvements in the economy, business, management and human [&hellip;]<\/p>\n","protected":false},"author":1,"featured_media":0,"parent":0,"menu_order":0,"comment_status":"closed","ping_status":"closed","template":"","meta":{"_exactmetrics_skip_tracking":false,"_exactmetrics_sitenote_active":false,"_exactmetrics_sitenote_note":"","_exactmetrics_sitenote_category":0,"footnotes":""},"class_list":["post-14","page","type-page","status-publish","hentry"],"_links":{"self":[{"href":"https:\/\/scitope.com\/ait25\/index.php?rest_route=\/wp\/v2\/pages\/14","targetHints":{"allow":["GET"]}}],"collection":[{"href":"https:\/\/scitope.com\/ait25\/index.php?rest_route=\/wp\/v2\/pages"}],"about":[{"href":"https:\/\/scitope.com\/ait25\/index.php?rest_route=\/wp\/v2\/types\/page"}],"author":[{"embeddable":true,"href":"https:\/\/scitope.com\/ait25\/index.php?rest_route=\/wp\/v2\/users\/1"}],"replies":[{"embeddable":true,"href":"https:\/\/scitope.com\/ait25\/index.php?rest_route=%2Fwp%2Fv2%2Fcomments&post=14"}],"version-history":[{"count":328,"href":"https:\/\/scitope.com\/ait25\/index.php?rest_route=\/wp\/v2\/pages\/14\/revisions"}],"predecessor-version":[{"id":1363,"href":"https:\/\/scitope.com\/ait25\/index.php?rest_route=\/wp\/v2\/pages\/14\/revisions\/1363"}],"wp:attachment":[{"href":"https:\/\/scitope.com\/ait25\/index.php?rest_route=%2Fwp%2Fv2%2Fmedia&parent=14"}],"curies":[{"name":"wp","href":"https:\/\/api.w.org\/{rel}","templated":true}]}}