{"id":18,"date":"2020-01-02T13:39:38","date_gmt":"2020-01-02T13:39:38","guid":{"rendered":"https:\/\/scitope.com\/coginfocom20\/?page_id=18"},"modified":"2025-03-24T13:32:06","modified_gmt":"2025-03-24T13:32:06","slug":"organizers","status":"publish","type":"page","link":"https:\/\/scitope.com\/ait25\/?page_id=18","title":{"rendered":"Venue"},"content":{"rendered":"<p>[vc_row][vc_column][vc_column_text]<\/p>\n<h1>Conference Venue<\/h1>\n<h3><span style=\"color: #000000;\">Budapest, Hungary<\/span><\/h3>\n<h3>Gell\u00e9rt Campus, Corvinus University of Budapest<\/h3>\n<h3>M\u00e9nesi \u00fat 5, 1118 Budapest<\/h3>\n<p>[\/vc_column_text][vc_gmaps link=&#8221;#E-8_JTNDaWZyYW1lJTIwc3JjJTNEJTIyaHR0cHMlM0ElMkYlMkZ3d3cuZ29vZ2xlLmNvbSUyRm1hcHMlMkZlbWJlZCUzRnBiJTNEJTIxMW0xOCUyMTFtMTIlMjExbTMlMjExZDMzMTcuOTI5ODIxNjg2NTE5JTIxMmQxOS4wNDU5ODM0NzY3ODcxNDYlMjEzZDQ3LjQ4MDYzMjM5NjY2NzA3JTIxMm0zJTIxMWYwJTIxMmYwJTIxM2YwJTIxM20yJTIxMWkxMDI0JTIxMmk3NjglMjE0ZjEzLjElMjEzbTMlMjExbTIlMjExczB4NDc0MWRkYTZkMGRjZTQ2ZCUyNTNBMHg4NGI0YmNhM2M1OWMxZDYwJTIxMnNCdWRhcGVzdGklMjUyMENvcnZpbnVzJTI1MjBFZ3lldGVtJTI1MkMlMjUyMEdlbGwlMjVDMyUyNUE5cnQlMjUyMENhbXB1cyUyMTVlMSUyMTNtMiUyMTFzaHUlMjEyc2h1JTIxNHYxNzI4NTY5ODE1MzU5JTIxNW0yJTIxMXNodSUyMTJzaHUlMjIlMjB3aWR0aCUzRCUyMjYwMCUyMiUyMGhlaWdodCUzRCUyMjQ1MCUyMiUyMHN0eWxlJTNEJTIyYm9yZGVyJTNBMCUzQiUyMiUyMGFsbG93ZnVsbHNjcmVlbiUzRCUyMiUyMiUyMGxvYWRpbmclM0QlMjJsYXp5JTIyJTIwcmVmZXJyZXJwb2xpY3klM0QlMjJuby1yZWZlcnJlci13aGVuLWRvd25ncmFkZSUyMiUzRSUzQyUyRmlmcmFtZSUzRQ==&#8221;][\/vc_column][\/vc_row][vc_row][vc_column][vc_column_text]<\/p>\n<h2>Transportation to Gell\u00e9rt Campus<\/h2>\n<p>The conference will take place at <strong>Gell\u00e9rt Campus<\/strong>, which is easily accessible by public transport. Recommended transportation options:<\/p>\n<ul>\n<li><strong>By Metro:<\/strong> Take Metro Line 4 (Green) to Szent Gell\u00e9rt t\u00e9r station. From there, it&#8217;s a 5-minute walk to the campus.<\/li>\n<li><strong>By Tram:<\/strong> Tram lines 47, 49, and 19 stop at Szent Gell\u00e9rt t\u00e9r. The campus is a short walk from the tram stop.<\/li>\n<li><strong>By Bus:<\/strong> Bus line 7 stops at Szent Gell\u00e9rt t\u00e9r, and the campus is a 5-minute walk from there.<\/li>\n<li><strong>By Taxi:<\/strong> Taxis are widely available in Budapest and can drop you directly at the campus.<\/li>\n<li><strong>By Car:<\/strong> Street parking is available but it requires a fee of 450 HUF\/hour from 8:00 AM to 8:00 PM.<\/li>\n<\/ul>\n<p>[\/vc_column_text][\/vc_column][\/vc_row][vc_row][vc_column][vc_column_text]<\/p>\n<h2>Lunch Options Near the Conference Venue<\/h2>\n<p>During the AI Transformation Conference, we recommend the following places for lunch near the Gell\u00e9rt Campus.:<\/p>\n<ul>\n<li><strong>Hadik Caf\u00e9<\/strong>.<strong>Address<\/strong>: Bart\u00f3k B\u00e9la \u00fat 36<b>, <\/b>5-minute walk from the campus<\/li>\n<li><strong>Szatyor B\u00e1r \u00e9s Gal\u00e9ria: <\/strong>Bart\u00f3k B\u00e9la \u00fat 36, 5-minute walk from the campus.<\/li>\n<li><strong>Arriba Taqueria: <\/strong>Bart\u00f3k B\u00e9la \u00fat 35, 4-minute walk from the campus.<\/li>\n<li><strong>ONO Pok\u00e9 Bowl: <\/strong>Bart\u00f3k B\u00e9la \u00fat 25, 3-minute walk from the campus.<\/li>\n<\/ul>\n<p>[\/vc_column_text][\/vc_column][\/vc_row]<\/p>\n","protected":false},"excerpt":{"rendered":"<p>[vc_row][vc_column][vc_column_text] Conference Venue Budapest, Hungary Gell\u00e9rt Campus, Corvinus University of Budapest M\u00e9nesi \u00fat 5, 1118 Budapest [\/vc_column_text][vc_gmaps link=&#8221;#E-8_JTNDaWZyYW1lJTIwc3JjJTNEJTIyaHR0cHMlM0ElMkYlMkZ3d3cuZ29vZ2xlLmNvbSUyRm1hcHMlMkZlbWJlZCUzRnBiJTNEJTIxMW0xOCUyMTFtMTIlMjExbTMlMjExZDMzMTcuOTI5ODIxNjg2NTE5JTIxMmQxOS4wNDU5ODM0NzY3ODcxNDYlMjEzZDQ3LjQ4MDYzMjM5NjY2NzA3JTIxMm0zJTIxMWYwJTIxMmYwJTIxM2YwJTIxM20yJTIxMWkxMDI0JTIxMmk3NjglMjE0ZjEzLjElMjEzbTMlMjExbTIlMjExczB4NDc0MWRkYTZkMGRjZTQ2ZCUyNTNBMHg4NGI0YmNhM2M1OWMxZDYwJTIxMnNCdWRhcGVzdGklMjUyMENvcnZpbnVzJTI1MjBFZ3lldGVtJTI1MkMlMjUyMEdlbGwlMjVDMyUyNUE5cnQlMjUyMENhbXB1cyUyMTVlMSUyMTNtMiUyMTFzaHUlMjEyc2h1JTIxNHYxNzI4NTY5ODE1MzU5JTIxNW0yJTIxMXNodSUyMTJzaHUlMjIlMjB3aWR0aCUzRCUyMjYwMCUyMiUyMGhlaWdodCUzRCUyMjQ1MCUyMiUyMHN0eWxlJTNEJTIyYm9yZGVyJTNBMCUzQiUyMiUyMGFsbG93ZnVsbHNjcmVlbiUzRCUyMiUyMiUyMGxvYWRpbmclM0QlMjJsYXp5JTIyJTIwcmVmZXJyZXJwb2xpY3klM0QlMjJuby1yZWZlcnJlci13aGVuLWRvd25ncmFkZSUyMiUzRSUzQyUyRmlmcmFtZSUzRQ==&#8221;][\/vc_column][\/vc_row][vc_row][vc_column][vc_column_text] Transportation to Gell\u00e9rt Campus The conference will take place at Gell\u00e9rt Campus, which is easily accessible by public transport. Recommended transportation options: By Metro: Take Metro Line 4 (Green) to Szent Gell\u00e9rt t\u00e9r station. From there, it&#8217;s [&hellip;]<\/p>\n","protected":false},"author":1,"featured_media":0,"parent":0,"menu_order":0,"comment_status":"closed","ping_status":"closed","template":"","meta":{"_exactmetrics_skip_tracking":false,"_exactmetrics_sitenote_active":false,"_exactmetrics_sitenote_note":"","_exactmetrics_sitenote_category":0,"footnotes":""},"class_list":["post-18","page","type-page","status-publish","hentry"],"_links":{"self":[{"href":"https:\/\/scitope.com\/ait25\/index.php?rest_route=\/wp\/v2\/pages\/18","targetHints":{"allow":["GET"]}}],"collection":[{"href":"https:\/\/scitope.com\/ait25\/index.php?rest_route=\/wp\/v2\/pages"}],"about":[{"href":"https:\/\/scitope.com\/ait25\/index.php?rest_route=\/wp\/v2\/types\/page"}],"author":[{"embeddable":true,"href":"https:\/\/scitope.com\/ait25\/index.php?rest_route=\/wp\/v2\/users\/1"}],"replies":[{"embeddable":true,"href":"https:\/\/scitope.com\/ait25\/index.php?rest_route=%2Fwp%2Fv2%2Fcomments&post=18"}],"version-history":[{"count":42,"href":"https:\/\/scitope.com\/ait25\/index.php?rest_route=\/wp\/v2\/pages\/18\/revisions"}],"predecessor-version":[{"id":1282,"href":"https:\/\/scitope.com\/ait25\/index.php?rest_route=\/wp\/v2\/pages\/18\/revisions\/1282"}],"wp:attachment":[{"href":"https:\/\/scitope.com\/ait25\/index.php?rest_route=%2Fwp%2Fv2%2Fmedia&parent=18"}],"curies":[{"name":"wp","href":"https:\/\/api.w.org\/{rel}","templated":true}]}}