{"id":14,"date":"2020-01-02T13:38:50","date_gmt":"2020-01-02T13:38:50","guid":{"rendered":"https:\/\/scitope.com\/coginfocom20\/?page_id=14"},"modified":"2022-03-01T15:48:38","modified_gmt":"2022-03-01T15:48:38","slug":"home","status":"publish","type":"page","link":"https:\/\/scitope.com\/benip22\/","title":{"rendered":"HOME"},"content":{"rendered":"<p>[vc_row][vc_column][vc_column_text]<\/p>\n<div class=\"container\">\n<h1 class=\"site-description\" style=\"text-align: center;\"><strong>1st International Conference on Built Environment Information Platform<\/strong><\/h1>\n<h2 style=\"text-align: center;\">6-7 October 2022, Gy\u0151r, Hungary<\/h2>\n<\/div>\n<h3 style=\"text-align: center;\">IEEE Sponsorship is under process<\/h3>\n<p>[\/vc_column_text][\/vc_column][\/vc_row][vc_row][vc_column][vc_column_text]<\/p>\n<h3 style=\"text-align: center;\">SPECIAL JOURNAL ISSUES\u00a0 WILL BE PUBLISHED BASED ON THE EXTENDED VERSIONS OF SELECTED PAPERS<\/h3>\n<p>[\/vc_column_text][\/vc_column][\/vc_row][vc_row][vc_column][vc_column_text]<\/p>\n<div class=\"container\">\n<h3 style=\"text-align: left;\"><span style=\"font-size: 30px;\">Scope<\/span><\/h3>\n<\/div>\n<div class=\"container\">\n<p>Built Environment Information Platform (BENIP) is the concept of smart and system-oriented city planning and development spanning over the domains of architecture, civil, and transportation engineering highly integrated with the concept of Digital Realities such as virtual reality (including augmented reality, virtual and digital simulations and twins), artificial intelligence and 2D digital platforms which creates a highly contextual information platform. BENIP focuses on both the theoretical and practical aspects of the connected and chained world of engineering in the whole scale of the built environment from the smaller entities of architecture (buildings) through the civil engineering domain (complex structures) to the big systems of transportation.<\/p>\n<\/div>\n<p>[\/vc_column_text][\/vc_column][\/vc_row][vc_row][vc_column][vc_column_text]<\/p>\n<h2>Topics<\/h2>\n<p>The conference is open to topic proposals. Please <a href=\"https:\/\/forms.gle\/RJHD97DkxRSHVrny8\">click HERE<\/a> to submit your proposal.[\/vc_column_text][\/vc_column][\/vc_row][vc_row][vc_column][vc_column_text]<\/p>\n<p style=\"font-weight: 400;\"><strong>Structural engineering<br \/>\n<\/strong><strong>Constructions<br \/>\n<\/strong><strong>Geotechnics<br \/>\n<\/strong><strong>Road operation<br \/>\n<\/strong><strong>Road design<br \/>\n<\/strong><strong>Railway infrastructure<\/strong>\u00a0<strong><br \/>\n<\/strong><strong>Water resources<br \/>\n<\/strong><strong>Transport system planning<br \/>\n<\/strong><strong>Public transport<br \/>\n<\/strong><strong>Architecture<br \/>\n<\/strong><strong>Modelling transport<br \/>\n<\/strong><strong>BIM \u2013 Building Information Modell\/Management<br \/>\n<\/strong><strong>Interdisciplinary challenges<\/strong><\/p>\n<p>[\/vc_column_text][\/vc_column][\/vc_row][vc_row][vc_column][vc_column_text]<\/p>\n<h2><span style=\"color: #800000;\">Committees<\/span><\/h2>\n<p>[\/vc_column_text][\/vc_column][\/vc_row][vc_row][vc_column][vc_column_text]<strong>Chairs<\/strong><br \/>\nBal\u00e1zs Horv\u00e1th, <i><small>Sz\u00e9chenyi Istv\u00e1n University, Hungary<br \/>\n<\/small><\/i>Dragan Marinkovic, <i><small>U Berlin, Germany, University of Nis, Serbia<\/small><\/i><\/p>\n<p><strong>Honorary Chairs<br \/>\n<\/strong>P\u00e9ter Baranyi,\u00a0<i><small>Sz\u00e9chenyi Istv\u00e1n University, Hungary<br \/>\n<\/small><\/i>Domenico Gattuso<strong>, <\/strong><i><small><em>Mediterranea University of Reggio Calabria<br \/>\n<\/em><\/small><\/i>Erich Bauer<strong>, <\/strong><i><small><em>Graz University of Technology, Austria<\/em><\/small><\/i><\/p>\n<p><strong>International Scientific Board<br \/>\n<\/strong>Christoph J. Menzel, <i><small><em>Universit\u00e4t Ostfalia, Germany<\/em><\/small><\/i><strong><br \/>\n<\/strong>Andrzej Szarata,<em> <i><small>Politechnika Krakowska im. T. Ko\u015bciuszki, Poland<\/small><\/i><\/em><i><small><br \/>\n<\/small><\/i>Morteza Esmaeili, <i><small>Iran University of Science and Technology, Iran<\/small><\/i><br \/>\nL\u00f3g\u00f3 J\u00e1nos, <i><small>Budapest University of Technology and Economics, Hungary<br \/>\n<\/small><\/i>Mari\u00e1n Gogola<em>, <i><small>University of Zilina, Slovakia<br \/>\n<\/small><\/i><\/em>Benedetto Barabino<strong>, <\/strong><i><small><em>Brescia University, Italy<br \/>\n<\/em><\/small><\/i>Giuseppina Pappalardo<strong>, <\/strong><i><small><em>University of Catania, Italy<br \/>\n<\/em><\/small><\/i>Mariusz Kie\u0107<strong>, <\/strong><i><small><em>Cracow University of Technology, Poland<br \/>\n<\/em><\/small><\/i>J\u00e1nos T\u00f3th, <i><small><em>Budapest University of Technology and Economics, Hungary<\/em><\/small><\/i><br \/>\nIstv\u00e1n Varga, <i><small>Budapest University of Technology and Economics, Hungary<\/small><\/i><\/p>\n<p><strong>International Organizing Committee<br \/>\n<\/strong>Michele Ottomanelli<strong>, <\/strong><i><small><em>Polytechnic University of Bari, Italy<br \/>\n<\/em><\/small><\/i>Majid Movahedi Rad, <em><i><small>Sz\u00e9chenyi Istv\u00e1n University, Hungary<br \/>\n<\/small><\/i><\/em>Andr\u00e1s V\u00e1rhelyi<strong>, <\/strong><i><small><em>Lund University<br \/>\n<\/em><\/small><\/i>J\u00e1nos Sz\u00e9p, <i><small>Sz\u00e9chenyi Istv\u00e1n University, Hungary<\/small><\/i><em><i><small><br \/>\n<\/small><\/i><\/em>Attila Borsos, <i><small>Sz\u00e9chenyi Istv\u00e1n University, Hungar<br \/>\n<\/small><\/i>Peyman Aela<strong>, <\/strong><i><small><em>The Hong Kong Polytechnic University<\/em><\/small><\/i><i><small><\/small><\/i><\/p>\n<p><strong>Technical Program Committee Chair<br \/>\n<\/strong>Szabolcs Fischer, <em><i><small>Sz\u00e9chenyi Istv\u00e1n University, Hungary<\/small><\/i><\/em><\/p>\n<p><strong>Publication Chair<\/strong><\/p>\n<p><strong>Treasurer<\/strong><br \/>\nAnik\u00f3 Szak\u00e1l, <i><small>\u00d3buda University, Hungary<\/small><\/i>[\/vc_column_text][\/vc_column][\/vc_row][vc_row][vc_column][vc_column_text]<\/p>\n<h2><span style=\"color: #800000;\">Organizers<\/span><\/h2>\n<p>[\/vc_column_text][\/vc_column][\/vc_row][vc_row][vc_column width=&#8221;1\/3&#8243;][vc_column_text][\/vc_column_text][\/vc_column][vc_column width=&#8221;1\/3&#8243;][vc_single_image image=&#8221;145&#8243; img_size=&#8221;medium&#8221; alignment=&#8221;center&#8221; style=&#8221;vc_box_rounded&#8221;][vc_column_text]<\/p>\n<h3 style=\"text-align: center;\">Sz\u00e9chenyi Istv\u00e1n University<\/h3>\n<p>[\/vc_column_text][\/vc_column][vc_column width=&#8221;1\/3&#8243;][\/vc_column][\/vc_row][vc_row][vc_column width=&#8221;1\/2&#8243;][vc_column_text]<\/p>\n<h4 style=\"text-align: center;\">Multidisciplinary Ph.D. School of Engineering<\/h4>\n<p>[\/vc_column_text][\/vc_column][vc_column width=&#8221;1\/2&#8243;][vc_column_text]<\/p>\n<h4 style=\"text-align: center;\">Faculty of Architecture Civil Engineering and Transportation Engineering<\/h4>\n<p>[\/vc_column_text][\/vc_column][\/vc_row][vc_row][vc_column][vc_separator color=&#8221;black&#8221; style=&#8221;shadow&#8221;][\/vc_column][\/vc_row][vc_row][vc_column][vc_column_text]<\/p>\n<h2 style=\"text-align: center;\"><strong>SCIENTIFIC CO-SPONSORS<\/strong><\/h2>\n<p>[\/vc_column_text][\/vc_column][\/vc_row][vc_row][vc_column][vc_single_image image=&#8221;490&#8243; img_size=&#8221;medium&#8221; alignment=&#8221;center&#8221;][vc_column_text]<\/p>\n<h3 style=\"text-align: center;\">Hungarian Transport Science Association<\/h3>\n<p>[\/vc_column_text][vc_single_image image=&#8221;491&#8243; img_size=&#8221;medium&#8221; alignment=&#8221;center&#8221;][vc_column_text]<\/p>\n<h3 style=\"text-align: center;\">European Platform of Transport Sciences<\/h3>\n<p>[\/vc_column_text][\/vc_column][\/vc_row]<\/p>\n","protected":false},"excerpt":{"rendered":"<p>[vc_row][vc_column][vc_column_text] 1st International Conference on Built Environment Information Platform 6-7 October 2022, Gy\u0151r, Hungary IEEE Sponsorship is under process [\/vc_column_text][\/vc_column][\/vc_row][vc_row][vc_column][vc_column_text] SPECIAL JOURNAL ISSUES\u00a0 WILL BE PUBLISHED BASED ON THE EXTENDED VERSIONS OF SELECTED PAPERS [\/vc_column_text][\/vc_column][\/vc_row][vc_row][vc_column][vc_column_text] Scope Built Environment Information Platform (BENIP) is the concept of smart and system-oriented city planning and development spanning over the [&hellip;]<\/p>\n","protected":false},"author":1,"featured_media":0,"parent":0,"menu_order":0,"comment_status":"closed","ping_status":"closed","template":"","meta":{"footnotes":""},"class_list":["post-14","page","type-page","status-publish","hentry"],"_links":{"self":[{"href":"https:\/\/scitope.com\/benip22\/index.php?rest_route=\/wp\/v2\/pages\/14","targetHints":{"allow":["GET"]}}],"collection":[{"href":"https:\/\/scitope.com\/benip22\/index.php?rest_route=\/wp\/v2\/pages"}],"about":[{"href":"https:\/\/scitope.com\/benip22\/index.php?rest_route=\/wp\/v2\/types\/page"}],"author":[{"embeddable":true,"href":"https:\/\/scitope.com\/benip22\/index.php?rest_route=\/wp\/v2\/users\/1"}],"replies":[{"embeddable":true,"href":"https:\/\/scitope.com\/benip22\/index.php?rest_route=%2Fwp%2Fv2%2Fcomments&post=14"}],"version-history":[{"count":78,"href":"https:\/\/scitope.com\/benip22\/index.php?rest_route=\/wp\/v2\/pages\/14\/revisions"}],"predecessor-version":[{"id":522,"href":"https:\/\/scitope.com\/benip22\/index.php?rest_route=\/wp\/v2\/pages\/14\/revisions\/522"}],"wp:attachment":[{"href":"https:\/\/scitope.com\/benip22\/index.php?rest_route=%2Fwp%2Fv2%2Fmedia&parent=14"}],"curies":[{"name":"wp","href":"https:\/\/api.w.org\/{rel}","templated":true}]}}