{"id":10,"date":"2020-01-02T13:38:10","date_gmt":"2020-01-02T13:38:10","guid":{"rendered":"https:\/\/scitope.com\/coginfocom20\/?page_id=10"},"modified":"2022-04-11T15:40:18","modified_gmt":"2022-04-11T15:40:18","slug":"contact-us","status":"publish","type":"page","link":"https:\/\/scitope.com\/cas2022\/?page_id=10","title":{"rendered":"Kapcsolat"},"content":{"rendered":"<p>[vc_row][vc_column][vc_column_text]<\/p>\n<h5>K\u00e9rd\u00e9s eset\u00e9n k\u00e9rj\u00fck az al\u00e1bbi email c\u00edmen vegye fel vel\u00fcnk a kapcsolatot:<\/h5>\n<h5><a href=\"contact@scitope.com\" target=\"_blank\" rel=\"noopener noreferrer\">contact@scitope.com<\/a><\/h5>\n<p>[\/vc_column_text][\/vc_column][\/vc_row]<\/p>\n","protected":false},"excerpt":{"rendered":"<p>[vc_row][vc_column][vc_column_text] K\u00e9rd\u00e9s eset\u00e9n k\u00e9rj\u00fck az al\u00e1bbi email c\u00edmen vegye fel vel\u00fcnk a kapcsolatot: contact@scitope.com [\/vc_column_text][\/vc_column][\/vc_row]<\/p>\n","protected":false},"author":1,"featured_media":0,"parent":0,"menu_order":0,"comment_status":"closed","ping_status":"closed","template":"","meta":{"footnotes":""},"class_list":["post-10","page","type-page","status-publish","hentry"],"_links":{"self":[{"href":"https:\/\/scitope.com\/cas2022\/index.php?rest_route=\/wp\/v2\/pages\/10","targetHints":{"allow":["GET"]}}],"collection":[{"href":"https:\/\/scitope.com\/cas2022\/index.php?rest_route=\/wp\/v2\/pages"}],"about":[{"href":"https:\/\/scitope.com\/cas2022\/index.php?rest_route=\/wp\/v2\/types\/page"}],"author":[{"embeddable":true,"href":"https:\/\/scitope.com\/cas2022\/index.php?rest_route=\/wp\/v2\/users\/1"}],"replies":[{"embeddable":true,"href":"https:\/\/scitope.com\/cas2022\/index.php?rest_route=%2Fwp%2Fv2%2Fcomments&post=10"}],"version-history":[{"count":10,"href":"https:\/\/scitope.com\/cas2022\/index.php?rest_route=\/wp\/v2\/pages\/10\/revisions"}],"predecessor-version":[{"id":599,"href":"https:\/\/scitope.com\/cas2022\/index.php?rest_route=\/wp\/v2\/pages\/10\/revisions\/599"}],"wp:attachment":[{"href":"https:\/\/scitope.com\/cas2022\/index.php?rest_route=%2Fwp%2Fv2%2Fmedia&parent=10"}],"curies":[{"name":"wp","href":"https:\/\/api.w.org\/{rel}","templated":true}]}}