{"id":12,"date":"2020-01-02T13:38:29","date_gmt":"2020-01-02T13:38:29","guid":{"rendered":"https:\/\/scitope.com\/coginfocom20\/?page_id=12"},"modified":"2022-04-27T12:40:39","modified_gmt":"2022-04-27T12:40:39","slug":"dates","status":"publish","type":"page","link":"https:\/\/scitope.com\/cas2022\/?page_id=12","title":{"rendered":"Konferencia cikkek beny\u00fajt\u00e1sa"},"content":{"rendered":"<p>[vc_row][vc_column][vc_column_text]<\/p>\n<h4 style=\"text-align: left;\">Konferencia absztrakt beny\u00fajt\u00e1sa:<strong> m\u00e1jus 22.<\/strong><\/h4>\n<h4>B\u0151v\u00edtett konferencia cikk beny\u00fajt\u00e1sa: <strong>j\u00falius 31.<\/strong><\/h4>\n<p>&nbsp;<\/p>\n<h4>Konferencia absztrakt:<\/h4>\n<p>950-1000 karakter (sz\u00f3k\u00f6z\u00f6kkel) sz\u00f6veg, referenci\u00e1kkal egy\u00fctt.<\/p>\n<h4>B\u0151v\u00edtett konferencia cikk:<\/h4>\n<p>6-7 oldal \u00e1br\u00e1kkal, referenci\u00e1kkal egy\u00fctt.[\/vc_column_text][\/vc_column][\/vc_row][vc_row][vc_column][vc_column_text]<\/p>\n<h4>K\u00e9rj\u00fck, az absztraktokat \u00e9s cikkeiket a contact@scitope.com email c\u00edmre k\u00fcldj\u00e9k.<\/h4>\n<p>[\/vc_column_text][\/vc_column][\/vc_row]<\/p>\n","protected":false},"excerpt":{"rendered":"<p>[vc_row][vc_column][vc_column_text] Konferencia absztrakt beny\u00fajt\u00e1sa: m\u00e1jus 22. B\u0151v\u00edtett konferencia cikk beny\u00fajt\u00e1sa: j\u00falius 31. &nbsp; Konferencia absztrakt: 950-1000 karakter (sz\u00f3k\u00f6z\u00f6kkel) sz\u00f6veg, referenci\u00e1kkal egy\u00fctt. B\u0151v\u00edtett konferencia cikk: 6-7 oldal \u00e1br\u00e1kkal, referenci\u00e1kkal egy\u00fctt.[\/vc_column_text][\/vc_column][\/vc_row][vc_row][vc_column][vc_column_text] K\u00e9rj\u00fck, az absztraktokat \u00e9s cikkeiket a contact@scitope.com email c\u00edmre k\u00fcldj\u00e9k. [\/vc_column_text][\/vc_column][\/vc_row]<\/p>\n","protected":false},"author":1,"featured_media":0,"parent":0,"menu_order":0,"comment_status":"closed","ping_status":"closed","template":"","meta":{"footnotes":""},"class_list":["post-12","page","type-page","status-publish","hentry"],"_links":{"self":[{"href":"https:\/\/scitope.com\/cas2022\/index.php?rest_route=\/wp\/v2\/pages\/12","targetHints":{"allow":["GET"]}}],"collection":[{"href":"https:\/\/scitope.com\/cas2022\/index.php?rest_route=\/wp\/v2\/pages"}],"about":[{"href":"https:\/\/scitope.com\/cas2022\/index.php?rest_route=\/wp\/v2\/types\/page"}],"author":[{"embeddable":true,"href":"https:\/\/scitope.com\/cas2022\/index.php?rest_route=\/wp\/v2\/users\/1"}],"replies":[{"embeddable":true,"href":"https:\/\/scitope.com\/cas2022\/index.php?rest_route=%2Fwp%2Fv2%2Fcomments&post=12"}],"version-history":[{"count":18,"href":"https:\/\/scitope.com\/cas2022\/index.php?rest_route=\/wp\/v2\/pages\/12\/revisions"}],"predecessor-version":[{"id":637,"href":"https:\/\/scitope.com\/cas2022\/index.php?rest_route=\/wp\/v2\/pages\/12\/revisions\/637"}],"wp:attachment":[{"href":"https:\/\/scitope.com\/cas2022\/index.php?rest_route=%2Fwp%2Fv2%2Fmedia&parent=12"}],"curies":[{"name":"wp","href":"https:\/\/api.w.org\/{rel}","templated":true}]}}