{"id":24,"date":"2020-01-02T13:40:48","date_gmt":"2020-01-02T13:40:48","guid":{"rendered":"https:\/\/scitope.com\/coginfocom20\/?page_id=24"},"modified":"2022-05-20T14:55:42","modified_gmt":"2022-05-20T14:55:42","slug":"registration-fees","status":"publish","type":"page","link":"https:\/\/scitope.com\/cas2022\/?page_id=24","title":{"rendered":"Regisztr\u00e1ci\u00f3"},"content":{"rendered":"<p>[vc_row][vc_column][vc_column_text]<\/p>\n<h2 style=\"text-align: center;\"><strong>K\u00e9rj\u00fck t\u00f6ltse ki a regisztr\u00e1ci\u00f3s \u0171rlapot 2022. j\u00fanius 7. 24:00-ig<\/strong><\/h2>\n<p>[\/vc_column_text][\/vc_column][\/vc_row][vc_row][vc_column][vc_column_text]<\/p>\n<p style=\"text-align: center;\"><iframe loading=\"lazy\" src=\"https:\/\/docs.google.com\/forms\/d\/e\/1FAIpQLSdINwTpGJLzJGwSkIj3JD69wEmaB-Wmu4bysIZ1i1KmTeVGXQ\/viewform?embedded=true\" width=\"640\" height=\"915\" frameborder=\"0\" marginwidth=\"0\" marginheight=\"0\">Bet\u00f6lt\u00e9s\u2026<\/iframe><\/p>\n<p>[\/vc_column_text][\/vc_column][\/vc_row]<\/p>\n","protected":false},"excerpt":{"rendered":"<p>[vc_row][vc_column][vc_column_text] K\u00e9rj\u00fck t\u00f6ltse ki a regisztr\u00e1ci\u00f3s \u0171rlapot 2022. j\u00fanius 7. 24:00-ig [\/vc_column_text][\/vc_column][\/vc_row][vc_row][vc_column][vc_column_text] Bet\u00f6lt\u00e9s\u2026 [\/vc_column_text][\/vc_column][\/vc_row]<\/p>\n","protected":false},"author":1,"featured_media":0,"parent":0,"menu_order":0,"comment_status":"closed","ping_status":"closed","template":"","meta":{"footnotes":""},"class_list":["post-24","page","type-page","status-publish","hentry"],"_links":{"self":[{"href":"https:\/\/scitope.com\/cas2022\/index.php?rest_route=\/wp\/v2\/pages\/24","targetHints":{"allow":["GET"]}}],"collection":[{"href":"https:\/\/scitope.com\/cas2022\/index.php?rest_route=\/wp\/v2\/pages"}],"about":[{"href":"https:\/\/scitope.com\/cas2022\/index.php?rest_route=\/wp\/v2\/types\/page"}],"author":[{"embeddable":true,"href":"https:\/\/scitope.com\/cas2022\/index.php?rest_route=\/wp\/v2\/users\/1"}],"replies":[{"embeddable":true,"href":"https:\/\/scitope.com\/cas2022\/index.php?rest_route=%2Fwp%2Fv2%2Fcomments&post=24"}],"version-history":[{"count":28,"href":"https:\/\/scitope.com\/cas2022\/index.php?rest_route=\/wp\/v2\/pages\/24\/revisions"}],"predecessor-version":[{"id":659,"href":"https:\/\/scitope.com\/cas2022\/index.php?rest_route=\/wp\/v2\/pages\/24\/revisions\/659"}],"wp:attachment":[{"href":"https:\/\/scitope.com\/cas2022\/index.php?rest_route=%2Fwp%2Fv2%2Fmedia&parent=24"}],"curies":[{"name":"wp","href":"https:\/\/api.w.org\/{rel}","templated":true}]}}