{"id":30,"date":"2020-01-02T13:41:56","date_gmt":"2020-01-02T13:41:56","guid":{"rendered":"https:\/\/scitope.com\/coginfocom20\/?page_id=30"},"modified":"2022-05-09T14:55:10","modified_gmt":"2022-05-09T14:55:10","slug":"tracks-sessions","status":"publish","type":"page","link":"https:\/\/scitope.com\/cas2022\/?page_id=30","title":{"rendered":"Helysz\u00edn"},"content":{"rendered":"<p>[vc_row][vc_column][vc_column_text]<\/p>\n<h2>M\u00fazeumh\u00e1z<\/h2>\n<h3>Gy\u0151r, B\u00e9csi kapu t\u00e9r 4, 9021<\/h3>\n<p>[\/vc_column_text][vc_gmaps link=&#8221;#E-8_JTNDaWZyYW1lJTIwc3JjJTNEJTIyaHR0cHMlM0ElMkYlMkZ3d3cuZ29vZ2xlLmNvbSUyRm1hcHMlMkZlbWJlZCUzRnBiJTNEJTIxMW0xOCUyMTFtMTIlMjExbTMlMjExZDI2ODUuODM0NDQ4NTk0ODAyMyUyMTJkMTcuNjI4NjU3MjE1NjMzMjkzJTIxM2Q0Ny42ODc2MzQ5NzkxOTAxMTUlMjEybTMlMjExZjAlMjEyZjAlMjEzZjAlMjEzbTIlMjExaTEwMjQlMjEyaTc2OCUyMTRmMTMuMSUyMTNtMyUyMTFtMiUyMTFzMHg0NzZiYmZlNDI2NTkwYmI3JTI1M0EweGI0NjNlZjVmN2M5ZjE5MDMlMjEyelRjTzZlbVYxYldqRG9Yb2dSM25Ga1hJJTIxNWUwJTIxM20yJTIxMXNodSUyMTJzaHUlMjE0djE2NTIxMDgwNjQxMDklMjE1bTIlMjExc2h1JTIxMnNodSUyMiUyMHdpZHRoJTNEJTIyNjAwJTIyJTIwaGVpZ2h0JTNEJTIyNDUwJTIyJTIwc3R5bGUlM0QlMjJib3JkZXIlM0EwJTNCJTIyJTIwYWxsb3dmdWxsc2NyZWVuJTNEJTIyJTIyJTIwbG9hZGluZyUzRCUyMmxhenklMjIlMjByZWZlcnJlcnBvbGljeSUzRCUyMm5vLXJlZmVycmVyLXdoZW4tZG93bmdyYWRlJTIyJTNFJTNDJTJGaWZyYW1lJTNF&#8221;][\/vc_column][\/vc_row]<\/p>\n","protected":false},"excerpt":{"rendered":"<p>[vc_row][vc_column][vc_column_text] M\u00fazeumh\u00e1z Gy\u0151r, B\u00e9csi kapu t\u00e9r 4, 9021 [\/vc_column_text][vc_gmaps link=&#8221;#E-8_JTNDaWZyYW1lJTIwc3JjJTNEJTIyaHR0cHMlM0ElMkYlMkZ3d3cuZ29vZ2xlLmNvbSUyRm1hcHMlMkZlbWJlZCUzRnBiJTNEJTIxMW0xOCUyMTFtMTIlMjExbTMlMjExZDI2ODUuODM0NDQ4NTk0ODAyMyUyMTJkMTcuNjI4NjU3MjE1NjMzMjkzJTIxM2Q0Ny42ODc2MzQ5NzkxOTAxMTUlMjEybTMlMjExZjAlMjEyZjAlMjEzZjAlMjEzbTIlMjExaTEwMjQlMjEyaTc2OCUyMTRmMTMuMSUyMTNtMyUyMTFtMiUyMTFzMHg0NzZiYmZlNDI2NTkwYmI3JTI1M0EweGI0NjNlZjVmN2M5ZjE5MDMlMjEyelRjTzZlbVYxYldqRG9Yb2dSM25Ga1hJJTIxNWUwJTIxM20yJTIxMXNodSUyMTJzaHUlMjE0djE2NTIxMDgwNjQxMDklMjE1bTIlMjExc2h1JTIxMnNodSUyMiUyMHdpZHRoJTNEJTIyNjAwJTIyJTIwaGVpZ2h0JTNEJTIyNDUwJTIyJTIwc3R5bGUlM0QlMjJib3JkZXIlM0EwJTNCJTIyJTIwYWxsb3dmdWxsc2NyZWVuJTNEJTIyJTIyJTIwbG9hZGluZyUzRCUyMmxhenklMjIlMjByZWZlcnJlcnBvbGljeSUzRCUyMm5vLXJlZmVycmVyLXdoZW4tZG93bmdyYWRlJTIyJTNFJTNDJTJGaWZyYW1lJTNF&#8221;][\/vc_column][\/vc_row]<\/p>\n","protected":false},"author":1,"featured_media":0,"parent":0,"menu_order":0,"comment_status":"closed","ping_status":"closed","template":"","meta":{"footnotes":""},"class_list":["post-30","page","type-page","status-publish","hentry"],"_links":{"self":[{"href":"https:\/\/scitope.com\/cas2022\/index.php?rest_route=\/wp\/v2\/pages\/30","targetHints":{"allow":["GET"]}}],"collection":[{"href":"https:\/\/scitope.com\/cas2022\/index.php?rest_route=\/wp\/v2\/pages"}],"about":[{"href":"https:\/\/scitope.com\/cas2022\/index.php?rest_route=\/wp\/v2\/types\/page"}],"author":[{"embeddable":true,"href":"https:\/\/scitope.com\/cas2022\/index.php?rest_route=\/wp\/v2\/users\/1"}],"replies":[{"embeddable":true,"href":"https:\/\/scitope.com\/cas2022\/index.php?rest_route=%2Fwp%2Fv2%2Fcomments&post=30"}],"version-history":[{"count":56,"href":"https:\/\/scitope.com\/cas2022\/index.php?rest_route=\/wp\/v2\/pages\/30\/revisions"}],"predecessor-version":[{"id":651,"href":"https:\/\/scitope.com\/cas2022\/index.php?rest_route=\/wp\/v2\/pages\/30\/revisions\/651"}],"wp:attachment":[{"href":"https:\/\/scitope.com\/cas2022\/index.php?rest_route=%2Fwp%2Fv2%2Fmedia&parent=30"}],"curies":[{"name":"wp","href":"https:\/\/api.w.org\/{rel}","templated":true}]}}