{"id":14,"date":"2019-06-27T10:40:42","date_gmt":"2019-06-27T08:40:42","guid":{"rendered":"https:\/\/scitope.com\/clic-2020\/?page_id=14"},"modified":"2021-02-01T00:09:11","modified_gmt":"2021-01-31T22:09:11","slug":"organizers","status":"publish","type":"page","link":"https:\/\/scitope.com\/clic-2020\/?page_id=14","title":{"rendered":"Organizers"},"content":{"rendered":"<p>[vc_row][vc_column][vc_single_image image=&#8221;134&#8243; img_size=&#8221;medium&#8221; alignment=&#8221;right&#8221;][\/vc_column][\/vc_row][vc_row][vc_column][vc_column_text]<\/p>\n<h2><span style=\"color: #000000;\"><strong>Committees<\/strong><\/span><\/h2>\n<p>[\/vc_column_text][\/vc_column][\/vc_row][vc_row][vc_column width=&#8221;1\/2&#8243;][vc_column_text]<strong>Chair:<\/strong> Dr Judit Baranyin\u00e9 K\u00f3czy | University of Gy\u0151r, Hungary<\/p>\n<p><strong>International Scientific Board:<\/strong><\/p>\n<p style=\"padding-left: 40px;\">Professor L\u00edvia Ablonczy-Mih\u00e1lyka\u00a0| University of Gy\u0151r<br \/>\nProfessor Angeliki Athanasiadou | Aristotle University of Thessaloniki<br \/>\nDr Ad Foolen | Radboud University Nijmegen<br \/>\nProfessor Jean-Marc Dewaele | University of London<br \/>\nProfessor Roslyn M. Frank | University of Iowa<br \/>\nProfessor L\u00e1szl\u00f3 Imre Koml\u00f3si\u00a0| University of Gy\u0151r<br \/>\nProfessor Zolt\u00e1n K\u00f6vecses | E\u00f6tv\u00f6s Lor\u00e1nd University<br \/>\nProfessor Ian Malcolm | Edith Cowan University<br \/>\nProfessor\u00a0Andreas Mulsoff | University of East Anglia<br \/>\nProfessor Martin P\u00fctz | University of Koblenz-Landau<br \/>\nDr Frank Polzenhagen | Heidelberg University<br \/>\nProfessor Ning Yu | Pennsylvania State University<br \/>\nProfessor William Foley | University of Sydney<br \/>\nProfessor Gary B. Palmer | University of Nevada<\/p>\n<p><strong>Organizing Committee:<\/strong><\/p>\n<p style=\"padding-left: 40px;\">Dr Bogl\u00e1rka Boldizs\u00e1r\u00a0| University of Gy\u0151r, Hungary<br \/>\nDr Ildik\u00f3 L\u0151rincz | University of Gy\u0151r, Hungary<br \/>\nDr Anik\u00f3 Makkos\u00a0| University of Gy\u0151r, Hungary<br \/>\nDr Julianna N\u00e1dai\u00a0| University of Gy\u0151r, Hungary<br \/>\nDr Attila Pongr\u00e1cz\u00a0| University of Gy\u0151r, Hungary<br \/>\nDr Marzieh Sadeghpour | Monash University, Australia<br \/>\nDr Helen Sherwin\u00a0| University of Gy\u0151r, Hungary<br \/>\nDr Anik\u00f3 Tompos\u00a0| University of Gy\u0151r, Hungary<br \/>\nMs Elham Akhlaghi\u00a0|\u00a0Ferdowsi University, Iran<br \/>\nMs Jingwen (Eve) Chen\u00a0|\u00a0Monash University, Australia<br \/>\nMs Sarah Ghazi\u00a0|\u00a0Monash University, Australia<br \/>\nDr Zajd\u00f3 Krisztina | University of Gy\u0151r, Hungary<\/p>\n<p>[\/vc_column_text][\/vc_column][vc_column width=&#8221;1\/2&#8243;][\/vc_column][\/vc_row]<\/p>\n","protected":false},"excerpt":{"rendered":"<p>[vc_row][vc_column][vc_single_image image=&#8221;134&#8243; img_size=&#8221;medium&#8221; alignment=&#8221;right&#8221;][\/vc_column][\/vc_row][vc_row][vc_column][vc_column_text] Committees [\/vc_column_text][\/vc_column][\/vc_row][vc_row][vc_column width=&#8221;1\/2&#8243;][vc_column_text]Chair: Dr Judit Baranyin\u00e9 K\u00f3czy | University of Gy\u0151r, Hungary International Scientific Board: Professor L\u00edvia Ablonczy-Mih\u00e1lyka\u00a0| University of Gy\u0151r Professor Angeliki Athanasiadou | Aristotle University of Thessaloniki Dr Ad Foolen | Radboud University Nijmegen Professor Jean-Marc Dewaele | University of London Professor Roslyn M. Frank | University of Iowa [&hellip;]<\/p>\n","protected":false},"author":1,"featured_media":0,"parent":0,"menu_order":0,"comment_status":"closed","ping_status":"closed","template":"","meta":{"footnotes":""},"class_list":["post-14","page","type-page","status-publish","hentry"],"_links":{"self":[{"href":"https:\/\/scitope.com\/clic-2020\/index.php?rest_route=\/wp\/v2\/pages\/14","targetHints":{"allow":["GET"]}}],"collection":[{"href":"https:\/\/scitope.com\/clic-2020\/index.php?rest_route=\/wp\/v2\/pages"}],"about":[{"href":"https:\/\/scitope.com\/clic-2020\/index.php?rest_route=\/wp\/v2\/types\/page"}],"author":[{"embeddable":true,"href":"https:\/\/scitope.com\/clic-2020\/index.php?rest_route=\/wp\/v2\/users\/1"}],"replies":[{"embeddable":true,"href":"https:\/\/scitope.com\/clic-2020\/index.php?rest_route=%2Fwp%2Fv2%2Fcomments&post=14"}],"version-history":[{"count":25,"href":"https:\/\/scitope.com\/clic-2020\/index.php?rest_route=\/wp\/v2\/pages\/14\/revisions"}],"predecessor-version":[{"id":254,"href":"https:\/\/scitope.com\/clic-2020\/index.php?rest_route=\/wp\/v2\/pages\/14\/revisions\/254"}],"wp:attachment":[{"href":"https:\/\/scitope.com\/clic-2020\/index.php?rest_route=%2Fwp%2Fv2%2Fmedia&parent=14"}],"curies":[{"name":"wp","href":"https:\/\/api.w.org\/{rel}","templated":true}]}}