{"id":20,"date":"2019-06-27T10:42:01","date_gmt":"2019-06-27T08:42:01","guid":{"rendered":"https:\/\/scitope.com\/clic-2020\/?page_id=20"},"modified":"2020-02-17T16:55:17","modified_gmt":"2020-02-17T14:55:17","slug":"venue","status":"publish","type":"page","link":"https:\/\/scitope.com\/clic-2020\/?page_id=20","title":{"rendered":"Venue"},"content":{"rendered":"<p>[vc_row][vc_column][vc_column_text]<\/p>\n<h2 style=\"text-align: center;\">Budapest, Hungary<\/h2>\n<h5>The conference will be at the House of Wisdom (B\u00f6lcsv\u00e1r), in the Castle Area (Buda side)<\/h5>\n<h5>Budapest 1014, \u00dari Street 21<\/h5>\n<h5><a href=\"http:\/\/bolcsvar.hu\/en\/welcome-to-the-house-of-wisdom\/\">http:\/\/bolcsvar.hu\/en\/welcome-to-the-house-of-wisdom\/<\/a><\/h5>\n<p>[\/vc_column_text][\/vc_column][\/vc_row][vc_row][vc_column][vc_single_image image=&#8221;120&#8243; img_size=&#8221;large&#8221; alignment=&#8221;center&#8221;][vc_single_image image=&#8221;119&#8243; img_size=&#8221;large&#8221; alignment=&#8221;center&#8221;][vc_single_image image=&#8221;121&#8243; img_size=&#8221;large&#8221; alignment=&#8221;center&#8221;][\/vc_column][\/vc_row][vc_row][vc_column][vc_column_text]<\/p>\n<h2><strong>LOCATION<\/strong><\/h2>\n<p>[\/vc_column_text][vc_single_image image=&#8221;122&#8243; img_size=&#8221;large&#8221; alignment=&#8221;center&#8221;][\/vc_column][\/vc_row][vc_row][vc_column][vc_column_text]<\/p>\n<h2><strong>HOW TO GET THERE:<\/strong><\/h2>\n<p><strong>Airport name:<\/strong>\u00a0Liszt Ferenc International Airport Budapest<br \/>\nDistance to the venue: 25 km<\/p>\n<p>Estimated time: 30 mins<\/p>\n<p><strong>Approach by car:<\/strong><\/p>\n<p>There is no available parking lot in the castle area. It is recommended to use public transportation \u2013 it is convenient as it stops right in front of the conference venue.<\/p>\n<p><strong>Approach by public transport:<\/strong><\/p>\n<p>Start from the Pest side:<\/p>\n<p>From De\u00e1k Ferenc t\u00e9r (Metro line 2 or 3) take Bus 16 or 16B towards Buda (Sz\u00e9ll K\u00e1lm\u00e1n t\u00e9r) that is 6 stops till Szenth\u00e1roms\u00e1g t\u00e9r.<br \/>\nEstimated time: 20 mins<\/p>\n<p>Start from the Buda side:<\/p>\n<p>From Sz\u00e9ll K\u00e1lm\u00e1n t\u00e9r (Metro line 2) take Bus 16 or 16A towards the Castle that is 3 stops till Szenth\u00e1roms\u00e1g t\u00e9r (buses start form the top of the small hill).<\/p>\n<p>Estimated time:\u00a0 10 mins<\/p>\n<p>or<\/p>\n<p>From Clark \u00c1d\u00e1m t\u00e9r (Sz\u00e9chenyi Chain bridge head on the Buda side) take Bus 16 or 16B towards the Castle (Sz\u00e9ll K\u00e1lm\u00e1n t\u00e9r) that is 3 stops till Szenth\u00e1roms\u00e1g t\u00e9r.<br \/>\nEstimated time: 15 mins<\/p>\n<p>To Clark \u00c1d\u00e1m t\u00e9r take trams 19 or 41.<\/p>\n<p>You may also walk up the hill to the conference venue from\u00a0 Clark \u00c1d\u00e1m t\u00e9r (Sz\u00e9chenyi Chain bridge head on the Buda side) but please consider that it is a 20-min walk uphill.<\/p>\n<p><strong>Approach by taxi:<\/strong><\/p>\n<p>You may take a taxi from anywhere in the city to the hotel or the venue.[\/vc_column_text][\/vc_column][\/vc_row][vc_row][vc_column][vc_single_image image=&#8221;176&#8243; img_size=&#8221;large&#8221; alignment=&#8221;center&#8221; style=&#8221;vc_box_rounded&#8221;][\/vc_column][\/vc_row]<\/p>\n","protected":false},"excerpt":{"rendered":"<p>[vc_row][vc_column][vc_column_text] Budapest, Hungary The conference will be at the House of Wisdom (B\u00f6lcsv\u00e1r), in the Castle Area (Buda side) Budapest 1014, \u00dari Street 21 http:\/\/bolcsvar.hu\/en\/welcome-to-the-house-of-wisdom\/ [\/vc_column_text][\/vc_column][\/vc_row][vc_row][vc_column][vc_single_image image=&#8221;120&#8243; img_size=&#8221;large&#8221; alignment=&#8221;center&#8221;][vc_single_image image=&#8221;119&#8243; img_size=&#8221;large&#8221; alignment=&#8221;center&#8221;][vc_single_image image=&#8221;121&#8243; img_size=&#8221;large&#8221; alignment=&#8221;center&#8221;][\/vc_column][\/vc_row][vc_row][vc_column][vc_column_text] LOCATION [\/vc_column_text][vc_single_image image=&#8221;122&#8243; img_size=&#8221;large&#8221; alignment=&#8221;center&#8221;][\/vc_column][\/vc_row][vc_row][vc_column][vc_column_text] HOW TO GET THERE: Airport name:\u00a0Liszt Ferenc International Airport Budapest Distance to the venue: 25 [&hellip;]<\/p>\n","protected":false},"author":1,"featured_media":0,"parent":0,"menu_order":0,"comment_status":"closed","ping_status":"closed","template":"","meta":{"footnotes":""},"class_list":["post-20","page","type-page","status-publish","hentry"],"_links":{"self":[{"href":"https:\/\/scitope.com\/clic-2020\/index.php?rest_route=\/wp\/v2\/pages\/20","targetHints":{"allow":["GET"]}}],"collection":[{"href":"https:\/\/scitope.com\/clic-2020\/index.php?rest_route=\/wp\/v2\/pages"}],"about":[{"href":"https:\/\/scitope.com\/clic-2020\/index.php?rest_route=\/wp\/v2\/types\/page"}],"author":[{"embeddable":true,"href":"https:\/\/scitope.com\/clic-2020\/index.php?rest_route=\/wp\/v2\/users\/1"}],"replies":[{"embeddable":true,"href":"https:\/\/scitope.com\/clic-2020\/index.php?rest_route=%2Fwp%2Fv2%2Fcomments&post=20"}],"version-history":[{"count":26,"href":"https:\/\/scitope.com\/clic-2020\/index.php?rest_route=\/wp\/v2\/pages\/20\/revisions"}],"predecessor-version":[{"id":40,"href":"https:\/\/scitope.com\/clic-2020\/index.php?rest_route=\/wp\/v2\/pages\/20\/revisions\/40"}],"wp:attachment":[{"href":"https:\/\/scitope.com\/clic-2020\/index.php?rest_route=%2Fwp%2Fv2%2Fmedia&parent=20"}],"curies":[{"name":"wp","href":"https:\/\/api.w.org\/{rel}","templated":true}]}}