{"id":51,"date":"2019-07-02T21:22:16","date_gmt":"2019-07-02T19:22:16","guid":{"rendered":"https:\/\/scitope.com\/clic-2020\/?page_id=51"},"modified":"2020-02-23T18:31:44","modified_gmt":"2020-02-23T16:31:44","slug":"travel-and-accomodation","status":"publish","type":"page","link":"https:\/\/scitope.com\/clic-2020\/?page_id=51","title":{"rendered":"TRAVEL &#038; ACCOMODATION"},"content":{"rendered":"<p>[vc_row][vc_column][vc_column_text]<\/p>\n<h2><strong>Travelling to Budapest<\/strong><\/h2>\n<p>Many\u00a0international\u00a0airlines operate flights to Budapest throughout the year, including a range of cheap flights.<\/p>\n<p>Flights to Budapest land at\u00a0<strong>Liszt Ferenc International Airport<\/strong>\u00a0(BUD) some 25 km far from the city centre.<\/p>\n<p>Flights land at and depart from\u00a0<strong>Terminal 2<\/strong><\/p>\n<p>There are many ways to get to the city centre from the airport including<\/p>\n<h4><strong>Taxi:<\/strong><\/h4>\n<p>You may take a taxi from Liszt Ferenc Airport to the city centre (or the conference venue).<br \/>\nThe cost is appr. EUR 40-50 EUR, depending on the traffic.<br \/>\nEstimated time: 30-35 minutes<\/p>\n<h4><strong>Public transport:<\/strong><\/h4>\n<ul>\n<li>Find Bus 200E towards K\u0151b\u00e1nya-Kispest. Then take Metro line 3 which takes you to the city centre.<\/li>\n<\/ul>\n<p>If you approach the conference venue, take Metro line 3 \u00a0till \u00c1rp\u00e1d h\u00edd and change Tram 1 towards Buda that is 2 stops till Szentl\u00e9lek t\u00e9r.<br \/>\nEstimated time: 1 hour<\/p>\n<ul>\n<li>Find Bus 100E towards De\u00e1k Ferenc Square, which is in the city centre. (special ticket needed at 900 HUF = 3 EUR)<\/li>\n<\/ul>\n<h2><strong>Accommodation<\/strong><\/h2>\n<p>Accommodation is highly recommended to be arranged <strong>as early as possible<\/strong> due to the popularity of Budapest as a tourist destination.<\/p>\n<p>Bus 16 stops right in front of the conference venue in the Buda castle district. The route of bus 16 is indicated in the map. For convenience, it is recommended to book a hotel near the final stops of bus 16:\u00a0<b>De\u00e1k Ferenc t\u00e9r<\/b>\u00a0(on the Pest side, the right one) or\u00a0<b>Sz\u00e9ll K\u00e1lm\u00e1n t\u00e9r\u00a0<\/b>(on the Buda side, left one).<\/p>\n<h2><strong>Travelling in Budapest<\/strong><\/h2>\n<p><strong>\u00a0<\/strong>It is recommended to use\u00a0<strong>public transport<\/strong> <strong>services<\/strong>\u00a0to travel in Budapest. The four metro lines, bus lines and tram lines are quite extensive.<\/p>\n<h4><strong>Ticket options and prices<\/strong><\/h4>\n<table>\n<tbody>\n<tr>\n<td width=\"250\"><strong>Type of ticket<\/strong><\/td>\n<td width=\"250\"><strong>Price<\/strong><\/td>\n<td width=\"251\"><strong>validity<\/strong><\/td>\n<\/tr>\n<tr>\n<td width=\"250\"><strong>Single ticket<\/strong><\/td>\n<td width=\"250\">350 HUF = 1.2 EUR<\/p>\n<p>(450 HUF=1.4 EUR if purchased from the driver on board the vehicle)<\/td>\n<td width=\"251\">valid on all public transport vehicles for one uninterrupted trip.<\/td>\n<\/tr>\n<tr>\n<td width=\"250\"><strong>24-hour travel card<\/strong><\/td>\n<td width=\"250\">1650 HUF = 5.2 EUR<\/td>\n<td width=\"251\">valid on all public transport vehicles, incl. D14 boat service, on boat services\u00a0D11, D12 and D13 only on workdays for an unlimited number of trips from 0:00 to 24:00 of the day indicated on the ticket (you decide on the starting time).<\/td>\n<\/tr>\n<tr>\n<td width=\"250\"><strong>24-hour group travel card, for max. 5 persons\u00a0(<\/strong><strong>recommended for families)<\/strong><\/td>\n<td width=\"250\">3 300 HUF = 10 EUR<\/td>\n<td width=\"251\">Valid on all public transport vehicles, incl. D14 boat service, on boat services\u00a0D11, D12 and D13 only on workdays\u00a0for an unlimited number of trips from 0:00 to 24:00 of the day indicated on the ticket (you decide on the starting time).<\/td>\n<\/tr>\n<tr>\n<td width=\"250\"><strong>72-hour travel card<\/strong><\/td>\n<td width=\"250\">4 150 HUF = 13 EUR<\/td>\n<td width=\"251\">Valid on all public transport vehicles for an unlimited number of trips for 72 hours starting from the time and date you purchased it.<\/td>\n<\/tr>\n<tr>\n<td width=\"250\"><strong>7-day travel-card<\/strong><\/td>\n<td width=\"250\">4 950 HUF = 16 EUR<\/td>\n<td width=\"251\">Valid on all public transport vehicles from 0:00 to 24:00 till the sixth day following purchase of the card for an unlimited number of trips.<\/td>\n<\/tr>\n<\/tbody>\n<\/table>\n<p>Citizens of the\u00a0<strong>European Union<\/strong>\u00a0countries and Switzerland\u00a0<strong>aged 65<\/strong>\u00a0and up can use all public transport lines for\u00a0<strong>free<\/strong>\u00a0in Budapest (they have to show a valid ID to verify age and nationality if asked by a ticket inspector)<\/p>\n<p>For more tips for travelling click <a href=\"https:\/\/www.budapestbylocals.com\/budapest-public-transport.html\">here<\/a>.<\/p>\n<p>&nbsp;<\/p>\n<h2><strong>Sights to see in Budapest<\/strong><\/h2>\n<p>For Budapest attractions click <a href=\"https:\/\/www.lonelyplanet.com\/hungary\/budapest\">here.<\/a>[\/vc_column_text][\/vc_column][\/vc_row][vc_row][vc_column][vc_single_image image=&#8221;183&#8243; img_size=&#8221;large&#8221; alignment=&#8221;center&#8221; style=&#8221;vc_box_rounded&#8221;][\/vc_column][\/vc_row]<\/p>\n","protected":false},"excerpt":{"rendered":"<p>[vc_row][vc_column][vc_column_text] Travelling to Budapest Many\u00a0international\u00a0airlines operate flights to Budapest throughout the year, including a range of cheap flights. Flights to Budapest land at\u00a0Liszt Ferenc International Airport\u00a0(BUD) some 25 km far from the city centre. Flights land at and depart from\u00a0Terminal 2 There are many ways to get to the city centre from the airport including [&hellip;]<\/p>\n","protected":false},"author":2,"featured_media":0,"parent":0,"menu_order":0,"comment_status":"closed","ping_status":"closed","template":"","meta":{"footnotes":""},"class_list":["post-51","page","type-page","status-publish","hentry"],"_links":{"self":[{"href":"https:\/\/scitope.com\/clic-2020\/index.php?rest_route=\/wp\/v2\/pages\/51","targetHints":{"allow":["GET"]}}],"collection":[{"href":"https:\/\/scitope.com\/clic-2020\/index.php?rest_route=\/wp\/v2\/pages"}],"about":[{"href":"https:\/\/scitope.com\/clic-2020\/index.php?rest_route=\/wp\/v2\/types\/page"}],"author":[{"embeddable":true,"href":"https:\/\/scitope.com\/clic-2020\/index.php?rest_route=\/wp\/v2\/users\/2"}],"replies":[{"embeddable":true,"href":"https:\/\/scitope.com\/clic-2020\/index.php?rest_route=%2Fwp%2Fv2%2Fcomments&post=51"}],"version-history":[{"count":14,"href":"https:\/\/scitope.com\/clic-2020\/index.php?rest_route=\/wp\/v2\/pages\/51\/revisions"}],"predecessor-version":[{"id":184,"href":"https:\/\/scitope.com\/clic-2020\/index.php?rest_route=\/wp\/v2\/pages\/51\/revisions\/184"}],"wp:attachment":[{"href":"https:\/\/scitope.com\/clic-2020\/index.php?rest_route=%2Fwp%2Fv2%2Fmedia&parent=51"}],"curies":[{"name":"wp","href":"https:\/\/api.w.org\/{rel}","templated":true}]}}