{"id":111,"date":"2019-07-31T16:51:02","date_gmt":"2019-07-31T15:51:02","guid":{"rendered":"https:\/\/scitope.com\/coginfocom19\/?page_id=111"},"modified":"2019-09-03T09:57:36","modified_gmt":"2019-09-03T08:57:36","slug":"tracks-sessions","status":"publish","type":"page","link":"https:\/\/scitope.com\/coginfocom19\/?page_id=111","title":{"rendered":"Tracks &#038; Sessions"},"content":{"rendered":"<p>[vc_row][vc_column][vc_column_text]<\/p>\n<h5><strong>Track:\u00a0<\/strong><strong>Linguistic and Behavioural Interaction Analysis in Empathic Systems<\/strong><\/h5>\n<h6>Track Organizers:<strong><br \/>\n<\/strong>Anna Esposito (Universit\u00e0 Vanvitelli\/IIASS, Italy)<br \/>\nAntonietta M. Esposito (Osservatorio Vesuviano, Sezione di Napoli,Italy)<br \/>\nMaria Koutsombogera (Trinity College Dublin, Ireland)<br \/>\nGennaro Cordasco (Universit\u00e0 Vanvitelli\/IIASS, Italy),<br \/>\nMauro Maldonato (Universit\u00e0 di Napoli Federico II, Italy)<br \/>\nCarl Vogel (Trinity College Dublin, Ireland)<\/h6>\n<h6>Aims:<\/h6>\n<p>This track aims at gathering original works on communication, actions, perception and emotion from experimental and theoretical points of view. The ultimate goal of this research is to provide computational paradigms that may<br \/>\nimplement culture-specific, trustful,\u00a0credible, satisfactory and emotionally coloured human-machine interfaces and artificial agents.<\/p>\n<h6>The topics include, but are not limited to:<\/h6>\n<p>\uf0b7 Cross-cultural processing of social signals<br \/>\n\uf0b7 Linguistic and social interactional exchanges<br \/>\n\uf0b7 Social Robotics: analysis and applications<br \/>\n\uf0b7 Human behaviour: Analysis and understanding<br \/>\n\uf0b7 Linguistic sentiment analysis<br \/>\n\uf0b7 Changes in sentiment expressions<br \/>\n\uf0b7 Cognitive Economy<br \/>\n\uf0b7 Group behaviour, group cognition and cultural specificity<br \/>\n\uf0b7 Influence of context on perception, memory and decision making<br \/>\n\uf0b7 Cognitive systems for multimodal signal analysis<br \/>\n\uf0b7 Nonlinear processing of audio-video social signals<br \/>\n\uf0b7 Multimodal social signal processing<br \/>\n\uf0b7 Other\u2026..[\/vc_column_text][\/vc_column][\/vc_row][vc_row][vc_column][vc_column_text]<\/p>\n<h5><strong>Track:\u00a0\u00a0<\/strong><strong>Digital transformation environment for education<\/strong><\/h5>\n<h6>Track Organizer:\u00a0Gy\u00f6rgy Moln\u00e1r (Budapest University of Technology and Economics, Hungary)<\/h6>\n<p>[\/vc_column_text][\/vc_column][\/vc_row][vc_row][vc_column][vc_column_text]<\/p>\n<h5><strong>Track:\u00a0<\/strong><strong>CogInfoCom based LearnAbility<\/strong><\/h5>\n<h6>Track Organizer:\u00a0Attila K\u0151v\u00e1ri (University of Duna\u00fajv\u00e1ros, Hungary)<\/h6>\n<p>[\/vc_column_text][\/vc_column][\/vc_row][vc_row][vc_column][vc_column_text]<\/p>\n<h5><strong>Track:\u00a0<\/strong><strong>Virtual Reality<\/strong><\/h5>\n<h6>Track Organizers:<br \/>\nIldik\u00f3 Horv\u00e1th (Sz\u00e9chenyi Istv\u00e1n University)<br \/>\nAnna Sud\u00e1r (Sz\u00e9chenyi Istv\u00e1n University)<\/h6>\n<p>[\/vc_column_text][\/vc_column][\/vc_row][vc_row][vc_column][vc_column_text]<\/p>\n<h5><strong>Session:\u00a0Lingiustic- and Speech-based Interaction Analysis<\/strong><\/h5>\n<h6>Session Organizer: D\u00e1vid Sztah\u00f3 (Budapest University of Technology and Economics, Hungary)<\/h6>\n<p>[\/vc_column_text][\/vc_column][\/vc_row][vc_row][vc_column][vc_column_text]<\/p>\n<h5><strong>Session<\/strong><strong>:\u00a0\u00a0<\/strong><strong>UX within CogInfoCom<\/strong><\/h5>\n<h6>Session Organizer:\u00a0K\u00e1roly Hercegfi (Budapest University of Technology and Economics, Hungary)<\/h6>\n<p>[\/vc_column_text][\/vc_column][\/vc_row][vc_row][vc_column][vc_column_text]<\/p>\n<h5><strong>Session:\u00a0\u00a0<\/strong><strong>3D Digital Education<\/strong><\/h5>\n<h6>Session Organizer:\u00a0Ildik\u00f3 Horv\u00e1th (Sz\u00e9chenyi Istv\u00e1n University, Hungary)<\/h6>\n<p>[\/vc_column_text][\/vc_column][\/vc_row][vc_row][vc_column][vc_column_text]<\/p>\n<h5><strong>Session:\u00a0<\/strong><strong>Mathability<\/strong><\/h5>\n<h6>Session Organizers:<br \/>\nAttila Gil\u00e1nyi (University of Debrecen, Hungary)<br \/>\nKatarzyna Chmielewska (Kazimierz Wielki Universit, Poland)<\/h6>\n<p>[\/vc_column_text][\/vc_column][\/vc_row]<\/p>\n","protected":false},"excerpt":{"rendered":"<p>[vc_row][vc_column][vc_column_text] Track:\u00a0Linguistic and Behavioural Interaction Analysis in Empathic Systems Track Organizers: Anna Esposito (Universit\u00e0 Vanvitelli\/IIASS, Italy) Antonietta M. Esposito (Osservatorio Vesuviano, Sezione di Napoli,Italy) Maria Koutsombogera (Trinity College Dublin, Ireland) Gennaro Cordasco (Universit\u00e0 Vanvitelli\/IIASS, Italy), Mauro Maldonato (Universit\u00e0 di Napoli Federico II, Italy) Carl Vogel (Trinity College Dublin, Ireland) Aims: This track aims at gathering [&hellip;]<\/p>\n","protected":false},"author":2,"featured_media":0,"parent":0,"menu_order":0,"comment_status":"closed","ping_status":"closed","template":"","meta":{"_exactmetrics_skip_tracking":false,"_exactmetrics_sitenote_active":false,"_exactmetrics_sitenote_note":"","_exactmetrics_sitenote_category":0,"footnotes":""},"class_list":["post-111","page","type-page","status-publish","hentry"],"_links":{"self":[{"href":"https:\/\/scitope.com\/coginfocom19\/index.php?rest_route=\/wp\/v2\/pages\/111","targetHints":{"allow":["GET"]}}],"collection":[{"href":"https:\/\/scitope.com\/coginfocom19\/index.php?rest_route=\/wp\/v2\/pages"}],"about":[{"href":"https:\/\/scitope.com\/coginfocom19\/index.php?rest_route=\/wp\/v2\/types\/page"}],"author":[{"embeddable":true,"href":"https:\/\/scitope.com\/coginfocom19\/index.php?rest_route=\/wp\/v2\/users\/2"}],"replies":[{"embeddable":true,"href":"https:\/\/scitope.com\/coginfocom19\/index.php?rest_route=%2Fwp%2Fv2%2Fcomments&post=111"}],"version-history":[{"count":10,"href":"https:\/\/scitope.com\/coginfocom19\/index.php?rest_route=\/wp\/v2\/pages\/111\/revisions"}],"predecessor-version":[{"id":138,"href":"https:\/\/scitope.com\/coginfocom19\/index.php?rest_route=\/wp\/v2\/pages\/111\/revisions\/138"}],"wp:attachment":[{"href":"https:\/\/scitope.com\/coginfocom19\/index.php?rest_route=%2Fwp%2Fv2%2Fmedia&parent=111"}],"curies":[{"name":"wp","href":"https:\/\/api.w.org\/{rel}","templated":true}]}}