{"id":14,"date":"2020-01-02T13:38:50","date_gmt":"2020-01-02T13:38:50","guid":{"rendered":"https:\/\/scitope.com\/coginfocom20\/?page_id=14"},"modified":"2022-07-15T11:06:49","modified_gmt":"2022-07-15T11:06:49","slug":"home","status":"publish","type":"page","link":"https:\/\/scitope.com\/coginfocom21\/","title":{"rendered":"HOME"},"content":{"rendered":"<p>[vc_row][vc_column][vc_column_text]<\/p>\n<div class=\"container\">\n<h1 class=\"site-description\" style=\"text-align: center;\"><strong>12th IEEE International Conference on Cognitive InfoCommunications<\/strong><\/h1>\n<h2 style=\"text-align: center;\">23-24-25 September 2021, Online<\/h2>\n<\/div>\n<h3 style=\"text-align: center;\"><\/h3>\n<p>[\/vc_column_text][\/vc_column][\/vc_row][vc_row][vc_column][vc_column_text]<\/p>\n<div class=\"container\">\n<h3 style=\"text-align: center;\">SPECIAL JOURNAL ISSUES\u00a0 WILL BE PUBLISHED BASED ON THE EXTENDED VERSIONS OF SELECTED PAPERS<strong><br \/>\n<\/strong><\/h3>\n<p>&nbsp;<\/p>\n<\/div>\n<h4 style=\"text-align: center;\">Special Issue on \u201cCognitive Infocommunications (CogInfoCom) and Applied Informatics\u201d <strong><a href=\"https:\/\/drive.google.com\/file\/d\/1ke6jrAivxgoP_nGzOXnCJBUmdv0p0Tm2\/view?usp=sharing\">Click here for Call for Papers<\/a><\/strong><\/h4>\n<h4 style=\"text-align: center;\">Special Issue on \u201cInternet of Digital Reality: Applications and Key Challenges\u201d <strong><a href=\"https:\/\/drive.google.com\/file\/d\/1wsaDB9DfyRFJlkTHEyI_eyYprEMOZsYb\/view?usp=sharing\">Click here for Call for Papers<\/a><\/strong><\/h4>\n<h4 style=\"text-align: center;\">Special Issue on \u201cDigital Reality for Human Development\u201d <strong><a href=\"https:\/\/drive.google.com\/file\/d\/1tT2gXab_XrFenEIXKp9-lyVrxlWFYl6W\/view?usp=sharing\">Click here for Call for Papers<\/a><\/strong><\/h4>\n<h4 style=\"text-align: center;\">Special Issue on \u201cTech-Augmented Legal Environment\u201d <strong><a href=\"https:\/\/drive.google.com\/file\/d\/1SStOGn-AwjzHcqJAMZhgp030IKmH8Jf8\/view?usp=sharing\">Click here for Call for Papers<\/a><\/strong><\/h4>\n<div class=\"container\">\n<h4 style=\"text-align: center;\"><\/h4>\n<h4 style=\"text-align: center;\"><\/h4>\n<h4 style=\"text-align: center;\"><\/h4>\n<\/div>\n<p>[\/vc_column_text][\/vc_column][\/vc_row][vc_row][vc_column][vc_column_text]<\/p>\n<div class=\"container\">\n<h3 style=\"text-align: left;\"><span style=\"font-size: 30px;\">Scope<\/span><\/h3>\n<\/div>\n<div class=\"container\">\n<p>Cognitive infocommunications (CogInfoCom,\u00a0<a href=\"http:\/\/coginfocom.hu\/\" target=\"_blank\" rel=\"noopener noreferrer\" data-saferedirecturl=\"https:\/\/www.google.com\/url?hl=hu&amp;q=http:\/\/CogInfoCom.hu&amp;source=gmail&amp;ust=1517248206394000&amp;usg=AFQjCNEJLa6cTtx3sNT6RGpJ6ZbZQWWNTg\">CogInfoCom.hu<\/a>) investigates the link between the research areas of infocommunications and cognitive sciences, as well as the various engineering applications which have emerged as the synergic combination of these sciences. The primary goal of CogInfoCom is to provide a systematic view of how cognitive processes can co-evolve with infocommunications devices so that the capabilities of the human brain may not only be extended through these devices, irrespective of geographical distance but may also be blended with the capabilities of any artificially cognitive system. This merging and extension of cognitive capabilities are targeted towards engineering applications in which artificial and\/or natural cognitive systems are enabled to work together more effectively.\u00a0For the collection of CogInfoCom papers please\u00a0<a href=\"http:\/\/scitope.com\/coginfocom19\/?page_id=16\" target=\"_blank\" rel=\"noopener noreferrer\">click here.<\/a><\/p>\n<\/div>\n<p>[\/vc_column_text][\/vc_column][\/vc_row][vc_row][vc_column][vc_column_text]<\/p>\n<h2>Topics<\/h2>\n<p>The conference is open to topic proposals. Please <a href=\"https:\/\/forms.gle\/LRtxDztaz13LAc3V7\">click HERE<\/a> to submit your proposal.[\/vc_column_text][\/vc_column][\/vc_row][vc_row][vc_column width=&#8221;1\/2&#8243;][vc_column_text]<\/p>\n<p style=\"font-weight: 400;\"><strong>Artificial cognitive capabilities<\/strong><strong>\u00a0<\/strong><strong>\u00a0<\/strong><\/p>\n<p style=\"font-weight: 400;\"><strong>AI, Maschine and deep learning<\/strong><\/p>\n<p style=\"font-weight: 400;\"><strong>HCI, HMI, HRI<\/strong><\/p>\n<p style=\"font-weight: 400;\"><strong>Future Internet<\/strong><\/p>\n<p style=\"font-weight: 400;\"><strong>Cognitive sciences in the digital world<\/strong><\/p>\n<p style=\"font-weight: 400;\"><strong>Embodied and enactive cognitive systems<\/strong>\u00a0<strong>\u00a0<\/strong><\/p>\n<p style=\"font-weight: 400;\"><strong>Cognitive networks<\/strong><strong>\u00a0and their intelligent capabilities<\/strong><\/p>\n<p style=\"font-weight: 400;\"><strong>Human Interfaces: bio, cognitive, digital and wearable interfaces<\/strong><\/p>\n<p style=\"font-weight: 400;\"><strong>Intelligent Vehicle and Transportation Systems\u00a0\u00a0<\/strong><\/p>\n<p style=\"font-weight: 400;\"><strong>Smart city<\/strong><\/p>\n<p style=\"font-weight: 400;\"><strong>Digital transformation environment for education, CogInfoCom based learnability<\/strong><\/p>\n<p><strong>Digital Reality in Human development<\/strong><\/p>\n<p style=\"font-weight: 400;\"><strong>Mathability<\/strong><\/p>\n<p>[\/vc_column_text][\/vc_column][vc_column width=&#8221;1\/2&#8243;][vc_column_text]<\/p>\n<p style=\"font-weight: 400;\"><strong>Ergonomics-based aspects of CogInfoCom<\/strong><\/p>\n<p style=\"font-weight: 400;\"><strong>Socio-cognitive ICT<\/strong><\/p>\n<p style=\"font-weight: 400;\"><strong>Ergonomics-based aspects of CogInfoCom<\/strong><\/p>\n<p><strong>Affective Computing<\/strong><\/p>\n<p><strong>Digital Reality vs Ecological Footprint<\/strong><\/p>\n<p><strong>Augmented Farm and Food<\/strong><\/p>\n<p><strong>Internet of Digital Reality (VR, AR, XR MR, Digital Twin, Digital Shadow)<\/strong><\/p>\n<p><strong>Digitally Augmented tourism<\/strong><\/p>\n<p><strong>Hybrid Corporate Reality<\/strong><\/p>\n<p><strong>Augmented Social Reality<\/strong><\/p>\n<p><strong>Tech Augmented Legal Environment<\/strong>[\/vc_column_text][\/vc_column][\/vc_row][vc_row][vc_column][vc_column_text]<\/p>\n<h2><span style=\"color: #800000;\">Committees<\/span><\/h2>\n<p>[\/vc_column_text][\/vc_column][\/vc_row][vc_row][vc_column][vc_column_text]<strong>Chairs<\/strong><br \/>\nP\u00e9ter Baranyi,\u00a0<i><small>Sz\u00e9chenyi Istv\u00e1n University, Hungary<br \/>\n<\/small><\/i>Anna Esposito,\u00a0<i><small>Universit\u00e0 degli Studi della Campania \u201cLuigi Vanvitelli\u201d, Italy<\/small><\/i><em><i><small><br \/>\n<\/small><\/i><\/em>Katarzyna Chmielewska, <i><small>Kazimierz Wielki Universit<\/small><\/i><i><small>, Poland<br \/>\n<\/small><\/i>L\u00e1szl\u00f3 Imre K\u00f3ml\u00f3si<strong>, <\/strong><i><small><em>Sz\u00e9chenyi Istv\u00e1n University, Hungary<\/em><\/small><\/i><\/p>\n<p><strong>Honorary Chairs<\/strong><br \/>\nVilmos Cs\u00e1nyi,<i><small><em> MTA, Hungary<\/em><\/small><\/i><br \/>\nVal\u00e9ria Cs\u00e9pe, <i><small><em>MTA, Hungary<\/em><\/small><\/i><em><br \/>\n<\/em>J\u00f3zsef\u00a0Bokor, <i><small><em>MTA, Hungary\u00a0<\/em><\/small><\/i><br \/>\nHelen Meng,\u00a0<i><small><em>Chinese University of Hong Kong, China<br \/>\n<\/em><\/small><\/i>Junzo Watada, <i><small><em>Petronas University of Technology, Malaysia<br \/>\n<\/em><\/small><\/i>Ilona Heldal<strong>, <\/strong><i><small><em>Western Norway University of Applied Sciences, Norway<\/em><\/small><\/i><\/p>\n<p><strong>International Scientific Board Chairs<br \/>\n<\/strong>Carl\u00a0Vogel<strong>,\u00a0<\/strong><i><small><em>Trinity College Dublin, Ireland<br \/>\n<\/em><\/small><\/i>Nelson Mauro Maldonato, <i><small><em>Universit\u00e0 di Napoli Federico II, Italy\u00a0<\/em><\/small><\/i><\/p>\n<p><strong>International Scientific Board<br \/>\n<\/strong>Attila Gil\u00e1nyi, <i><small><em>University of Debrecen, Hungary\u00a0<\/em><\/small><\/i><strong><br \/>\n<\/strong>Gy\u00f6rgy Szasz\u00e1k,<em>\u00a0<i><small>Budapest University of Technology and Economics, Hungary<br \/>\n<\/small><\/i><\/em>Yeung Yam,\u00a0<i><small><em>Chinese University of Hong Kong, China\u00a0<\/em><\/small><\/i><br \/>\nMiroslav Macik, <i><small>Czech Technical University in Prague, Czech Republic<\/small><\/i><i><small><br \/>\n<\/small><\/i>Maria Koutsombogera,\u00a0<i><small>Trinity College, Dublin<\/small><\/i><br \/>\nAtsushi Ito, <i><small>Utsunomiya University, Japan<br \/>\n<\/small><\/i><i><small><\/small><\/i>Gy\u00f6rgy Moln\u00e1r<em>,\u00a0<i><small>Budapest Univesity of Technology and Economics, Hungary<br \/>\n<\/small><\/i><\/em>Ferenc Lilik<strong>, <\/strong><i><small><em>Sz\u00e9chenyi Istv\u00e1n University, Hungary<br \/>\n<\/em><\/small><\/i>Istv\u00e1n Lakatos<strong>, <\/strong><i><small><em>Sz\u00e9chenyi Istv\u00e1n University, Hungary<br \/>\n<\/em><\/small><\/i>Ibolya Zsoldos, <i><small><em>Sz\u00e9chenyi Istv\u00e1n University, Hungary<br \/>\n<\/em><\/small><\/i>Hajnalka Hargitai, <i><small><em>Sz\u00e9chenyi Istv\u00e1n University, Hungary<br \/>\n<\/em><\/small><\/i>Peter Janos Szabo, <i><small><em>Sz\u00e9chenyi Istv\u00e1n University, Hungary<\/em><\/small><\/i><\/p>\n<p><strong>International Organizing Committee<br \/>\n<\/strong><i><small><\/small><\/i>Zolt\u00e1n Baracskai<strong>, <\/strong><i><small><em>Sz\u00e9chenyi Istv\u00e1n University, Hungary<br \/>\n<\/em><\/small><\/i><i><small><\/small><\/i>Kl\u00e1ra Vicsi, <em><i><small>Budapest University of Technology and Economics, Hungary<br \/>\n<\/small><\/i><\/em><i><small><\/small><\/i>Fahmi Bellalouna, <em><i><small>Karlsruhe University of Applied Sciences, Germany<br \/>\n<\/small><\/i><\/em>Mika Luimula, <em><i><small>Turku University of Applied Sciences, Finland<br \/>\n<\/small><\/i><\/em>Attila K\u0151v\u00e1ri<em>,\u00a0<i><small>University of Duna\u00fajv\u00e1ros, Hungary<br \/>\n<\/small><\/i><\/em>Milan Gnjatovic<em>, <i><small>University of Criminal Investigation and Police Studies in Belgrade, Serbia<br \/>\n<\/small><\/i><\/em>Gy\u00f6rgy Wers\u00e9nyi<strong>, <\/strong><i><small><em>Sz\u00e9chenyi Istv\u00e1n University, Hungary<br \/>\n<\/em><\/small><\/i>\u00c1ron Ballagi, <i><small><em>Sz\u00e9chenyi Istv\u00e1n University, Hungary<br \/>\n<\/em><\/small><\/i>Horv\u00e1th Ildik\u00f3, <i><small><em>Sz\u00e9chenyi Istv\u00e1n University, Hungary<br \/>\n<\/em><\/small><\/i>Attila J. Kov\u00e1cs , <i><small><em>Sz\u00e9chenyi Istv\u00e1n University, Hungary<br \/>\n<\/em><\/small><\/i>Zolt\u00e1n Moln\u00e1r, <i><small><em>Sz\u00e9chenyi Istv\u00e1n University, Hungary<\/em><\/small><\/i><\/p>\n<p><strong>International Program Committee<br \/>\n<\/strong>J\u00f3zsef Katona<strong>, <\/strong><i><small><em>University of Duna\u00fajv\u00e1ros, Hungary<br \/>\n<\/em><\/small><\/i>Veronika Sz\u00fccs<strong>, <\/strong><i><small><em>University of Pannonia, Hungary<br \/>\n<\/em><\/small><\/i>Gennaro Cordasco<strong>, <\/strong><i><small><em>Universita&#8217; degli Studi della Campania &#8222;Luigi Vanvitelli&#8221;, Italy<br \/>\n<\/em><\/small><\/i>Erzs\u00e9bet T\u00f3th<strong>, <\/strong><i><small><em>University of Debrecen, Hungary<br \/>\n<\/em><\/small><\/i>Marianna Zichar<strong>, <\/strong><i><small><em>University of Debrecen, Hungary<br \/>\n<\/em><\/small><\/i>G\u00e1bor Milics, <i><small><em>Sz\u00e9chenyi Istv\u00e1n University, Hungary<br \/>\n<\/em><\/small><\/i>Erika Lakatos Hancz, <i><small><em>Sz\u00e9chenyi Istv\u00e1n University, Hungary<br \/>\n<\/em><\/small><\/i>Andr\u00e1s V\u00e9r, <i><small><em>Sz\u00e9chenyi Istv\u00e1n University, Hungary<br \/>\n<\/em><\/small><\/i>Csaba Koren, <i><small><em>Sz\u00e9chenyi Istv\u00e1n University, Hungary<\/em><\/small><\/i><\/p>\n<p><strong>Technical Program Committee Chair<br \/>\n<\/strong>\u00c1d\u00e1m Csap\u00f3<strong>, <\/strong><i><small><em>Sz\u00e9chenyi Istv\u00e1n University, Hungary\u00a0<\/em><\/small><\/i><\/p>\n<p><strong>Technical Program Committee<br \/>\n<\/strong><\/p>\n<p>to be determined<\/p>\n<p><strong>Publication Chair<\/strong><br \/>\nJan Nikodem<strong>,<\/strong><em>\u00a0<i><small>Wroclaw University of Science and Technology, Poland<\/small><\/i><\/em><br \/>\nRyszard Klempous,\u00a0<i><small>Wroclaw University of Science and Technology, Poland<\/small><\/i><\/p>\n<p><strong>Treasurer<\/strong><br \/>\nAnik\u00f3 Szak\u00e1l, <i><small>\u00d3buda University, Hungary<\/small><\/i>[\/vc_column_text][\/vc_column][\/vc_row][vc_row][vc_column][vc_column_text]<\/p>\n<h2 style=\"text-align: center;\"><strong>SPONSORS<\/strong><\/h2>\n<p>[\/vc_column_text][\/vc_column][\/vc_row][vc_row][vc_column][vc_single_image image=&#8221;184&#8243; img_size=&#8221;medium&#8221; alignment=&#8221;center&#8221;][\/vc_column][\/vc_row][vc_row][vc_column][vc_column_text]<\/p>\n<h4 style=\"text-align: center;\">IEEE Hungary Section<\/h4>\n<p>[\/vc_column_text][\/vc_column][\/vc_row][vc_row][vc_column width=&#8221;1\/3&#8243;][vc_column_text]<\/p>\n<div class=\"wpb_column vc_column_container vc_col-sm-4\">\n<div class=\"vc_column-inner\">\n<div class=\"wpb_wrapper\">\n<div class=\"wpb_text_column wpb_content_element \">\n<div class=\"wpb_wrapper\">\n<h4 style=\"text-align: center;\">IEEE Systems, Man and Cybernetics\u00a0 Chapter, Hungary<\/h4>\n<\/div>\n<\/div>\n<\/div>\n<\/div>\n<\/div>\n<p>[\/vc_column_text][\/vc_column][vc_column width=&#8221;1\/3&#8243;][vc_column_text]<\/p>\n<h4 style=\"text-align: center;\">IEEE Computational Intelligence Chapter, Hungary<\/h4>\n<p>[\/vc_column_text][\/vc_column][vc_column width=&#8221;1\/3&#8243;][vc_column_text]<\/p>\n<h4 style=\"text-align: center;\">IEEE IES and RAS Chapters, Hungary<\/h4>\n<p>[\/vc_column_text][\/vc_column][\/vc_row][vc_row][vc_column][vc_separator color=&#8221;black&#8221; style=&#8221;shadow&#8221;][\/vc_column][\/vc_row][vc_row][vc_column][vc_column_text]<\/p>\n<h2><span style=\"color: #800000;\">Technical Co-Sponsors<\/span><\/h2>\n<p>[\/vc_column_text][\/vc_column][\/vc_row][vc_row][vc_column width=&#8221;1\/3&#8243;][vc_column_text][\/vc_column_text][\/vc_column][vc_column width=&#8221;1\/3&#8243;][vc_single_image image=&#8221;145&#8243; img_size=&#8221;medium&#8221; alignment=&#8221;center&#8221; style=&#8221;vc_box_rounded&#8221;][vc_column_text]<\/p>\n<h3 style=\"text-align: center;\">Sz\u00e9chenyi Istv\u00e1n University<\/h3>\n<p>[\/vc_column_text][\/vc_column][vc_column width=&#8221;1\/3&#8243;][\/vc_column][\/vc_row][vc_row][vc_column width=&#8221;1\/3&#8243;][vc_column_text]<\/p>\n<h4 style=\"text-align: center;\">VR Learning Center<\/h4>\n<p>[\/vc_column_text][\/vc_column][vc_column width=&#8221;1\/3&#8243;][vc_column_text]<\/p>\n<h4 style=\"text-align: center;\">Multidisciplinary Ph.D. School of Engineering<\/h4>\n<p>[\/vc_column_text][\/vc_column][vc_column width=&#8221;1\/3&#8243;][vc_column_text]<\/p>\n<h4 style=\"text-align: center;\">Doctoral School of Regional- and Business Administration Sciences<\/h4>\n<p>[\/vc_column_text][\/vc_column][\/vc_row][vc_row][vc_column][vc_single_image image=&#8221;142&#8243; img_size=&#8221;medium&#8221; alignment=&#8221;center&#8221; style=&#8221;vc_box_rounded&#8221;][vc_column_text]<\/p>\n<h4 style=\"text-align: center;\">Budapest Univesity of Technology and Economics Department of Telecommunications and Media Informatics<\/h4>\n<p>[\/vc_column_text][\/vc_column][\/vc_row][vc_row][vc_column][vc_separator color=&#8221;black&#8221; style=&#8221;shadow&#8221;][\/vc_column][\/vc_row][vc_row][vc_column][vc_column_text]<\/p>\n<h2 style=\"text-align: center;\"><strong>In scientific co-operation with<\/strong><\/h2>\n<h4 class=\"justify\" style=\"text-align: center;\">FIEK program (Center for cooperation between higher education and the industries at the Sz\u00e9chenyi Istv\u00e1n University, GINOP-2.3.4-15-2016-00003)<\/h4>\n<p>[\/vc_column_text][\/vc_column][\/vc_row][vc_row][vc_column][vc_column_text]<\/p>\n<h2 style=\"text-align: center;\"><span style=\"color: #800000;\"><strong>Industrial Innovation co-sponsor<\/strong><\/span><\/h2>\n<p>[\/vc_column_text][\/vc_column][\/vc_row][vc_row][vc_column width=&#8221;1\/2&#8243;][vc_column_text]<\/p>\n<h4 class=\"center\" style=\"text-align: center;\">MISTEMS Innovation and Services Ltd.<\/h4>\n<p>[\/vc_column_text][\/vc_column][vc_column width=&#8221;1\/2&#8243;][vc_single_image image=&#8221;146&#8243; img_size=&#8221;medium&#8221; alignment=&#8221;center&#8221; style=&#8221;vc_box_rounded&#8221;][\/vc_column][\/vc_row]<\/p>\n","protected":false},"excerpt":{"rendered":"<p>[vc_row][vc_column][vc_column_text] 12th IEEE International Conference on Cognitive InfoCommunications 23-24-25 September 2021, Online [\/vc_column_text][\/vc_column][\/vc_row][vc_row][vc_column][vc_column_text] SPECIAL JOURNAL ISSUES\u00a0 WILL BE PUBLISHED BASED ON THE EXTENDED VERSIONS OF SELECTED PAPERS &nbsp; Special Issue on \u201cCognitive Infocommunications (CogInfoCom) and Applied Informatics\u201d Click here for Call for Papers Special Issue on \u201cInternet of Digital Reality: Applications and Key Challenges\u201d Click [&hellip;]<\/p>\n","protected":false},"author":1,"featured_media":0,"parent":0,"menu_order":0,"comment_status":"closed","ping_status":"closed","template":"","meta":{"footnotes":""},"class_list":["post-14","page","type-page","status-publish","hentry"],"_links":{"self":[{"href":"https:\/\/scitope.com\/coginfocom21\/index.php?rest_route=\/wp\/v2\/pages\/14","targetHints":{"allow":["GET"]}}],"collection":[{"href":"https:\/\/scitope.com\/coginfocom21\/index.php?rest_route=\/wp\/v2\/pages"}],"about":[{"href":"https:\/\/scitope.com\/coginfocom21\/index.php?rest_route=\/wp\/v2\/types\/page"}],"author":[{"embeddable":true,"href":"https:\/\/scitope.com\/coginfocom21\/index.php?rest_route=\/wp\/v2\/users\/1"}],"replies":[{"embeddable":true,"href":"https:\/\/scitope.com\/coginfocom21\/index.php?rest_route=%2Fwp%2Fv2%2Fcomments&post=14"}],"version-history":[{"count":60,"href":"https:\/\/scitope.com\/coginfocom21\/index.php?rest_route=\/wp\/v2\/pages\/14\/revisions"}],"predecessor-version":[{"id":552,"href":"https:\/\/scitope.com\/coginfocom21\/index.php?rest_route=\/wp\/v2\/pages\/14\/revisions\/552"}],"wp:attachment":[{"href":"https:\/\/scitope.com\/coginfocom21\/index.php?rest_route=%2Fwp%2Fv2%2Fmedia&parent=14"}],"curies":[{"name":"wp","href":"https:\/\/api.w.org\/{rel}","templated":true}]}}