{"id":20,"date":"2020-01-02T13:39:57","date_gmt":"2020-01-02T13:39:57","guid":{"rendered":"https:\/\/scitope.com\/coginfocom20\/?page_id=20"},"modified":"2021-09-23T12:20:40","modified_gmt":"2021-09-23T12:20:40","slug":"plenary-speakers","status":"publish","type":"page","link":"https:\/\/scitope.com\/coginfocom21\/?page_id=20","title":{"rendered":"Plenary Speakers"},"content":{"rendered":"<p>[vc_row][vc_column][vc_single_image image=&#8221;502&#8243; img_size=&#8221;medium&#8221; alignment=&#8221;center&#8221; style=&#8221;vc_box_circle_2&#8243;][vc_column_text]<\/p>\n<h3 style=\"text-align: center;\"><strong>&#8222;AI\u00a0&amp;\u00a0the\u00a0Human\u00a0Mind:\u00a0Conceptualizing\u00a0Hybrid\u00a0Corporate<\/strong><br \/>\n<strong>Reality&#8221;<\/strong><\/h3>\n<h3 style=\"text-align: center;\"><strong>Dr. Viktor D\u00f6rfler<\/strong><br \/>\n<strong>University of Strathclyde Business School, United Kingdom<\/strong><\/h3>\n<h5><\/h5>\n<p>[\/vc_column_text][vc_toggle title=&#8221;Curriculum Vitae&#8221; style=&#8221;round&#8221; color=&#8221;white&#8221;]Dr. Viktor D\u00f6rfler is Senior Lecturer in Information &amp; Knowledge Management at the University of Strathclyde Business School, and holds visiting professor positions at the Zagreb University, Croatia and the Sz\u00e9chenyi University, Hungary.\u00a0 He also works as an independent consultant in information and knowledge management.\u00a0 Viktor&#8217;s research of personal and transpersonal knowledge focuses on intuition and creativity; he conducted in-depth open-ended interviews with 20 top scientists, including 17 Nobel Laureates.\u00a0 1999-2004, Viktor was spearheading the development of an AI software called\u00a0<i><a title=\"See Doctus website\" href=\"http:\/\/www.doctuskbs.com\/\" target=\"_blank\" rel=\"noopener noreferrer\">Doctus<\/a><\/i>. \u00a0In research, teaching, and consultancy, Viktor synthesizes his backgrounds in AI, philosophy, business, and engineering to make sense of human mastery and the use of AI in organizations.\u00a0 His book\u00a0<i>What Every CEO Should Know About AI<\/i>\u00a0will be published shortly.[\/vc_toggle][\/vc_column][\/vc_row][vc_row][vc_column][vc_single_image image=&#8221;504&#8243; img_size=&#8221;medium&#8221; alignment=&#8221;center&#8221; style=&#8221;vc_box_circle_2&#8243;][vc_column_text]<\/p>\n<h3 style=\"text-align: center;\"><strong>&#8222;Multilayered\u00a0Intercultural\u00a0<wbr \/>Communication \u00a0&#8212;Culture\u00a0and Travel\u2014&#8221;<\/strong><\/h3>\n<h3 style=\"text-align: center;\"><strong>Prof. Atsushi Ito<br \/>\nChuo University, Japan<\/strong><\/h3>\n<p>[\/vc_column_text][vc_toggle title=&#8221;Curriculum Vitae&#8221;]<\/p>\n<div>Atsushi Ito received B.S. and M.S. degrees from Nagoya University in 1981 and 1983, respectively. He also received a Ph.D. degree from\u00a0Hiroshima City University in 2007. From 1983 to 2014, he was with Research and Development Laboratories of KDDI Corporation. From 2014 to\u00a02020, he was a Professor of Graduate School of Engineering of Utsunomiya University. Now, he is a Professor of Faculty of Economics of Chuo\u00a0University. During 1991-1992, he was a visiting scholar at the Center for the Study of Language and Information (CSLI) of Stanford University.\u00a0His current research interests include ad hoc networking, user interface design, bio signal analysis, sightseeing support technology and\u00a0agriculture support technology.<\/div>\n<div><\/div>\n<p>[\/vc_toggle][\/vc_column][\/vc_row][vc_row][vc_column][vc_single_image image=&#8221;507&#8243; img_size=&#8221;medium&#8221; alignment=&#8221;center&#8221; style=&#8221;vc_box_circle_2&#8243;][vc_column_text]<\/p>\n<h3 style=\"text-align: center;\"><strong>&#8222;Internet of Digital Reality: Key Concepts, Technological and Societal Foundations&#8221;<\/strong><\/h3>\n<h3 style=\"text-align: center;\"><strong>Dr. \u00c1d\u00e1m Bal\u00e1zs Csap\u00f3<br \/>\nSz\u00e9chenyi Istv\u00e1n University, Hungary<br \/>\n<\/strong><\/h3>\n<p>[\/vc_column_text][vc_toggle title=&#8221;Curriculum Vitae&#8221;]Adam Csapo obtained his PhD degree at the Budapest University of Technology and Economics in 2014. Since 2016, he is working as an associate professor at the Sz\u00e9chenyi Istv\u00e1n University in Gy\u0151r, Hungary. Dr. Csapo\u2019s research focuses on soft computing tools for developing cognitive infocommunication channels in virtual collaboration environments, with the goal of enabling users to communicate with each other and with their spatial surroundings in novel and effective ways. At the same time, he is involved in the development of a commercial VR platform for applications in B2B industry and education.\u00a0 Dr. Csapo has over 50 publications, including 1 co-authored book and 16 journal papers. His work has received over 2,000 independent citations in the scientific literature.<\/p>\n<div class=\"yj6qo\"><\/div>\n<div class=\"adL\"><\/div>\n<p>[\/vc_toggle][\/vc_column][\/vc_row]<\/p>\n","protected":false},"excerpt":{"rendered":"<p>[vc_row][vc_column][vc_single_image image=&#8221;502&#8243; img_size=&#8221;medium&#8221; alignment=&#8221;center&#8221; style=&#8221;vc_box_circle_2&#8243;][vc_column_text] &#8222;AI\u00a0&amp;\u00a0the\u00a0Human\u00a0Mind:\u00a0Conceptualizing\u00a0Hybrid\u00a0Corporate Reality&#8221; Dr. Viktor D\u00f6rfler University of Strathclyde Business School, United Kingdom [\/vc_column_text][vc_toggle title=&#8221;Curriculum Vitae&#8221; style=&#8221;round&#8221; color=&#8221;white&#8221;]Dr. Viktor D\u00f6rfler is Senior Lecturer in Information &amp; Knowledge Management at the University of Strathclyde Business School, and holds visiting professor positions at the Zagreb University, Croatia and the Sz\u00e9chenyi University, Hungary.\u00a0 He [&hellip;]<\/p>\n","protected":false},"author":1,"featured_media":0,"parent":0,"menu_order":0,"comment_status":"closed","ping_status":"closed","template":"","meta":{"footnotes":""},"class_list":["post-20","page","type-page","status-publish","hentry"],"_links":{"self":[{"href":"https:\/\/scitope.com\/coginfocom21\/index.php?rest_route=\/wp\/v2\/pages\/20","targetHints":{"allow":["GET"]}}],"collection":[{"href":"https:\/\/scitope.com\/coginfocom21\/index.php?rest_route=\/wp\/v2\/pages"}],"about":[{"href":"https:\/\/scitope.com\/coginfocom21\/index.php?rest_route=\/wp\/v2\/types\/page"}],"author":[{"embeddable":true,"href":"https:\/\/scitope.com\/coginfocom21\/index.php?rest_route=\/wp\/v2\/users\/1"}],"replies":[{"embeddable":true,"href":"https:\/\/scitope.com\/coginfocom21\/index.php?rest_route=%2Fwp%2Fv2%2Fcomments&post=20"}],"version-history":[{"count":20,"href":"https:\/\/scitope.com\/coginfocom21\/index.php?rest_route=\/wp\/v2\/pages\/20\/revisions"}],"predecessor-version":[{"id":519,"href":"https:\/\/scitope.com\/coginfocom21\/index.php?rest_route=\/wp\/v2\/pages\/20\/revisions\/519"}],"wp:attachment":[{"href":"https:\/\/scitope.com\/coginfocom21\/index.php?rest_route=%2Fwp%2Fv2%2Fmedia&parent=20"}],"curies":[{"name":"wp","href":"https:\/\/api.w.org\/{rel}","templated":true}]}}