{"id":30,"date":"2020-01-02T13:41:56","date_gmt":"2020-01-02T13:41:56","guid":{"rendered":"https:\/\/scitope.com\/coginfocom20\/?page_id=30"},"modified":"2021-09-20T08:49:15","modified_gmt":"2021-09-20T08:49:15","slug":"tracks-sessions","status":"publish","type":"page","link":"https:\/\/scitope.com\/coginfocom21\/?page_id=30","title":{"rendered":"Tracks &#038; Sessions"},"content":{"rendered":"<p>[vc_row][vc_column][vc_btn title=&#8221;Please click here to suggest a Track or Session&#8221; style=&#8221;3d&#8221; color=&#8221;orange&#8221; size=&#8221;lg&#8221; align=&#8221;center&#8221; link=&#8221;url:https%3A%2F%2Fforms.gle%2FLRtxDztaz13LAc3V7|||&#8221;][\/vc_column][\/vc_row][vc_row][vc_column][vc_toggle title=&#8221;Track: Digital Reality vs Ecological Footprint&#8221; style=&#8221;arrow&#8221; color=&#8221;black&#8221;]<\/p>\n<h5>Track Organizer:<\/h5>\n<p>Cec\u00edlia Szigeti (Department of International and Theoretical Economics, Kautz Gyula Faculty of Economics)<\/p>\n<h5>Scope:<\/h5>\n<p>The ecological footprint provides a wide range of opportunities to measure the impact of human activity on the environment. The lectures in this section present the role and applicability of footprints in measuring the economic processes of the 21st century from different perspectives.<\/p>\n<h6>The topics include, but are not limited to:<\/h6>\n<p>\uf0b7 Ecological footprint<br \/>\n\uf0b7 Urban footprint calculations<br \/>\n\uf0b7 Construction footprint<br \/>\n\uf0b7 Footprint calculators<br \/>\n\uf0b7 Biocapacity<br \/>\n\uf0b7 Cryptocurrency[\/vc_toggle][vc_toggle title=&#8221;Track: Linguistic and Behavioural Interaction Analysis in Empathic Systems&#8221; style=&#8221;arrow&#8221; color=&#8221;black&#8221;]<\/p>\n<h5>Track Organizers:<\/h5>\n<p>Anna Esposito (Universit\u00e0 Vanvitelli\/IIASS, Italy)<br \/>\nAntonietta M. Esposito (Osservatorio Vesuviano, Sezione di Napoli,Italy)<br \/>\nMaria Koutsombogera (Trinity College Dublin, Ireland)<br \/>\nGennaro Cordasco (Universit\u00e0 Vanvitelli\/IIASS, Italy),<br \/>\nMauro Maldonato (Universit\u00e0 di Napoli Federico II, Italy)<br \/>\nCarl Vogel (Trinity College Dublin, Ireland)<\/p>\n<h6>Scope:<\/h6>\n<p>This track aims at gathering original works on communication, actions, perception and emotion from experimental and theoretical points of view. The ultimate goal of this research is to provide computational paradigms that may<br \/>\nimplement culture-specific, trustful,\u00a0credible, satisfactory and emotionally coloured human-machine interfaces and artificial agents.<\/p>\n<h6>The topics include, but are not limited to:<\/h6>\n<p>\uf0b7 Cross-cultural processing of social signals<br \/>\n\uf0b7 Linguistic and social interactional exchanges<br \/>\n\uf0b7 Social Robotics: analysis and applications<br \/>\n\uf0b7 Human behaviour: Analysis and understanding<br \/>\n\uf0b7 Linguistic sentiment analysis<br \/>\n\uf0b7 Changes in sentiment expressions<br \/>\n\uf0b7 Cognitive Economy<br \/>\n\uf0b7 Group behaviour, group cognition and cultural specificity<br \/>\n\uf0b7 Influence of context on perception, memory and decision making<br \/>\n\uf0b7 Cognitive systems for multimodal signal analysis<br \/>\n\uf0b7 Nonlinear processing of audio-video social signals<br \/>\n\uf0b7 Multimodal social signal processing<br \/>\n\uf0b7 Other\u2026..[\/vc_toggle][vc_toggle title=&#8221;Track: Digital transformation environment for education&#8221; style=&#8221;arrow&#8221; color=&#8221;black&#8221;]<\/p>\n<h5>Track Organizer:<\/h5>\n<p>Gy\u00f6rgy Moln\u00e1r (Budapest University of Technology and Economics, Hungary)[\/vc_toggle][vc_toggle title=&#8221;Track: CogInfoCom based LearnAbility&#8221; style=&#8221;arrow&#8221; color=&#8221;black&#8221;]<\/p>\n<h5>Track Organizer:<\/h5>\n<p>Attila K\u0151v\u00e1ri (University of Duna\u00fajv\u00e1ros, Hungary)[\/vc_toggle][vc_toggle title=&#8221;Track: Cognitive Mobility&#8221; style=&#8221;arrow&#8221; color=&#8221;black&#8221;]<\/p>\n<h5>Track Organizer:<\/h5>\n<p>M\u00e1t\u00e9 Z\u00f6ldy (Department of Automotive Technologies, BME)<\/p>\n<h5>Scope:<\/h5>\n<p>Mobility is an elementary part of our lives, as we are constantly changing and moving. Our interest in the cognitive mobility section is in learning about movement, primarily transport, and mapping cognition methodology. The rapid digital development of the 21st century allows us to expand our experiential cognition with ever smaller, cheaper, and more sensitive sensors, data fusion, and artificial intelligence, with more and more data available to us.<\/p>\n<h6>The topics include, but are not limited to:<\/h6>\n<p>\uf0b7 Microeconolimal, macroeconomic and personal decision on mobility<br \/>\n\uf0b7 The measure of resources of mobility (time, energy, vehicle, infrastructure, environment)<br \/>\n\uf0b7 Path\/route decision methods<br \/>\n\uf0b7 Value creation of mobility at social level<br \/>\n\uf0b7 Mobility above physical change (ie social mobility, workforce mobility etc)<br \/>\n\uf0b7 The historical context of mobility<br \/>\n\uf0b7 Experimental learning in the mobility domain (sensors, data fusion, artificial intelligence etc)<\/p>\n<p>[\/vc_toggle][vc_toggle title=&#8221;Track: Advanced Digital Reality Solutions in Industry&#8221; style=&#8221;arrow&#8221; color=&#8221;black&#8221;]<\/p>\n<h5>Track Organizers:<\/h5>\n<p>Mika Luimula (Turku University of Applied Sciences, Finland)<br \/>\nFahmi Bellalouna (Karlsruhe University of Applied Sciences, Germany)[\/vc_toggle][vc_toggle title=&#8221;Track: Analysing Human Cognition with AI&#8221; style=&#8221;arrow&#8221; color=&#8221;black&#8221;]<\/p>\n<h5>Track Organizer:<\/h5>\n<p>Lars Oestreicher (Uppsala University, Sweden)<\/p>\n<h5>Sessions:<\/h5>\n<h5>Session 1: Impairments and Disabilities<br \/>\nSession 2: Controlling Artefacts<br \/>\nSession 3: Cognitive Processes<\/h5>\n<p>[\/vc_toggle][vc_toggle title=&#8221;Track: Virtual Reality&#8221; style=&#8221;arrow&#8221; color=&#8221;black&#8221;]<\/p>\n<h5>Track Organizers:<\/h5>\n<p>Ildik\u00f3 Horv\u00e1th, Anna Sud\u00e1r (Sz\u00e9chenyi Istv\u00e1n University)[\/vc_toggle][vc_toggle title=&#8221;Track: Augmented Farm and Food&#8221; style=&#8221;arrow&#8221; color=&#8221;black&#8221;]<\/p>\n<h5>Track Organizer:<\/h5>\n<p>Dr. Attila J. Kov\u00e1cs and Dr. Zolt\u00e1n Moln\u00e1r (Sz\u00e9chenyi Istv\u00e1n University, Hungary)<\/p>\n<p>In recent years, agriculture technology has seen huge growth, particularly in electrics, automation, and informatics. The changing paradigm in agriculture is inevitable. This track aims to systematize the results of advanced agricultural and food researches and innovations related to infocommunication, IoT, data transfer and data gathering, information (e.g.: big-data) processing, etc. All of these issues are related to precision agriculture, smart farming, and smart food processing with the recognition of the increasing importance of electrical and informatics technologies that are incorporated into conventional technologies. The track also includes related aspects of the topics mentioned above, such as traceability (e.g.: from soil-to-food concept), quality aspects, environmental effects, etc. The session also welcomes any advancements in biosystems related to agriculture and food production that incorporate technological developments that lay that foundation for and\/or contribute to building up augmented virtual reality applications. This will be the basis of future agricultural and food processing resulting effective labor force, higher quality production, and transparent traceability. The aimed augmented farm realty will also have a significant effect on the surrounding environment, hence contributing to natural protection and sustainable living. Papers from these fields will also be gladly accepted.<\/p>\n<h5>Includes three Sessions:<\/h5>\n<h5>Session 1: Augmented Reality in Precision Agriculture<\/h5>\n<p>Session Organizer: Dr. G\u00e1bor Milics (Sz\u00e9chenyi Istv\u00e1n University, Hungary)<\/p>\n<p>Digitalization in agriculture opened up new horizons in farming systems. Precision agriculture practices in plant production rely on site-specific data and decision-making processes. Collecting and visualizing data in GIS-based mapping systems provide the possibility for visualizing data in a 3D space. With advanced communication systems, this data can be integrated into augmented reality, creating augmented farming systems leading to an advanced data analyzing and decision-making process.<\/p>\n<h5>Session 2: Recent developments and novel trends in food science and food production<\/h5>\n<p>Session Organizers: Dr. Erika Lakatos Hancz and Dr. Bal\u00e1zs \u00c1sv\u00e1nyi (Sz\u00e9chenyi Istv\u00e1n University, Hungary)<\/p>\n<p>In addition to covering nutrient requirements, a balanced diet also improves cognition and immunity. Moreover, food is known to prevent various diseases and enhance the overall quality of life. In this session, chemical, analytical, and microbiological issues related to safe food products and byproducts will be discussed, with special attention being paid to processing technologies such as fermentation or composting.<\/p>\n<h6>The topics include, but are not limited to:<\/h6>\n<p>\u2022 Food processing and testing<br \/>\n\u2022 Food analytics<br \/>\n\u2022 Food microbiology<br \/>\n\u2022 Fermentation<br \/>\n\u2022 Composting[\/vc_toggle][vc_toggle title=&#8221;Track: ICT-support for organizations during emergencies and accidents&#8221; style=&#8221;arrow&#8221; color=&#8221;black&#8221;]<\/p>\n<h5>Track Organizer:<\/h5>\n<p>Mika Luimula (Turku University of Applied Sciences, Finland)<\/p>\n<h5>Sessions:<\/h5>\n<h5>Session 1: The role of Social media and ICT in emergency situations (Chrisna Ravyse, Edvantage Ltd.)<br \/>\nSession 2: Industry and demo session for applications in emergencies and accidents (Fahmi Bellalouna, Karlsruhe University of Applied Sciences)<br \/>\nSession 3: Virtual Safety Training (Mika Luimula, Turku University of Applied Sciences)<\/h5>\n<p>[\/vc_toggle][vc_toggle title=&#8221;Track: Hybrid Corporate Reality&#8221; style=&#8221;arrow&#8221; color=&#8221;black&#8221;]<\/p>\n<h5>Track Organizer:<\/h5>\n<p>Baracskai Zolt\u00e1n, Koml\u00f3si L\u00e1szl\u00f3, Konczosn\u00e9 Szombathelyi M\u00e1rta (Sz\u00e9chenyi Istv\u00e1n University, Hungary)<\/p>\n<h5>Scope:<\/h5>\n<p>This track is awaiting contributions that can bring back the nimbus of important concepts. Concepts that had once figured as irritating ideas and got worn out from too much use. This has become the fate of several concepts such as Hybrid, Responsibility, Trust, Control, Improbable.<\/p>\n<h5>Sessions:<\/h5>\n<h5>Session 1: Hybrid Corporate Morality \u2013 paramount questions of responsibility<\/h5>\n<p>Session Organizers: Fikret \u010cau\u0161evi\u0107 (University of Sarajevo, Bosnia and Herzegovina)<\/p>\n<h5>Session 2: Hybrid Corporate Culture \u2013 paramount question of trust<\/h5>\n<p>Session Organizers: Frank F\u00fcredi (University of Kent, United Kingdom)<\/p>\n<h5>Session 3: Hybrid Corporate Operations \u2013 models of operation control<\/h5>\n<p>Session Organizers: Peter Kelle (Louisiana State University, USA)<\/p>\n<h5>Session 4: Hybrid Corporate Antifragility \u2013models of improbable future<\/h5>\n<p>Session Organizers: Viktor D\u00f6rfler (University of Strathclyde, United Kingdom)<\/p>\n<h5><\/h5>\n<p>[\/vc_toggle][vc_toggle title=&#8221;Track: BENIP &#8211; Built Environment Information Platform&#8221; style=&#8221;arrow&#8221; color=&#8221;black&#8221;]<\/p>\n<h5>Track Organizers:<\/h5>\n<p>Bal\u00e1zs Horv\u00e1th, J\u00e1nos Sz\u00e9p, Attila Borsos (Sz\u00e9chenyi Istv\u00e1n University)<\/p>\n<h5>Scope:<\/h5>\n<p>The track dealing with the topic of Built Environment Information Platform from different viewpoints. It shows the theoretical and practical aspects of connected and chained world of engineering in the field of built environment from the smaller entities of the architectures (buildings) through the field of the civil engineers (more complex structures) till the big systems of the transportation. The track gives an overview how the engineering of our environment is structured from small till complex.<\/p>\n<h6>The topics include, but are not limited to:<\/h6>\n<p>\uf0b7 Structural engineering<br \/>\n\uf0b7 Constructions<br \/>\n\uf0b7 Geotechnics<br \/>\n\uf0b7 Road operation<br \/>\n\uf0b7 Road design<br \/>\n\uf0b7 Railway infrastructure<br \/>\n\uf0b7 Water resources<br \/>\n\uf0b7 Transport system planning<br \/>\n\uf0b7 Public transport<br \/>\n\uf0b7 Architecture<\/p>\n<h5>Sessions:<\/h5>\n<h5>Session 1: Structural engineering and construction<\/h5>\n<p>Session Organizer: Movahedi Rad Majid (Sz\u00e9chenyi Istv\u00e1n University, Hungary)<\/p>\n<h5>Session 2: Geotechnics<\/h5>\n<p>Session Organizer: Edina Koch (Sz\u00e9chenyi Istv\u00e1n University, Hungary)<\/p>\n<h5>Session 3: Human factor in road operations<\/h5>\n<p>Session Organizer: Attila Borsos (Sz\u00e9chenyi Istv\u00e1n University, Hungary)<\/p>\n<h5>Session 4: Information management in road design<\/h5>\n<p>Session Organizer: Emese Mako (Sz\u00e9chenyi Istv\u00e1n University, Hungary)<\/p>\n<h5>Session 5: Data analysis in railway construction<\/h5>\n<p>Session Organizer: Szabolcs Fischer (Sz\u00e9chenyi Istv\u00e1n University, Hungary)<\/p>\n<h5>Session 6: Data processing and its application in water resources<\/h5>\n<p>Session Organizer: Katalin Bene (Sz\u00e9chenyi Istv\u00e1n University, Hungary)<\/p>\n<h5>Session 7: BENIP in transport system planning<\/h5>\n<p>Session Organizer: Bal\u00e1zs Horv\u00e1th (Sz\u00e9chenyi Istv\u00e1n University, Hungary)<\/p>\n<h5>Session 8: Role of information in architecture<\/h5>\n<p>Session Organizer: P\u00e9ter Bach (Sz\u00e9chenyi Istv\u00e1n University, Hungary)<\/p>\n<h5>Session 9: Sustainable building Construction and building materials<\/h5>\n<p>Session Organizer: D\u00e1vid Bozsaky (Sz\u00e9chenyi Istv\u00e1n University, Hungary)[\/vc_toggle][vc_toggle title=&#8221;Session: UX within CogInfoCom&#8221; style=&#8221;arrow&#8221; color=&#8221;black&#8221;]<\/p>\n<h5>Session Organizer:<\/h5>\n<p>K\u00e1roly Hercegfi (Budapest University of Technology and Economics, Hungary)[\/vc_toggle][vc_toggle title=&#8221;Session: 3D Digital Education&#8221; style=&#8221;arrow&#8221; color=&#8221;black&#8221;]<\/p>\n<h5>Session Organizer:<\/h5>\n<p>Ildik\u00f3 Horv\u00e1th (Sz\u00e9chenyi Istv\u00e1n University, Hungary)[\/vc_toggle][vc_toggle title=&#8221;Session: Mathability&#8221; style=&#8221;arrow&#8221; color=&#8221;black&#8221;]<\/p>\n<h5>Session Organizers:<\/h5>\n<p>Attila Gil\u00e1nyi (University of Debrecen, Hungary)<br \/>\nKatarzyna Chmielewska (Kazimierz Wielki Universit, Poland)[\/vc_toggle][vc_toggle title=&#8221;Session: Multidisciplinar approach of CogInfoCom&#8221; style=&#8221;arrow&#8221; color=&#8221;black&#8221;]<\/p>\n<h5>Session Organizer:<\/h5>\n<p>Marianna Zichar, Attila Fazekas (University of Debrecen, Hungary)<\/p>\n<h5>Scope:<\/h5>\n<p>The main aim is to demonstrate the multidisciplinary characteristics of Cognitive Infocommunication.[\/vc_toggle][vc_toggle title=&#8221;Session: IoD &#8211; Internet of Digital Reality&#8221; style=&#8221;arrow&#8221; color=&#8221;black&#8221;]<\/p>\n<h5>Session Organizer:<\/h5>\n<p>Gy\u00f6rgy Wers\u00e9nyi (Sz\u00e9chenyi Istv\u00e1n University, Hungary)<\/p>\n<h5>Scope:<\/h5>\n<p>Introduction to the Internet of Digital Reality (IoD) includes various aspects of the next level communication network among digital entities using virtual reality scenarios with a focus on technology, human factors, and cognitive aspects.<\/p>\n<h6>The topics include, but are not limited to:<\/h6>\n<p>\uf0b7 AI\/VR\/MR\/Digital Twin<br \/>\n\uf0b7 IoT<br \/>\n\uf0b7 Network management<br \/>\n\uf0b7 Interfaces and accessing devices<br \/>\n\uf0b7 Digital socitey[\/vc_toggle][vc_toggle title=&#8221;Session: Digitally augmented tourism&#8221; style=&#8221;arrow&#8221; color=&#8221;black&#8221;]<\/p>\n<h5>Session Organizer:<\/h5>\n<p>\u00c9va Happ (Sz\u00e9chenyi Istv\u00e1n University, Faculty of Business, Department of Tourism)<\/p>\n<h5>Scope:<\/h5>\n<p>Digitalization is an increasingly important area in all sectors including tourism. The past decade has seen the rapid development of digital tourism in many countries. The aim of the session is to present the new, innovative methods and tools of digital tourism.<\/p>\n<h6>The topics include, but are not limited to:<\/h6>\n<p>\uf0b7 E-tourism<br \/>\n\uf0b7 Smart tourism<br \/>\n\uf0b7 Digital Marketing<br \/>\n\uf0b7 VR in tourism<br \/>\n\uf0b7 AR<br \/>\n\uf0b7 AI<br \/>\n\uf0b7 Digital services in tourism<br \/>\n\uf0b7 Other\u2026[\/vc_toggle][vc_toggle title=&#8221;Session: Autonomous and Cognitive Vehicles and Eco-Diagnostics in Vehicle&#8221; style=&#8221;arrow&#8221; color=&#8221;black&#8221;]<\/p>\n<h5>Session Organizer:<\/h5>\n<p>Istv\u00e1n Lakatos (Sz\u00e9chenyi Istv\u00e1n University)<\/p>\n<h5>Scope:<\/h5>\n<p>This session aims at gathering original works on the car industry, car technology, and diagnostics. The main topic is eco (ecological and economical) diagnostics and autonomous vehicles as well. Artificial intelligence has more importance in this field too.<\/p>\n<h6>The topics include, but are not limited to:<\/h6>\n<p>\uf0b7 Autonomous vehicle<br \/>\n\uf0b7 Car diagnostics<br \/>\n\uf0b7 Electric and hybrid vehicle<br \/>\n\uf0b7 Emission of vehicle<br \/>\n\uf0b7 AI in vehicles[\/vc_toggle][vc_toggle title=&#8221;Session: Digital Environment in Music Mediation&#8221; style=&#8221;arrow&#8221; color=&#8221;black&#8221;]<\/p>\n<h5>Session Organizer:<\/h5>\n<p>Sz\u00e9chenyi University Faculty of Arts, Department of Music<\/p>\n<h5>Scope:<\/h5>\n<p>The world of music provides various opportunities for investigation in the field of performance practices, musicology, education, and related disciplines. The lectures in this section present the status of investigations concerning music, its performance, its history, and its adjoint fields of research in our digital age.<\/p>\n<h6>The topics include, but are not limited to:<\/h6>\n<p>\uf0b7 Music Performance and its Tuition<br \/>\n\uf0b7 Musicology and Music Theory<br \/>\n\uf0b7 Early Childhood, Preschool and School Music Education<br \/>\n\uf0b7 Music and Related Disciplines[\/vc_toggle][vc_toggle title=&#8221;Session: 3D engineering in materials technologies and digitalization in production&#8221; style=&#8221;arrow&#8221; color=&#8221;black&#8221;]<\/p>\n<h5>Session Organizer:<\/h5>\n<p>Ibolya Zsoldos and L\u00e1szl\u00f3 Lendvai (Sz\u00e9chenyi Istv\u00e1n University)<\/p>\n<h5>Scope:<\/h5>\n<p>In this session electric and\/or computational methods of 3D engineering in materials technologies are expected. Research topics of 3D imaging, image processing, 3D volume and surface scanning, additive technologies, and similar 3D techniques, their computational analyses and applications in different technologies are preferred.<\/p>\n<h6>The topics include, but are not limited to:<\/h6>\n<p>\uf0b7 3D imaging<br \/>\n\uf0b7 3D image processing<br \/>\n\uf0b7 3D volume and surface scanning<br \/>\n\uf0b7 Additive technologies and similar 3D techniques<br \/>\n\uf0b7 Computational analyses and applications in different technologies[\/vc_toggle][vc_toggle title=&#8221;Session: TALE &#8211; Tech-Augmented Legal Environment&#8221; style=&#8221;arrow&#8221; color=&#8221;black&#8221;]<\/p>\n<h5>Session Organizer:<\/h5>\n<p>G\u00e1bor Kecsk\u00e9s\u00a0 (Sz\u00e9chenyi Istv\u00e1n University, Hungary)<\/p>\n<h5>Scope:<\/h5>\n<p>The scope of the session is to focus on the relevant changes in law and legal institutions due to contemporary technological and digital innovations. The session includes more presentations with regard to digital technology and the subsequent changes in law.<\/p>\n<h5>The topics include, but are not limited to:<\/h5>\n<p>\uf0b7 Technology and Digitalization and Legal Theory<br \/>\n\uf0b7 Digitalization and Public and Private Law<br \/>\n\uf0b7 Technology and European Law<br \/>\n\uf0b7 Tech-Augmentation in International Law[\/vc_toggle][vc_toggle title=&#8221;Session: Digital Reality in Human Development&#8221; style=&#8221;arrow&#8221; color=&#8221;black&#8221;]<\/p>\n<h5>Session Organizer:<\/h5>\n<p>Attila Pongr\u00e1cz\u00a0 (Sz\u00e9chenyi Istv\u00e1n University, Hungary)<\/p>\n<h5>Scope:<\/h5>\n<p>Digital technologies play an increasingly prominent role in both the lives of employees and human resource management (HRM). In this section, we expect presentations covering the full spectrum of HRM.<\/p>\n<h5>The topics include, but are not limited to:<\/h5>\n<p>\uf0b7 Digitalization and HR Practices<br \/>\n\uf0b7 VR and Recruitment, Selection<br \/>\n\uf0b7 Candidate Onboarding<br \/>\n\uf0b7 Digitalization in Learning<br \/>\n\uf0b7 Training<br \/>\n\uf0b7 Coaching and Development<br \/>\n\uf0b7 Digitalization in Performance Management<br \/>\n\uf0b7 Compensation and Benefits<br \/>\n\uf0b7 Human Resources Information Systems<br \/>\n\uf0b7 HR data and analytics<br \/>\n\uf0b7 Lifelong Guidance<br \/>\n\uf0b7 Work-Life Balance[\/vc_toggle][vc_toggle title=&#8221;Session: Digital reality in fire safety&#8221; style=&#8221;arrow&#8221; color=&#8221;black&#8221;]<\/p>\n<h5>Session Organizer:<\/h5>\n<p>Fire Protection and Technical Safety Group of Department of Mechatronics and Machine Design, Sz\u00e9chenyi Istv\u00e1n University, Gy\u0151r<\/p>\n<h5>Scope:<\/h5>\n<p>The IT support of fire safety tasks, including mobility and buildings.<\/p>\n<h5>The topics include, but are not limited to:<\/h5>\n<p>\uf0b7 Fire safety<br \/>\n\uf0b7 Fire spread simulation<br \/>\n\uf0b7 Evacuation simulation<br \/>\n\uf0b7 Smart-city<br \/>\n\uf0b7 Electric vehicle fire safety<br \/>\n\uf0b7 CogInfoCom in fire safety<br \/>\n\uf0b7 Digital data acquisition and intelligent sensors[\/vc_toggle][\/vc_column][\/vc_row]<\/p>\n","protected":false},"excerpt":{"rendered":"<p>[vc_row][vc_column][vc_btn title=&#8221;Please click here to suggest a Track or Session&#8221; style=&#8221;3d&#8221; color=&#8221;orange&#8221; size=&#8221;lg&#8221; align=&#8221;center&#8221; link=&#8221;url:https%3A%2F%2Fforms.gle%2FLRtxDztaz13LAc3V7|||&#8221;][\/vc_column][\/vc_row][vc_row][vc_column][vc_toggle title=&#8221;Track: Digital Reality vs Ecological Footprint&#8221; style=&#8221;arrow&#8221; color=&#8221;black&#8221;] Track Organizer: Cec\u00edlia Szigeti (Department of International and Theoretical Economics, Kautz Gyula Faculty of Economics) Scope: The ecological footprint provides a wide range of opportunities to measure the impact of human activity [&hellip;]<\/p>\n","protected":false},"author":1,"featured_media":0,"parent":0,"menu_order":0,"comment_status":"closed","ping_status":"closed","template":"","meta":{"footnotes":""},"class_list":["post-30","page","type-page","status-publish","hentry"],"_links":{"self":[{"href":"https:\/\/scitope.com\/coginfocom21\/index.php?rest_route=\/wp\/v2\/pages\/30","targetHints":{"allow":["GET"]}}],"collection":[{"href":"https:\/\/scitope.com\/coginfocom21\/index.php?rest_route=\/wp\/v2\/pages"}],"about":[{"href":"https:\/\/scitope.com\/coginfocom21\/index.php?rest_route=\/wp\/v2\/types\/page"}],"author":[{"embeddable":true,"href":"https:\/\/scitope.com\/coginfocom21\/index.php?rest_route=\/wp\/v2\/users\/1"}],"replies":[{"embeddable":true,"href":"https:\/\/scitope.com\/coginfocom21\/index.php?rest_route=%2Fwp%2Fv2%2Fcomments&post=30"}],"version-history":[{"count":54,"href":"https:\/\/scitope.com\/coginfocom21\/index.php?rest_route=\/wp\/v2\/pages\/30\/revisions"}],"predecessor-version":[{"id":489,"href":"https:\/\/scitope.com\/coginfocom21\/index.php?rest_route=\/wp\/v2\/pages\/30\/revisions\/489"}],"wp:attachment":[{"href":"https:\/\/scitope.com\/coginfocom21\/index.php?rest_route=%2Fwp%2Fv2%2Fmedia&parent=30"}],"curies":[{"name":"wp","href":"https:\/\/api.w.org\/{rel}","templated":true}]}}