{"id":14,"date":"2020-01-02T13:38:50","date_gmt":"2020-01-02T13:38:50","guid":{"rendered":"https:\/\/scitope.com\/coginfocom20\/?page_id=14"},"modified":"2022-09-28T13:49:19","modified_gmt":"2022-09-28T13:49:19","slug":"home","status":"publish","type":"page","link":"https:\/\/scitope.com\/coginfocom22\/","title":{"rendered":"HOME"},"content":{"rendered":"<p>[vc_row][vc_column][vc_column_text]<\/p>\n<div class=\"container\">\n<h1 class=\"site-description\" style=\"text-align: center;\"><strong>13th IEEE International Conference on Cognitive InfoCommunications<\/strong><\/h1>\n<h2 style=\"text-align: center;\">22-23 September 2022, Online<\/h2>\n<\/div>\n<h3 style=\"text-align: center;\"><\/h3>\n<p>[\/vc_column_text][\/vc_column][\/vc_row][vc_row][vc_column][vc_column_text]<\/p>\n<div class=\"container\">\n<h3 style=\"text-align: center;\">SPECIAL JOURNAL ISSUES\u00a0 WILL BE PUBLISHED BASED ON THE EXTENDED VERSIONS OF SELECTED PAPERS<strong><br \/>\n<\/strong><\/h3>\n<\/div>\n<h4 style=\"text-align: center;\"><\/h4>\n<div class=\"container\">\n<h4 style=\"text-align: center;\"><\/h4>\n<h4 style=\"text-align: center;\"><\/h4>\n<h4 style=\"text-align: center;\"><\/h4>\n<\/div>\n<p>[\/vc_column_text][vc_column_text]<\/p>\n<h4 style=\"text-align: center;\">Special Issue on &#8222;Cognitive Infocommunications in Service of Sustainable Digital Spaces&#8221; <strong><a href=\"https:\/\/www.mdpi.com\/journal\/sustainability\/special_issues\/D22CV5IL7T\">Click here for Call for Papers<\/a><\/strong><\/h4>\n<p>[\/vc_column_text][\/vc_column][\/vc_row][vc_row][vc_column][vc_column_text]<\/p>\n<div class=\"container\">\n<h3 style=\"text-align: left;\"><span style=\"font-size: 30px;\">Scope<\/span><\/h3>\n<\/div>\n<div class=\"container\">\n<p>Cognitive infocommunications (CogInfoCom,\u00a0<a href=\"http:\/\/coginfocom.hu\/\" target=\"_blank\" rel=\"noopener noreferrer\" data-saferedirecturl=\"https:\/\/www.google.com\/url?hl=hu&amp;q=http:\/\/CogInfoCom.hu&amp;source=gmail&amp;ust=1517248206394000&amp;usg=AFQjCNEJLa6cTtx3sNT6RGpJ6ZbZQWWNTg\">CogInfoCom.hu<\/a>) investigates the link between the research areas of infocommunications and cognitive sciences, as well as the various engineering applications which have emerged as the synergic combination of these sciences. The primary goal of CogInfoCom is to provide a systematic view of how cognitive processes can co-evolve with infocommunications devices so that the capabilities of the human brain may not only be extended through these devices, irrespective of geographical distance but may also be blended with the capabilities of any artificially cognitive system. This merging and extension of cognitive capabilities are targeted towards engineering applications in which artificial and\/or natural cognitive systems are enabled to work together more effectively.\u00a0For the collection of CogInfoCom papers please\u00a0<a href=\"http:\/\/scitope.com\/coginfocom19\/?page_id=16\" target=\"_blank\" rel=\"noopener noreferrer\">click here.<\/a><\/p>\n<\/div>\n<p>[\/vc_column_text][\/vc_column][\/vc_row][vc_row][vc_column][vc_column_text]<\/p>\n<h2>Topics<\/h2>\n<p>The conference is open to topic proposals. Please <a href=\"https:\/\/forms.gle\/uwwtYuRzoqj9Qqoz8\">click HERE<\/a> to submit your proposal.[\/vc_column_text][\/vc_column][\/vc_row][vc_row][vc_column width=&#8221;1\/2&#8243;][vc_column_text]<strong>Internet of Digital Reality (VR, AR, XR MR, Digital Twin, Digital Shadow)<\/strong><\/p>\n<p><strong>Hybrid Corporate Reality <\/strong><\/p>\n<p><strong>Tech Augmented Legal Environment<\/strong><\/p>\n<p style=\"font-weight: 400;\"><strong>Artificial cognitive capabilities<\/strong><strong>\u00a0<\/strong><strong>\u00a0<\/strong><\/p>\n<p style=\"font-weight: 400;\"><strong>AI, Maschine and deep learning<\/strong><\/p>\n<p style=\"font-weight: 400;\"><strong>HCI, HMI, HRI<\/strong><\/p>\n<p style=\"font-weight: 400;\"><strong>Industry 4.0<\/strong><strong>\u00a0<\/strong><\/p>\n<p style=\"font-weight: 400;\"><strong>Virtual and Augmented Reality<\/strong><strong>\u00a0<\/strong><\/p>\n<p style=\"font-weight: 400;\"><strong>Future Internet<\/strong><\/p>\n<p style=\"font-weight: 400;\"><strong>Informatics in Cognitive Sciences<\/strong><\/p>\n<p style=\"font-weight: 400;\"><strong>Embodied and enactive cognitive systems<\/strong>\u00a0<strong>\u00a0<\/strong><\/p>\n<p style=\"font-weight: 400;\"><strong>Cognitive networks<\/strong><strong>\u00a0and their intelligent capabilities<\/strong><\/p>\n<p style=\"font-weight: 400;\"><strong>Virtual and real avatars<\/strong><\/p>\n<p>[\/vc_column_text][\/vc_column][vc_column width=&#8221;1\/2&#8243;][vc_column_text]<\/p>\n<p style=\"font-weight: 400;\"><strong>Intelligent Vehicle and Transportation Systems<\/strong>\u00a0<strong>\u00a0<\/strong><\/p>\n<p style=\"font-weight: 400;\"><strong>Smart city<\/strong><\/p>\n<p style=\"font-weight: 400;\"><strong>Digital Education<\/strong><\/p>\n<p style=\"font-weight: 400;\"><strong>CogInfoCom based learnability<\/strong><\/p>\n<p style=\"font-weight: 400;\"><strong>Advanced driver assistance systems<\/strong><\/p>\n<p style=\"font-weight: 400;\"><strong>Cognitive Data Visualization<\/strong><strong>\u00a0<\/strong><\/p>\n<p style=\"font-weight: 400;\"><strong>Mathability<\/strong><\/p>\n<p style=\"font-weight: 400;\"><strong>Ergonomics-based aspects of CogInfoCom<\/strong><\/p>\n<p style=\"font-weight: 400;\"><strong>Socio-cognitive ICT<\/strong><\/p>\n<p style=\"font-weight: 400;\"><strong>Ergonomics-based aspects of CogInfoCom<\/strong><\/p>\n<p><strong>Affective Computing<\/strong><\/p>\n<p><strong>Digital Reality vs Ecological Footprint<\/strong><\/p>\n<p style=\"font-weight: 400;\"><strong>Face and gesture recognition<\/strong><strong>\u00a0<\/strong><\/p>\n<p style=\"font-weight: 400;\"><strong>Bio-Cognitive-Digital Interfaces, wearable\u00a0interfaces<\/strong><\/p>\n<p>[\/vc_column_text][\/vc_column][\/vc_row][vc_row][vc_column][vc_column_text]<\/p>\n<h2><strong>Committees<\/strong><\/h2>\n<p>[\/vc_column_text][\/vc_column][\/vc_row][vc_row][vc_column][vc_column_text]<strong>Chairs<\/strong><em><i><small><br \/>\n<\/small><\/i><\/em>Katarzyna Chmielewska, <i><small>Kazimierz Wielki Universit<\/small><\/i><i><small>, Poland<br \/>\n<\/small><\/i><i><small><\/small><\/i>Anna Esposito,\u00a0<i><small>Universit\u00e0 degli Studi della Campania \u201cLuigi Vanvitelli\u201d, Italy<br \/>\n<\/small><\/i>P\u00e9ter Baranyi,\u00a0<i><small>Sz\u00e9chenyi Istv\u00e1n University, Hungary<\/small><\/i><\/p>\n<p><strong>Honorary Chairs<br \/>\n<\/strong>Marek Macko, <i><small>Kazimierz Wielki Universit<\/small><\/i><i><small>, Poland<br \/>\n<\/small><\/i>Vilmos Cs\u00e1nyi,<i><small><em> MTA, Hungary<\/em><\/small><\/i><br \/>\nVal\u00e9ria Cs\u00e9pe, <i><small><em>MTA, Hungary<\/em><\/small><\/i><em><br \/>\n<\/em>J\u00f3zsef\u00a0Bokor, <i><small><em>MTA, Hungary\u00a0<\/em><\/small><\/i><br \/>\nHelen Meng,\u00a0<i><small><em>Chinese University of Hong Kong, China<br \/>\n<\/em><\/small><\/i>Junzo Watada, <i><small><em>Petronas University of Technology, Malaysia<br \/>\n<\/em><\/small><\/i>Ilona Heldal<strong>, <\/strong><i><small><em>Western Norway University of Applied Sciences, Norway<\/em><\/small><\/i><\/p>\n<p><strong>International Scientific Board Chairs<br \/>\n<\/strong>Izabela Rojek, <i><small>Kazimierz Wielki Universit<\/small><\/i><i><small>, Poland<br \/>\n<\/small><\/i>Carl Vogel<strong>,\u00a0<\/strong><i><small><em>Trinity College Dublin, Ireland<br \/>\n<\/em><\/small><\/i>Nelson Mauro Maldonato, <i><small><em>Universit\u00e0 di Napoli Federico II, Italy\u00a0<\/em><\/small><\/i><\/p>\n<p><strong>International Scientific Board<br \/>\n<\/strong>Katarzyna Chmielewska, <i><small>Kazimierz Wielki Universit<\/small><\/i><i><small>, Poland<br \/>\n<\/small><\/i>Dariusz Miko\u0142ajewski, <i><small>Kazimierz Wielki Universit<\/small><\/i><i><small>, Poland<br \/>\n<\/small><\/i>Piotr Prokopowicz, <i><small>Kazimierz Wielki Universit<\/small><\/i><i><small>, Poland<br \/>\n<\/small><\/i>Aleksandra Mre\u0142a, <i><small>Kazimierz Wielki Universit<\/small><\/i><i><small>, Poland<br \/>\n<\/small><\/i>Attila Gil\u00e1nyi, <i><small><em>University of Debrecen, Hungary\u00a0<\/em><\/small><\/i><strong><br \/>\n<\/strong>Gy\u00f6rgy Szasz\u00e1k,<em>\u00a0<i><small>Budapest University of Technology and Economics, Hungary<br \/>\n<\/small><\/i><\/em>Yeung Yam,\u00a0<i><small><em>Chinese University of Hong Kong, China\u00a0<\/em><\/small><\/i><br \/>\nMiroslav Macik, <i><small>Czech Technical University in Prague, Czech Republic<\/small><\/i><i><small><br \/>\n<\/small><\/i>Maria Koutsombogera,\u00a0<i><small>Trinity College, Dublin<\/small><\/i><br \/>\nAtsushi Ito, <i><small>Utsunomiya University, Japan<br \/>\n<\/small><\/i><i><small><\/small><\/i>Gy\u00f6rgy Moln\u00e1r<em>,\u00a0<i><small>Budapest Univesity of Technology and Economics, Hungary<\/small><\/i><\/em><\/p>\n<p><strong>International Organizing Committee Chair<br \/>\n<\/strong>Paulina Szyszkowska, <i><small>Kazimierz Wielki Universit<\/small><\/i><i><small>, Poland<\/small><\/i><\/p>\n<p><strong>International Organizing Committee<br \/>\n<\/strong>Agnieszka \u0141ukasiewicz, <i><small>Kazimierz Wielki Universit<\/small><\/i><i><small>, Poland<br \/>\n<\/small><\/i>Karolina Mroczy\u0144ska, <i><small>Kazimierz Wielki Universit<\/small><\/i><i><small>, Poland<br \/>\n<\/small><\/i>Mariola Marciniak, <i><small>Kazimierz Wielki Universit<\/small><\/i><i><small>, Poland<br \/>\n<\/small><\/i>Zolt\u00e1n Baracskai<strong>, <\/strong><i><small><em>Sz\u00e9chenyi Istv\u00e1n University, Hungary<br \/>\n<\/em><\/small><\/i>Kl\u00e1ra Vicsi, <em><i><small>Budapest University of Technology and Economics, Hungary<br \/>\n<\/small><\/i><\/em><i><small><\/small><\/i>Fahmi Bellalouna, <em><i><small>Karlsruhe University of Applied Sciences, Germany<br \/>\n<\/small><\/i><\/em>Attila K\u0151v\u00e1ri<em>,\u00a0<i><small>University of Duna\u00fajv\u00e1ros, Hungary<br \/>\n<\/small><\/i><\/em>Milan Gnjatovic<em>, <i><small>University of Criminal Investigation and Police Studies in Belgrade, Serbia<\/small><\/i><\/em><\/p>\n<p><strong>International Program Committee<br \/>\n<\/strong>J\u00f3zsef Katona<strong>, <\/strong><i><small><em>University of Duna\u00fajv\u00e1ros, Hungary<br \/>\n<\/em><\/small><\/i>Veronika Sz\u00fccs<strong>, <\/strong><i><small><em>University of Pannonia, Hungary<br \/>\n<\/em><\/small><\/i>Gennaro Cordasco<strong>, <\/strong><i><small><em>Universita&#8217; degli Studi della Campania &#8222;Luigi Vanvitelli&#8221;, Italy<br \/>\n<\/em><\/small><\/i>Erzs\u00e9bet T\u00f3th<strong>, <\/strong><i><small><em>University of Debrecen, Hungary<br \/>\n<\/em><\/small><\/i>Marianna Zichar<strong>, <\/strong><i><small><em>University of Debrecen, Hungary<\/em><\/small><\/i><\/p>\n<p><strong>Technical Program Committee Chair<br \/>\n<\/strong>\u00c1d\u00e1m Csap\u00f3<strong>, <\/strong><i><small><em>Sz\u00e9chenyi Istv\u00e1n University, Hungary\u00a0<\/em><\/small><\/i><\/p>\n<p><strong>Technical Program Committee<\/strong><\/p>\n<p>Polina Haefner<em>,<i><small> Karlsruhe Institute of Technology, Germany University West, Sweden<br \/>\n<\/small><\/i><\/em>Ann Svensson, <em><i><small>University West, Sweden<br \/>\n<\/small><\/i><\/em>Atsushi Ito, <i><small>Utsunomiya University, Japan<br \/>\n<\/small><\/i>Victor H\u00e4fner, <em><i><small>Karlsruhe Institute of Technology, Germany<br \/>\n<\/small><\/i><\/em>\u00c1goston T\u00f6r\u00f6k<em>,<i><small>\u00a0Coach AI, Germany<br \/>\n<\/small><\/i><\/em>G\u00e1bor Sz\u0171cs, <em><i><small>Budapest Univesity of Technology and Economics, Hungary<br \/>\n<\/small><\/i><\/em>Katarzyna Chmielewska, <i><small>Kazimierz Wielki University<\/small><\/i><i><small>, Poland<br \/>\n<\/small><\/i>Maria Koutsombogera,\u00a0<i><small>Trinity College, Dublin<br \/>\n<\/small><\/i>Zolt\u00e1n Kvasznicza<em>\u00a0<i><small>University of P\u00e9cs, Hungary<br \/>\n<\/small><\/i><\/em>Izabela Rojek, <i><small>Kazimierz Wielki University<\/small><\/i><i><small>, Poland<br \/>\n<\/small><\/i>Dariusz Miko\u0142ajewski, <i><small>Kazimierz Wielki University<\/small><\/i><i><small>, Poland<br \/>\n<\/small><\/i>Piotr Prokopowicz, <i><small>Jagiellonian University<\/small><\/i><i><small>, Poland<br \/>\n<\/small><\/i><i><small><\/small><\/i>Gy\u00f6rgy Moln\u00e1r<em>,\u00a0<i><small>Budapest Univesity of Technology and Economics, Hungary<br \/>\n<\/small><\/i><\/em>Miroslav Macik, <i><small>Czech Technical University in Prague, Czech Republic<br \/>\n<\/small><\/i><i><small><\/small><\/i>Dalma Geszten, <em>\u00a0<i><small>Budapest Univesity of Technology and Economics, Hungary<br \/>\n<\/small><\/i><\/em>Ildik\u00f3 Horv\u00e1th<strong>,\u00a0<\/strong><i><small><em>Sz\u00e9chenyi Istv\u00e1n University, Hungary<br \/>\n<\/em><\/small><\/i>Milan Gnjatovic<em>, <i><small>University of Criminal Investigation and Police Studies in Belgrade, Serbia<br \/>\n<\/small><\/i><\/em>M\u00e1t\u00e9 Z\u00f6ldy, <em>\u00a0<i><small>Budapest Univesity of Technology and Economics, Hungary<br \/>\n<\/small><\/i><\/em>\u00c1d\u00e1m Csap\u00f3<strong>,\u00a0<\/strong><i><small><em>Sz\u00e9chenyi Istv\u00e1n University, Hungary<br \/>\n<\/em><\/small><\/i>K\u00e1roly Hercegfi, <em>\u00a0<i><small>Budapest Univesity of Technology and Economics, Hungary<br \/>\n<\/small><\/i><\/em>P\u00e9ter Baranyi<strong>,\u00a0<\/strong><i><small><em>Sz\u00e9chenyi Istv\u00e1n University, Hungary<br \/>\n<\/em><\/small><\/i>P\u00e9ter Galambos, <em><i><small>\u00d3buda University, Hungary<br \/>\n<\/small><\/i><\/em>Veronika Sz\u00fccs, <i><small><em>University of Pannonia, Hungary<br \/>\n<\/em><\/small><\/i>Attila K\u0151v\u00e1ri, <em><i><small>\u00d3buda University, Hungary<br \/>\n<\/small><\/i><\/em>J\u00f3zsef Katona, <em><i><small>University of Duna\u00fajv\u00e1ros, Hungary<br \/>\n<\/small><\/i><\/em>Tibor Guzsvinecz, <em><i><small>University of Pannonia, Hungary<br \/>\n<\/small><\/i><\/em>Borb\u00e1la Berki<em>,\u00a0<i><small>Sz\u00e9chenyi Istv\u00e1n University, Hungary<br \/>\n<\/small><\/i><\/em>Anna Sud\u00e1r<em>,\u00a0<i><small>Sz\u00e9chenyi Istv\u00e1n University, Hungary<\/small><\/i><\/em><\/p>\n<p><strong>Publication Chair<\/strong><br \/>\nAnik\u00f3 Szak\u00e1l, <i><small>\u00d3buda University, Hungary<\/small><\/i><\/p>\n<p><strong>Treasurer<\/strong><br \/>\nAnik\u00f3 Szak\u00e1l, <i><small>\u00d3buda University, Hungary<\/small><\/i>[\/vc_column_text][\/vc_column][\/vc_row][vc_row][vc_column][vc_column_text]<\/p>\n<h2><strong>Sponsors &amp; Organizers<\/strong><\/h2>\n<p>[\/vc_column_text][\/vc_column][\/vc_row][vc_row][vc_column][vc_single_image image=&#8221;184&#8243; img_size=&#8221;medium&#8221; alignment=&#8221;center&#8221;][vc_column_text]<\/p>\n<h4 style=\"text-align: center;\">IEEE Hungary Section<\/h4>\n<p>[\/vc_column_text][\/vc_column][\/vc_row][vc_row][vc_column width=&#8221;1\/3&#8243;][vc_column_text]<\/p>\n<h4 style=\"text-align: center;\">IEEE Systems, Man and Cybernetics\u00a0 Chapter, Hungary<\/h4>\n<p>[\/vc_column_text][\/vc_column][vc_column width=&#8221;1\/3&#8243;][vc_column_text]<\/p>\n<h4 style=\"text-align: center;\">IEEE Computational Intelligence Chapter, Hungary<\/h4>\n<p>[\/vc_column_text][\/vc_column][vc_column width=&#8221;1\/3&#8243;][vc_column_text]<\/p>\n<h4 style=\"text-align: center;\">IEEE IES and RAS Chapters, Hungary<\/h4>\n<p>[\/vc_column_text][\/vc_column][\/vc_row][vc_row][vc_column][vc_separator style=&#8221;shadow&#8221;][\/vc_column][\/vc_row][vc_row][vc_column][vc_single_image image=&#8221;456&#8243; img_size=&#8221;medium&#8221; alignment=&#8221;center&#8221;][vc_column_text]<\/p>\n<h4 style=\"text-align: center;\">Scientific Community<\/h4>\n<p>[\/vc_column_text][\/vc_column][\/vc_row][vc_row][vc_column][vc_column_text]<\/p>\n<h2><strong>In Scientific Co-Operation With<\/strong><\/h2>\n<p>[\/vc_column_text][vc_column_text]<\/p>\n<p style=\"text-align: center;\">E\u00f6tv\u00f6s Lor\u00e1nd Research Network<br \/>\nCognitive Mapping of Decision Support Systems Research Group<\/p>\n<p>[\/vc_column_text][\/vc_column][\/vc_row]<\/p>\n","protected":false},"excerpt":{"rendered":"<p>[vc_row][vc_column][vc_column_text] 13th IEEE International Conference on Cognitive InfoCommunications 22-23 September 2022, Online [\/vc_column_text][\/vc_column][\/vc_row][vc_row][vc_column][vc_column_text] SPECIAL JOURNAL ISSUES\u00a0 WILL BE PUBLISHED BASED ON THE EXTENDED VERSIONS OF SELECTED PAPERS [\/vc_column_text][vc_column_text] Special Issue on &#8222;Cognitive Infocommunications in Service of Sustainable Digital Spaces&#8221; Click here for Call for Papers [\/vc_column_text][\/vc_column][\/vc_row][vc_row][vc_column][vc_column_text] Scope Cognitive infocommunications (CogInfoCom,\u00a0CogInfoCom.hu) investigates the link between the [&hellip;]<\/p>\n","protected":false},"author":1,"featured_media":0,"parent":0,"menu_order":0,"comment_status":"closed","ping_status":"closed","template":"","meta":{"footnotes":""},"class_list":["post-14","page","type-page","status-publish","hentry"],"_links":{"self":[{"href":"https:\/\/scitope.com\/coginfocom22\/index.php?rest_route=\/wp\/v2\/pages\/14","targetHints":{"allow":["GET"]}}],"collection":[{"href":"https:\/\/scitope.com\/coginfocom22\/index.php?rest_route=\/wp\/v2\/pages"}],"about":[{"href":"https:\/\/scitope.com\/coginfocom22\/index.php?rest_route=\/wp\/v2\/types\/page"}],"author":[{"embeddable":true,"href":"https:\/\/scitope.com\/coginfocom22\/index.php?rest_route=\/wp\/v2\/users\/1"}],"replies":[{"embeddable":true,"href":"https:\/\/scitope.com\/coginfocom22\/index.php?rest_route=%2Fwp%2Fv2%2Fcomments&post=14"}],"version-history":[{"count":76,"href":"https:\/\/scitope.com\/coginfocom22\/index.php?rest_route=\/wp\/v2\/pages\/14\/revisions"}],"predecessor-version":[{"id":501,"href":"https:\/\/scitope.com\/coginfocom22\/index.php?rest_route=\/wp\/v2\/pages\/14\/revisions\/501"}],"wp:attachment":[{"href":"https:\/\/scitope.com\/coginfocom22\/index.php?rest_route=%2Fwp%2Fv2%2Fmedia&parent=14"}],"curies":[{"name":"wp","href":"https:\/\/api.w.org\/{rel}","templated":true}]}}