{"id":32,"date":"2020-01-02T13:42:20","date_gmt":"2020-01-02T13:42:20","guid":{"rendered":"https:\/\/scitope.com\/coginfocom20\/?page_id=32"},"modified":"2024-11-21T17:58:28","modified_gmt":"2024-11-21T17:58:28","slug":"venue","status":"publish","type":"page","link":"https:\/\/scitope.com\/coginfocom24\/?page_id=32","title":{"rendered":"Committees"},"content":{"rendered":"<p>[vc_row][vc_column][vc_column_text]<\/p>\n<p class=\"_04xlpA direction-ltr align-start para-style-body\"><strong><span class=\"S1PPyQ\">Chairs<br \/>\n<\/span><\/strong><span class=\"S1PPyQ\">Atsushi Ito, Chuo University, Japan<\/span><span class=\"S1PPyQ\"><br \/>\n<\/span><span class=\"S1PPyQ\">P\u00e9ter Baranyi, CIAS at the Corvinus University of Budapest, Hungary<\/span><\/p>\n<p class=\"_04xlpA direction-ltr align-start para-style-body\"><strong><span class=\"S1PPyQ\">Co-Chair<br \/>\n<\/span><\/strong><span class=\"S1PPyQ\">Anna Esposito, <\/span><span class=\"S1PPyQ\">Universit\u00e0 degli Studi della <\/span><span class=\"S1PPyQ\">Campania \u201cLuigi Vanvitelli\u201d, Italy<\/span><\/p>\n<p class=\"_04xlpA direction-ltr align-start para-style-body\"><strong><span class=\"S1PPyQ\">Honorary Chairs<br \/>\n<\/span><\/strong>Thoru Ifukube, Professor Emeritus of The University of\u00a0 Tokyo and Hokkaido University,\u00a0 and Visiting Researcher of the Institute of Gerontology at The University of Tokyo<br \/>\n<span class=\"S1PPyQ\">Helen Meng, The Chinese University of Hong Kong and Centre for Perceptual and Interactive Intelligence<br \/>\n<\/span><\/p>\n<p class=\"_04xlpA direction-ltr align-start para-style-body\"><strong><span class=\"S1PPyQ\">Honorary Committee<br \/>\n<\/span><\/strong><span class=\"S1PPyQ\">Imre Rudas, \u00d3buda University, Hungary<br \/>\n<\/span><span class=\"S1PPyQ\">Levente Kov\u00e1cs, \u00d3buda University, Hungary<br \/>\n<\/span><span class=\"S1PPyQ\">Vilmos Cs\u00e1nyi, Hungarian Academy of Sciences, Hungary<br \/>\n<\/span><span class=\"S1PPyQ\">Val\u00e9ria Cs\u00e9pe, Hungarian Academy of Sciences, Hungary<\/span><\/p>\n<p><strong><span class=\"S1PPyQ\">International Steering Committee<br \/>\n<\/span><\/strong><span class=\"S1PPyQ\">Kazutaka Ueda, University of Tokyo, Japan<br \/>\nYasunari Harada, Waseda University, Japan<br \/>\nHirotsugu Yamamoto, Utsunomiya University, Japan<br \/>\n<\/span><\/p>\n<p class=\"_04xlpA direction-ltr align-start para-style-body\"><strong><span class=\"S1PPyQ\">International Scientific Board Chairs<br \/>\n<\/span><\/strong><span class=\"S1PPyQ\">Carl Vogel, <\/span><span class=\"S1PPyQ\">Trinity College Dublin, Ireland<br \/>\nKatarzyna Chmielewska, Kazimierz Wielki University, Poland<br \/>\n<\/span><\/p>\n<p class=\"_04xlpA direction-ltr align-start para-style-body\"><strong><span class=\"S1PPyQ\">International Scientific Board<br \/>\n<\/span><\/strong><span class=\"S1PPyQ\">Yeung Yam, Chinese The University of Hong Kong and Shenzhen Research Institute<br \/>\nMadoka Hasegawa, Utsunomiya University, Japan<br \/>\nNaoto Hoshikawa, Tsukuba University, Japan<br \/>\nMasafumi Koike, Utsunomiya University, Japan<br \/>\nKin Fong Lei, Chang Gung University, Taiwan<br \/>\n<\/span><span class=\"S1PPyQ\"><span class=\"JsGRdQ\">Annam\u00e1ria R. V\u00e1rkonyi-K\u00f3czy, \u00d3buda University, Hungary<\/span><br \/>\n<\/span><span class=\"S1PPyQ\">Junzo Watada, Petronas University of Technology, Malaysia<br \/>\n<\/span><span class=\"S1PPyQ\">Andrea K\u0151, Corvinus University of Budapest<br \/>\n<\/span><span class=\"S1PPyQ\">Attila Gil\u00e1nyi, University of Debrecen, Hungary<br \/>\n<\/span><span class=\"S1PPyQ\">Maria Koutsombogera, Trinity College, Dublin<br \/>\n<\/span><span class=\"S1PPyQ\">Gy\u00f6rgy Szasz\u00e1k, Budapest University of Technology and Economics, Hungary<br \/>\n<\/span><span class=\"S1PPyQ\">Sik-L\u00e1nyi Cec\u00edlia, University of Pannonia, Hungary<br \/>\nEigner Gy\u00f6rgy, \u00d3buda University, Hungary<br \/>\nKozlovszky Mikl\u00f3s,\u00a0\u00d3buda University, Hungary<br \/>\nGy\u00f6r\u00f6k Gy\u00f6rgy, \u00d3buda University, Hungary<br \/>\n<\/span><\/p>\n<p class=\"_04xlpA direction-ltr align-start para-style-body\"><strong><span class=\"S1PPyQ\">International Organizing Committee Chair<br \/>\n<\/span><\/strong><span class=\"S1PPyQ\">Ildik\u00f3 Horv\u00e1th, CIAS at the Corvinus University of Budapest, Hungary<\/span><\/p>\n<p class=\"_04xlpA direction-ltr align-start para-style-body\"><strong><span class=\"S1PPyQ\">International Organizing Committee<br \/>\n<\/span><\/strong><span class=\"S1PPyQ\">Yoshiko Sueda, Meisei University, Japan<br \/>\nYuko Hiramatsu, Chuo University, Japan<br \/>\nKazuhiro Kikuma, Nihon University, Japan<br \/>\nMiwa Morishita, Kobe-Gakuin University, Japan<br \/>\nNorihiro Fukumoto, KDDI R&amp;D Laboratories, Japan<br \/>\nMie Sato, Utsunomiya University, Japan<br \/>\nAung Pyea, Chulalongkorn University, Thailand<br \/>\nMiroslav Macik, Czech Technical University in Prague, Czech Republic<br \/>\n<\/span><span class=\"S1PPyQ\">Milan Gnjatovic, University of Criminal Investigation and Police Studies in Belgrade, Serbia<br \/>\n<\/span><span class=\"S1PPyQ\">Erzs\u00e9bet T\u00f3th, University of Debrecen, Hungary<br \/>\nFerenc Kiss, R&amp;D director, Foundation for Information Society, Hungary<br \/>\n<\/span>Attila Fazekas, University of Debrecen, Hungary<br \/>\nZolt\u00e1n God\u00f3, University of Debrecen, Hungary<br \/>\nSzak\u00e1l Anik\u00f3, \u00d3buda University, Hungary<br \/>\nKall\u00f3s No\u00e9mi, \u00d3buda University, Hungary<br \/>\nTibor Guzsvinecz, University of Pannonia, Hungary<br \/>\nVeronika Sz\u00fccs, University of Pannonia, Hungary<br \/>\nT\u00f3th Barbara,\u00a0\u00d3buda University, Hungary<\/p>\n<p class=\"_04xlpA direction-ltr align-start para-style-body\"><strong><span class=\"S1PPyQ\">International Program Committee<br \/>\n<\/span><\/strong><span class=\"S1PPyQ\">Marianna Zichar, University of Debrecen, Hungary<br \/>\n<\/span><span class=\"S1PPyQ\">P\u00e9ter F\u00f6ldesi, Sz\u00e9chenyi Istv\u00e1n University<br \/>\n<\/span><span class=\"S1PPyQ\">Stanislav Ondas, Technical University of Kosice<br \/>\n<\/span><span class=\"S1PPyQ\">D\u00e1vid Sztah\u00f3, Budapest University of Technology and <\/span><span class=\"S1PPyQ\">Economics, Hungary<br \/>\n<\/span>Haidegger Tam\u00e1s, \u00d3buda University, Hungary<br \/>\nKert\u00e9sz G\u00e1bor, \u00d3buda University, Hungary<br \/>\nLaufer Edit, \u00d3buda University, Hungary<br \/>\nTak\u00e1cs M\u00e1rta, \u00d3buda University, Hungary<br \/>\nNagyn\u00e9 Hajnal \u00c9va, \u00d3buda University, Hungary<br \/>\n<span class=\"S1PPyQ\">Anna Sud\u00e1r, CIAS at the Corvinus University of Budapest, Hungary<\/span><br \/>\nBorb\u00e1la Berki, CIAS at the <span class=\"S1PPyQ\">Corvinus University of Budapest, Hungary<\/span><br \/>\nKar\u00e1csony P\u00e9ter, \u00d3buda University, Hungary<br \/>\n<u><\/u><u><\/u>Zsombor Zrubka,\u00a0\u00d3buda University, Hungary<\/p>\n<p class=\"_04xlpA direction-ltr align-start para-style-body\"><strong><span class=\"S1PPyQ\">Technical Program Committee Chair<br \/>\n<\/span><\/strong><span class=\"S1PPyQ\">\u00c1d\u00e1m Csap\u00f3, CIAS at the Corvinus University of Budapest, Hungary<\/span><\/p>\n<p class=\"_04xlpA direction-ltr align-start para-style-body\"><strong><span class=\"S1PPyQ\">Technical Program Committee<\/span><\/strong><br \/>\nMasafumi Koike, Utsunomiya University, Japan<br \/>\nYasunari Harada, Waseda University, Japan<br \/>\nNaoto Hoshikawa, Tsukuba University, Japan<br \/>\nKazuhiro Kikuma, Nihon University, Japan<br \/>\nHideyoshi Yanagisawa, The University of Tokyo, Japan<br \/>\nMadoka Hasegawa, Utsunomiya University, Japan<br \/>\nMiwa Morishita, Kobe-Gakuin University, Japan<br \/>\nNorihiro Fukumoto, KDDI R&amp;D Laboratories, Japan<br \/>\nYasuhiro Seya, Ritsumeikan University, Japan<br \/>\nKazutaka Ueda, The University of Tokyo, Japan<br \/>\nRadu-Emil Precup, Politehnica University of Timisoara, Romania<br \/>\nMunekazu Date,Tokushima Bunri University, Japan<br \/>\nHirotsugu Yamamoto, Utsunomiya University, Japan<br \/>\nMie Sato, Utsunomiya University, Japan<br \/>\n<span class=\"S1PPyQ\">Katarzyna Chmielewska,\u00a0<\/span><span class=\"S1PPyQ\">Kazimierz Wielki University,\u00a0<\/span><span class=\"S1PPyQ\">Poland<\/span><br \/>\n\u00c1goston T\u00f6r\u00f6k, Promaton, Netherlands<br \/>\n<span class=\"S1PPyQ\">Claudiu Pozna, Sz\u00e9chenyi Istv\u00e1n University<\/span><br \/>\nErzs\u00e9bet T\u00f3th, University of Debrecen, Hungary<br \/>\nMilan Gnjatovic, University of Criminal Investigation and Police Studies in Belgrade, Serbia<br \/>\n<span class=\"S1PPyQ\">Ildik\u00f3 Horv\u00e1th, CIAS at the Corvinus University of Budapest, Hungary<\/span><br \/>\nTibor Guzsvinecz, University of Pannonia, Hungary<br \/>\n<span class=\"S1PPyQ\">Carl Vogel, Trinity College Dublin, Ireland<br \/>\n<\/span><span class=\"S1PPyQ\">P\u00e9ter F\u00f6ldesi, Sz\u00e9chenyi Istv\u00e1n University<br \/>\nGy\u00f6rgy Wers\u00e9nyi, Sz\u00e9chenyi Istv\u00e1n University<\/span><br \/>\n<span class=\"S1PPyQ\">Anna Sud\u00e1r, CIAS at the Corvinus University of Budapest, Hungary<br \/>\n<\/span>Zolt\u00e1n Kvasznicza University of P\u00e9cs, Hungary<br \/>\nB\u00e1lint Moln\u00e1r, E\u00f6tv\u00f6s Lor\u00e1nd University, Hungary<br \/>\nBorb\u00e1la Berki, CIAS at the <span class=\"S1PPyQ\">Corvinus University of Budapest, Hungary<\/span><br \/>\nCec\u00edlia Sik-L\u00e1nyi, University of Pannonia, Hungary<br \/>\nAttila Gil\u00e1nyi, University of Debrecen, Hungary<br \/>\nJudit Sz\u0171cs, University of Pannonia, Hungary<br \/>\nMarianna Zich\u00e1r, University of Debrecen, Hungary<br \/>\nAulia Akhrian Syahidi, Politeknik Negeri Banjarmasin, Indonesia<br \/>\n<span class=\"S1PPyQ\">K\u00e1roly Hercegfi, Budapest University of Technology and Economics, Hungary<\/span><br \/>\nAtsushi Ito, Utsunomiya University, Japan<br \/>\nMaria Koutsombogera, Trinity College, Ireland<br \/>\n<span class=\"S1PPyQ\">Anna Esposito,\u00a0<\/span><span class=\"S1PPyQ\">Universit\u00e0 degli Studi della\u00a0<\/span><span class=\"S1PPyQ\">Campania \u201cLuigi Vanvitelli\u201d, Italy<br \/>\n<\/span><span class=\"S1PPyQ\">J\u00f3zsef B\u00edr\u00f3, Budapest University of Technology and Economics, Hungary<br \/>\n<\/span>Tam\u00e1s P\u00e9ter, Budapest University of Technology and Economics, Hungary<br \/>\nAndr\u00e1s R\u00f6vid, Budapest University of Technology and Economics, Hungary<br \/>\nP\u00e9ter Korondi, University of Debrecen, Hungary<br \/>\nViktor D\u00f6rfler, CIAS at the <span class=\"S1PPyQ\">Corvinus University of Budapest, Hungary<br \/>\n<\/span>Szilveszter Kov\u00e1cs, University of Miskolc, Hungary<\/p>\n<p class=\"_04xlpA direction-ltr align-start para-style-body\"><strong><span class=\"S1PPyQ\">Publication Chair<br \/>\n<\/span><\/strong><span class=\"S1PPyQ\">Anik\u00f3 Szak\u00e1l, <\/span><span class=\"S1PPyQ\">\u00d3buda University, Hungary<\/span><\/p>\n<p class=\"_04xlpA direction-ltr align-start para-style-body\"><strong><span class=\"S1PPyQ\">Treasurer<br \/>\n<\/span><\/strong><span class=\"S1PPyQ\">Anik\u00f3 Szak\u00e1l, <\/span><span class=\"S1PPyQ\">\u00d3buda University, Hungary<\/span><\/p>\n<p>[\/vc_column_text][\/vc_column][\/vc_row]<\/p>\n","protected":false},"excerpt":{"rendered":"<p>[vc_row][vc_column][vc_column_text] Chairs Atsushi Ito, Chuo University, Japan P\u00e9ter Baranyi, CIAS at the Corvinus University of Budapest, Hungary Co-Chair Anna Esposito, Universit\u00e0 degli Studi della Campania \u201cLuigi Vanvitelli\u201d, Italy Honorary Chairs Thoru Ifukube, Professor Emeritus of The University of\u00a0 Tokyo and Hokkaido University,\u00a0 and Visiting Researcher of the Institute of Gerontology at The University of Tokyo [&hellip;]<\/p>\n","protected":false},"author":1,"featured_media":0,"parent":0,"menu_order":0,"comment_status":"closed","ping_status":"closed","template":"","meta":{"_exactmetrics_skip_tracking":false,"_exactmetrics_sitenote_active":false,"_exactmetrics_sitenote_note":"","_exactmetrics_sitenote_category":0,"footnotes":""},"class_list":["post-32","page","type-page","status-publish","hentry"],"_links":{"self":[{"href":"https:\/\/scitope.com\/coginfocom24\/index.php?rest_route=\/wp\/v2\/pages\/32","targetHints":{"allow":["GET"]}}],"collection":[{"href":"https:\/\/scitope.com\/coginfocom24\/index.php?rest_route=\/wp\/v2\/pages"}],"about":[{"href":"https:\/\/scitope.com\/coginfocom24\/index.php?rest_route=\/wp\/v2\/types\/page"}],"author":[{"embeddable":true,"href":"https:\/\/scitope.com\/coginfocom24\/index.php?rest_route=\/wp\/v2\/users\/1"}],"replies":[{"embeddable":true,"href":"https:\/\/scitope.com\/coginfocom24\/index.php?rest_route=%2Fwp%2Fv2%2Fcomments&post=32"}],"version-history":[{"count":49,"href":"https:\/\/scitope.com\/coginfocom24\/index.php?rest_route=\/wp\/v2\/pages\/32\/revisions"}],"predecessor-version":[{"id":734,"href":"https:\/\/scitope.com\/coginfocom24\/index.php?rest_route=\/wp\/v2\/pages\/32\/revisions\/734"}],"wp:attachment":[{"href":"https:\/\/scitope.com\/coginfocom24\/index.php?rest_route=%2Fwp%2Fv2%2Fmedia&parent=32"}],"curies":[{"name":"wp","href":"https:\/\/api.w.org\/{rel}","templated":true}]}}