{"id":32,"date":"2020-01-02T13:42:20","date_gmt":"2020-01-02T13:42:20","guid":{"rendered":"https:\/\/scitope.com\/coginfocom20\/?page_id=32"},"modified":"2025-09-17T07:04:30","modified_gmt":"2025-09-17T07:04:30","slug":"venue","status":"publish","type":"page","link":"https:\/\/scitope.com\/coginfocom25\/?page_id=32","title":{"rendered":"Committees"},"content":{"rendered":"<p>[vc_row][vc_column][vc_column_text]<\/p>\n<p class=\"_04xlpA direction-ltr align-start para-style-body\"><strong><span class=\"S1PPyQ\">Chairs<br \/>\n<\/span><\/strong><\/p>\n<p class=\"_04xlpA direction-ltr align-start para-style-body\"><span class=\"S1PPyQ\">P\u00e9ter Baranyi, CIAS and DAIS at the Corvinus University of Budapest, Hungary<br \/>\n<\/span><span class=\"S1PPyQ\">Horst Treiblmaier, Modul University Vienna, Austria<\/span><\/p>\n<p class=\"_04xlpA direction-ltr align-start para-style-body\"><strong><span class=\"S1PPyQ\">Co-Chairs<br \/>\n<\/span><\/strong><span class=\"S1PPyQ\">Anna Esposito, <\/span><span class=\"S1PPyQ\">Universit\u00e0 degli Studi della <\/span><span class=\"S1PPyQ\">Campania \u201cLuigi Vanvitelli\u201d, Italy<br \/>\nAtsushi Ito, Chuo University, Japan<\/span><\/p>\n<p><strong><span class=\"S1PPyQ\">Plenary Organiser<br \/>\n<\/span><\/strong><span class=\"S1PPyQ\">Viktor D\u00f6rfler, CIAS at the Corvinus University of Budapest, Hungary<\/span><strong><span class=\"S1PPyQ\"><br \/>\n<\/span><\/strong><\/p>\n<p class=\"_04xlpA direction-ltr align-start para-style-body\"><strong><span class=\"S1PPyQ\">Honorary Chairs<\/span><\/strong><br \/>\n<span class=\"S1PPyQ\">Helen Meng, The Chinese University of Hong Kong and Centre for Perceptual and Interactive Intelligence<br \/>\nMehran Mesbahi, University of Washington, USA<br \/>\nYurii Nesterov, CIAS at the Corvinus University of Budapest, Hungary<br \/>\nYeung Yam, The Chinese University of Hong Kong Shenzhen Research Institute<\/span><\/p>\n<p class=\"_04xlpA direction-ltr align-start para-style-body\"><strong><span class=\"S1PPyQ\">Honorary Committee<br \/>\n<\/span><\/strong><span class=\"S1PPyQ\">Imre Rudas, \u00d3buda University, Hungary<br \/>\n<\/span><span class=\"S1PPyQ\">Levente Kov\u00e1cs, \u00d3buda University, Hungary<br \/>\n<\/span><span class=\"S1PPyQ\">Vilmos Cs\u00e1nyi, Hungarian Academy of Sciences, Hungary<br \/>\n<\/span><span class=\"S1PPyQ\">Val\u00e9ria Cs\u00e9pe, Hungarian Academy of Sciences, Hungary<br \/>\nCarl Vogel, Trinity College Dublin, Ireland<br \/>\n<\/span><\/p>\n<p class=\"_04xlpA direction-ltr align-start para-style-body\"><strong><span class=\"S1PPyQ\">International Scientific Board Chairs<br \/>\n<\/span><\/strong><span class=\"S1PPyQ\">Katarzyna Chmielewska, Kazimierz Wielki University, Poland<br \/>\n<\/span><span class=\"S1PPyQ\">Csaba Cs\u00e1ki, DAIS at the Corvinus University of Budapest, Hungary<\/span><\/p>\n<p class=\"_04xlpA direction-ltr align-start para-style-body\"><strong><span class=\"S1PPyQ\">International Scientific Board<br \/>\n<\/span><\/strong><span class=\"S1PPyQ\">Yeung Yam, Chinese The University of Hong Kong and Shenzhen Research Institute<br \/>\nKin Fong Lei, Chang Gung University, Taiwan<br \/>\nHirotsugu Yamamoto, Utsunomiya University, Japan<br \/>\n<\/span><span class=\"S1PPyQ\"><span class=\"JsGRdQ\">Annam\u00e1ria R. V\u00e1rkonyi-K\u00f3czy, \u00d3buda University, Hungary<\/span><br \/>\n<\/span><span class=\"S1PPyQ\">Junzo Watada, Petronas University of Technology, Malaysia<br \/>\nK\u00e1roly Hercegfi, Budapest University of Technology and Economics, Hungary<br \/>\n<\/span><span class=\"S1PPyQ\">Andrea K\u0151, DAIS at the Corvinus University of Budapest<br \/>\nP\u00e9ter Korondi, University of Debrecen, Hungary<br \/>\n<\/span><span class=\"S1PPyQ\">Attila Gil\u00e1nyi, University of Debrecen, Hungary<br \/>\n<\/span><span class=\"S1PPyQ\">Maria Koutsombogera, Trinity College, Dublin<br \/>\n<\/span><span class=\"S1PPyQ\">Sik-L\u00e1nyi Cec\u00edlia, University of Pannonia, Hungary<br \/>\nEigner Gy\u00f6rgy, \u00d3buda University, Hungary<br \/>\nMelinda J\u00e1szber\u00e9nyi, ISD at the Corvinus University of Budapest<br \/>\nSzabina Fodor, DAIS at the Corvinus University of Budapest<br \/>\n\u00c1kos Varga, IMCS at the Corvinus University of Budapest<br \/>\n<\/span><\/p>\n<p class=\"_04xlpA direction-ltr align-start para-style-body\"><strong><span class=\"S1PPyQ\">International Organizing Committee Chair<br \/>\n<\/span><\/strong><span class=\"S1PPyQ\">Ildik\u00f3 Horv\u00e1th, CIAS and DAIS at the Corvinus University of Budapest, Hungary<\/span><\/p>\n<p class=\"_04xlpA direction-ltr align-start para-style-body\"><strong><span class=\"S1PPyQ\">International Organizing Committee<\/span><\/strong><span class=\"S1PPyQ\"><br \/>\nAung Pyea, Chulalongkorn University, Thailand<br \/>\nMiroslav Macik, Czech Technical University in Prague, Czech Republic<br \/>\n<\/span><span class=\"S1PPyQ\">Milan Gnjatovic, University of Criminal Investigation and Police Studies in Belgrade, Serbia<br \/>\n<\/span><span class=\"S1PPyQ\">Erzs\u00e9bet T\u00f3th, University of Debrecen, Hungary<br \/>\nFerenc Kiss, R&amp;D director, Foundation for Information Society, Hungary<\/span><br \/>\nSzak\u00e1l Anik\u00f3, \u00d3buda University, Hungary<br \/>\nTibor Guzsvinecz, University of Pannonia, Hungary<br \/>\nVeronika Sz\u00fccs, University of Pannonia, Hungary<\/p>\n<p class=\"_04xlpA direction-ltr align-start para-style-body\"><strong><span class=\"S1PPyQ\">International Program Committee<br \/>\n<\/span><\/strong><span class=\"S1PPyQ\">Marianna Zichar, University of Debrecen, Hungary<br \/>\n<\/span><span class=\"S1PPyQ\">P\u00e9ter F\u00f6ldesi, Sz\u00e9chenyi Istv\u00e1n University<br \/>\n<\/span><span class=\"S1PPyQ\">Stanislav Ondas, Technical University of Kosice<br \/>\n<\/span><span class=\"S1PPyQ\">D\u00e1vid Sztah\u00f3, Budapest University of Technology and <\/span><span class=\"S1PPyQ\">Economics, Hungary<br \/>\n<\/span>Tam\u00e1s Haidegger , \u00d3buda University, Hungary<br \/>\nM\u00e1rta Tak\u00e1cs , \u00d3buda University, Hungary<br \/>\n<span class=\"S1PPyQ\">Anna Sud\u00e1r, CIAS and DAIS at the Corvinus University of Budapest, Hungary<\/span><br \/>\nBorb\u00e1la Berki, CIAS and DAIS at the <span class=\"S1PPyQ\">Corvinus University of Budapest, Hungary<\/span><\/p>\n<p class=\"_04xlpA direction-ltr align-start para-style-body\"><strong><span class=\"S1PPyQ\">Technical Program Committee Chair<br \/>\n<\/span><\/strong><span class=\"S1PPyQ\">\u00c1d\u00e1m Csap\u00f3, CIAS and DAIS at the Corvinus University of Budapest, Hungary<\/span><\/p>\n<p class=\"_04xlpA direction-ltr align-start para-style-body\"><strong><span class=\"S1PPyQ\">Technical Program Committee<br \/>\n<\/span><\/strong>\u00c1d\u00e1m Csap\u00f3<br \/>\nAndrea K\u0151<br \/>\nAli Adel Yassin<br \/>\nAnna Esposito<br \/>\nAnna Sud\u00e1r<br \/>\nAsefeh Asemi<br \/>\nAtsushi Ito<br \/>\nAttila Gil\u00e1nyi<br \/>\nAttila K\u0151v\u00e1ri<br \/>\nB\u00e1lint Moln\u00e1r<br \/>\nBertalan Forstner<br \/>\nB\u00e9la Andr\u00e1s Frigyik<br \/>\nB\u00edr\u00f3 J\u00f3zsef<br \/>\nCarl Vogel<br \/>\nCec\u00edlia S\u00edk-L\u00e1nyi<br \/>\nClaudiu Pozna<br \/>\nCsaba Hajdu<br \/>\nCsilla Csukonyi<br \/>\nDalma Geszten<br \/>\nD\u00e1vid Tollner<br \/>\nErzs\u00e9bet T\u00f3th<br \/>\nFerenc Erd\u0151s<br \/>\nGoran Le\u0161aja<br \/>\nGy\u00f6rgy Moln\u00e1r<br \/>\nGy\u00f6rgy Wes\u00e9nyi<br \/>\nHamid Ali Abdel Hamid<br \/>\nIldik\u00f3 Borb\u00e1n\u00e9 Szab\u00f3<br \/>\nIldik\u00f3 Horv\u00e1th<br \/>\nJ\u00f3zsef B\u00edr\u00f3<br \/>\nJ\u00f3zsef Katona<br \/>\nKatarzyna Chmielewska<br \/>\nK\u00e1roly Hercegfi<br \/>\nMasoud Muhammed Hassan<br \/>\nMaria Koutsombogera<br \/>\nMarianna Zichar<br \/>\nM\u00e1ria Csernoch<br \/>\nM\u00e1t\u00e9 Z\u00f6ldy<br \/>\nMilan Gnjatovic<br \/>\nMiroslav Macik<br \/>\nMohammad Wedyan<br \/>\nNorihiro Fukumoto<br \/>\nP\u00e9ter Baranyi<br \/>\nP\u00e9ter Ekler<br \/>\nP\u00e9ter F\u00f6ldesi<br \/>\nRoberto Giachetta<br \/>\nRonald R\u00f6mer<br \/>\nSzilveszter Kov\u00e1cs<br \/>\nTam\u00e1s P\u00e9ter<br \/>\nThomas Lei<br \/>\nTibor Guzsvinecz<br \/>\nViktor D\u00f6rfler<br \/>\nZolt\u00e1n Kvasznicza<\/p>\n<p class=\"_04xlpA direction-ltr align-start para-style-body\"><strong><span class=\"S1PPyQ\">Publication Chair<br \/>\n<\/span><\/strong><span class=\"S1PPyQ\">Anik\u00f3 Szak\u00e1l, <\/span><span class=\"S1PPyQ\">\u00d3buda University, Hungary<\/span><\/p>\n<p class=\"_04xlpA direction-ltr align-start para-style-body\"><strong><span class=\"S1PPyQ\">Treasurer<br \/>\n<\/span><\/strong><span class=\"S1PPyQ\">Anik\u00f3 Szak\u00e1l, <\/span><span class=\"S1PPyQ\">\u00d3buda University, Hungary<\/span><\/p>\n<p>[\/vc_column_text][\/vc_column][\/vc_row]<\/p>\n","protected":false},"excerpt":{"rendered":"<p>[vc_row][vc_column][vc_column_text] Chairs P\u00e9ter Baranyi, CIAS and DAIS at the Corvinus University of Budapest, Hungary Horst Treiblmaier, Modul University Vienna, Austria Co-Chairs Anna Esposito, Universit\u00e0 degli Studi della Campania \u201cLuigi Vanvitelli\u201d, Italy Atsushi Ito, Chuo University, Japan Plenary Organiser Viktor D\u00f6rfler, CIAS at the Corvinus University of Budapest, Hungary Honorary Chairs Helen Meng, The Chinese University [&hellip;]<\/p>\n","protected":false},"author":1,"featured_media":0,"parent":0,"menu_order":0,"comment_status":"closed","ping_status":"closed","template":"","meta":{"_exactmetrics_skip_tracking":false,"_exactmetrics_sitenote_active":false,"_exactmetrics_sitenote_note":"","_exactmetrics_sitenote_category":0,"footnotes":""},"class_list":["post-32","page","type-page","status-publish","hentry"],"_links":{"self":[{"href":"https:\/\/scitope.com\/coginfocom25\/index.php?rest_route=\/wp\/v2\/pages\/32","targetHints":{"allow":["GET"]}}],"collection":[{"href":"https:\/\/scitope.com\/coginfocom25\/index.php?rest_route=\/wp\/v2\/pages"}],"about":[{"href":"https:\/\/scitope.com\/coginfocom25\/index.php?rest_route=\/wp\/v2\/types\/page"}],"author":[{"embeddable":true,"href":"https:\/\/scitope.com\/coginfocom25\/index.php?rest_route=\/wp\/v2\/users\/1"}],"replies":[{"embeddable":true,"href":"https:\/\/scitope.com\/coginfocom25\/index.php?rest_route=%2Fwp%2Fv2%2Fcomments&post=32"}],"version-history":[{"count":72,"href":"https:\/\/scitope.com\/coginfocom25\/index.php?rest_route=\/wp\/v2\/pages\/32\/revisions"}],"predecessor-version":[{"id":921,"href":"https:\/\/scitope.com\/coginfocom25\/index.php?rest_route=\/wp\/v2\/pages\/32\/revisions\/921"}],"wp:attachment":[{"href":"https:\/\/scitope.com\/coginfocom25\/index.php?rest_route=%2Fwp%2Fv2%2Fmedia&parent=32"}],"curies":[{"name":"wp","href":"https:\/\/api.w.org\/{rel}","templated":true}]}}