{"id":32,"date":"2020-01-02T13:42:20","date_gmt":"2020-01-02T13:42:20","guid":{"rendered":"https:\/\/scitope.com\/coginfocom20\/?page_id=32"},"modified":"2025-11-11T09:54:37","modified_gmt":"2025-11-11T09:54:37","slug":"venue","status":"publish","type":"page","link":"https:\/\/scitope.com\/coginfocom26\/?page_id=32","title":{"rendered":"Committees"},"content":{"rendered":"<p>[vc_row][vc_column][vc_column_text]<\/p>\n<p class=\"_04xlpA direction-ltr align-start para-style-body\"><strong><span class=\"S1PPyQ\">Chairs<br \/>\n<\/span><\/strong><span class=\"S1PPyQ\">Yeung Yam, The Chinese University of Hong Kong Shenzhen Research Institute<br \/>\nHelen Meng, The Chinese University of Hong Kong and Centre for Perceptual and Interactive Intelligence<br \/>\n<\/span><span class=\"S1PPyQ\">P\u00e9ter Baranyi, CIAS and DAIS at the Corvinus University of Budapest, Hungary<\/span><\/p>\n<p class=\"_04xlpA direction-ltr align-start para-style-body\"><strong><span class=\"S1PPyQ\">Co-Chairs<br \/>\n<\/span><\/strong><span class=\"S1PPyQ\">Anna Esposito, <\/span><span class=\"S1PPyQ\">Universit\u00e0 degli Studi della <\/span><span class=\"S1PPyQ\">Campania \u201cLuigi Vanvitelli\u201d, Italy<br \/>\nCarl Vogel, Trinity College Dublin, Ireland<br \/>\n<\/span><\/p>\n<p><strong><span class=\"S1PPyQ\">Plenary Organiser<br \/>\n<\/span><\/strong><span class=\"S1PPyQ\">Viktor D\u00f6rfler, CIAS at the Corvinus University of Budapest, Hungary<\/span><strong><span class=\"S1PPyQ\"><br \/>\n<\/span><\/strong><\/p>\n<p class=\"_04xlpA direction-ltr align-start para-style-body\"><strong><span class=\"S1PPyQ\">Honorary Chairs<\/span><\/strong><br \/>\n<span class=\"S1PPyQ\">Mehran Mesbahi, University of Washington, USA<br \/>\nYurii Nesterov, CIAS at the Corvinus University of Budapest, Hungary<br \/>\nAtsushi Ito, Chuo University, Japan<br \/>\n<\/span><\/p>\n<p class=\"_04xlpA direction-ltr align-start para-style-body\"><strong><span class=\"S1PPyQ\">Honorary Committee<br \/>\n<\/span><\/strong><span class=\"S1PPyQ\">Imre Rudas, \u00d3buda University, Hungary<br \/>\n<\/span><span class=\"S1PPyQ\">Levente Kov\u00e1cs, \u00d3buda University, Hungary<br \/>\n<\/span><span class=\"S1PPyQ\">Vilmos Cs\u00e1nyi, Hungarian Academy of Sciences, Hungary<br \/>\n<\/span><span class=\"S1PPyQ\">Val\u00e9ria Cs\u00e9pe, Hungarian Academy of Sciences, Hungary<br \/>\n<\/span><\/p>\n<p class=\"_04xlpA direction-ltr align-start para-style-body\"><strong><span class=\"S1PPyQ\">International Scientific Board Chairs<br \/>\n<\/span><\/strong><span class=\"S1PPyQ\">\u00c1d\u00e1m Csap\u00f3, CIAS and DAIS at the Corvinus University of Budapest, Hungary<br \/>\nKatarzyna Chmielewska, Kazimierz Wielki University, Poland<br \/>\n<\/span><\/p>\n<p class=\"_04xlpA direction-ltr align-start para-style-body\"><strong><span class=\"S1PPyQ\">International Scientific Board<br \/>\n<\/span><\/strong><span class=\"S1PPyQ\">Kin Fong Lei, Chang Gung University, Taiwan<br \/>\nHirotsugu Yamamoto, Utsunomiya University, Japan<br \/>\n<\/span><span class=\"S1PPyQ\">Junzo Watada, Petronas University of Technology, Malaysia<br \/>\nK\u00e1roly Hercegfi, Budapest University of Technology and Economics, Hungary<br \/>\n<\/span><span class=\"S1PPyQ\">Andrea K\u0151, DAIS at the Corvinus University of Budapest<br \/>\nP\u00e9ter Korondi, University of Debrecen, Hungary<br \/>\n<\/span><span class=\"S1PPyQ\">Attila Gil\u00e1nyi, University of Debrecen, Hungary<br \/>\n<\/span><span class=\"S1PPyQ\">Maria Koutsombogera, Trinity College, Dublin<br \/>\n<\/span><span class=\"S1PPyQ\">Sik-L\u00e1nyi Cec\u00edlia, University of Pannonia, Hungary<br \/>\nEigner Gy\u00f6rgy, \u00d3buda University, Hungary<br \/>\nSzabina Fodor, DAIS at the Corvinus University of Budapest<br \/>\n\u00c1kos Varga, IMCS at the Corvinus University of Budapest<\/span><\/p>\n<p class=\"_04xlpA direction-ltr align-start para-style-body\"><strong><span class=\"S1PPyQ\">International Organizing Committee Chair<br \/>\n<\/span><\/strong><span class=\"S1PPyQ\">Anna Sud\u00e1r, CIAS and DAIS at the Corvinus University of Budapest, Hungary<\/span><\/p>\n<p class=\"_04xlpA direction-ltr align-start para-style-body\"><strong><span class=\"S1PPyQ\">International Organizing Committee<\/span><\/strong><span class=\"S1PPyQ\"><br \/>\nAung Pyea, Chulalongkorn University, Thailand<br \/>\nMiroslav Macik, Czech Technical University in Prague, Czech Republic<br \/>\nMilan Gnjatovic, University of Criminal Investigation and Police Studies in Belgrade, Serbia<br \/>\nErzs\u00e9bet T\u00f3th, University of Debrecen, Hungary<br \/>\nFerenc Kiss, R&amp;D director, Foundation for Information Society, Hungary<br \/>\nTibor Guzsvinecz, University of Pannonia, Hungary<br \/>\n<\/span><\/p>\n<p class=\"_04xlpA direction-ltr align-start para-style-body\"><strong><span class=\"S1PPyQ\">International Program Committee<br \/>\n<\/span><\/strong><span class=\"S1PPyQ\">Marianna Zichar, University of Debrecen, Hungary<br \/>\n<\/span><span class=\"S1PPyQ\">P\u00e9ter F\u00f6ldesi, Sz\u00e9chenyi Istv\u00e1n University<br \/>\n<\/span><span class=\"S1PPyQ\">Stanislav Ondas, Technical University of Kosice<br \/>\n<\/span><span class=\"S1PPyQ\">D\u00e1vid Sztah\u00f3, Budapest University of Technology and <\/span><span class=\"S1PPyQ\">Economics, Hungary<br \/>\n<\/span>Tam\u00e1s Haidegger , \u00d3buda University, Hungary<br \/>\nM\u00e1rta Tak\u00e1cs , \u00d3buda University, Hungary<br \/>\nBorb\u00e1la Berki, CIAS and DAIS at the <span class=\"S1PPyQ\">Corvinus University of Budapest, Hungary<\/span><\/p>\n<p class=\"_04xlpA direction-ltr align-start para-style-body\"><strong><span class=\"S1PPyQ\">Technical Program Committee Chair<br \/>\n<\/span><\/strong><span class=\"S1PPyQ\">Ildik\u00f3 Horv\u00e1th, CIAS and DAIS at the Corvinus University of Budapest, Hungary<\/span><\/p>\n<p class=\"_04xlpA direction-ltr align-start para-style-body\"><strong><span class=\"S1PPyQ\">Technical Program Committee<br \/>\n<\/span><\/strong><span class=\"S1PPyQ\">to be determined<\/span><\/p>\n<p class=\"_04xlpA direction-ltr align-start para-style-body\"><strong><span class=\"S1PPyQ\">Publication Chair<br \/>\n<\/span><\/strong><span class=\"S1PPyQ\">Anik\u00f3 Szak\u00e1l, <\/span><span class=\"S1PPyQ\">\u00d3buda University, Hungary<\/span><\/p>\n<p class=\"_04xlpA direction-ltr align-start para-style-body\"><strong><span class=\"S1PPyQ\">Treasurer<br \/>\n<\/span><\/strong><span class=\"S1PPyQ\">Anik\u00f3 Szak\u00e1l, <\/span><span class=\"S1PPyQ\">\u00d3buda University, Hungary<\/span><\/p>\n<p>[\/vc_column_text][\/vc_column][\/vc_row]<\/p>\n","protected":false},"excerpt":{"rendered":"<p>[vc_row][vc_column][vc_column_text] Chairs Yeung Yam, The Chinese University of Hong Kong Shenzhen Research Institute Helen Meng, The Chinese University of Hong Kong and Centre for Perceptual and Interactive Intelligence P\u00e9ter Baranyi, CIAS and DAIS at the Corvinus University of Budapest, Hungary Co-Chairs Anna Esposito, Universit\u00e0 degli Studi della Campania \u201cLuigi Vanvitelli\u201d, Italy Carl Vogel, Trinity College [&hellip;]<\/p>\n","protected":false},"author":1,"featured_media":0,"parent":0,"menu_order":0,"comment_status":"closed","ping_status":"closed","template":"","meta":{"_exactmetrics_skip_tracking":false,"_exactmetrics_sitenote_active":false,"_exactmetrics_sitenote_note":"","_exactmetrics_sitenote_category":0,"footnotes":""},"class_list":["post-32","page","type-page","status-publish","hentry"],"_links":{"self":[{"href":"https:\/\/scitope.com\/coginfocom26\/index.php?rest_route=\/wp\/v2\/pages\/32","targetHints":{"allow":["GET"]}}],"collection":[{"href":"https:\/\/scitope.com\/coginfocom26\/index.php?rest_route=\/wp\/v2\/pages"}],"about":[{"href":"https:\/\/scitope.com\/coginfocom26\/index.php?rest_route=\/wp\/v2\/types\/page"}],"author":[{"embeddable":true,"href":"https:\/\/scitope.com\/coginfocom26\/index.php?rest_route=\/wp\/v2\/users\/1"}],"replies":[{"embeddable":true,"href":"https:\/\/scitope.com\/coginfocom26\/index.php?rest_route=%2Fwp%2Fv2%2Fcomments&post=32"}],"version-history":[{"count":76,"href":"https:\/\/scitope.com\/coginfocom26\/index.php?rest_route=\/wp\/v2\/pages\/32\/revisions"}],"predecessor-version":[{"id":920,"href":"https:\/\/scitope.com\/coginfocom26\/index.php?rest_route=\/wp\/v2\/pages\/32\/revisions\/920"}],"wp:attachment":[{"href":"https:\/\/scitope.com\/coginfocom26\/index.php?rest_route=%2Fwp%2Fv2%2Fmedia&parent=32"}],"curies":[{"name":"wp","href":"https:\/\/api.w.org\/{rel}","templated":true}]}}