{"id":14,"date":"2020-01-02T13:38:50","date_gmt":"2020-01-02T13:38:50","guid":{"rendered":"https:\/\/scitope.com\/coginfocom20\/?page_id=14"},"modified":"2022-10-08T07:30:13","modified_gmt":"2022-10-08T07:30:13","slug":"home","status":"publish","type":"page","link":"https:\/\/scitope.com\/cogmob22\/","title":{"rendered":"HOME"},"content":{"rendered":"<p>[vc_row][vc_column][vc_column_text]<\/p>\n<div class=\"container\">\n<h1 class=\"site-description\" style=\"text-align: center;\"><strong>1st IEEE International Conference on Cognitive Mobility<\/strong><\/h1>\n<h2 style=\"text-align: center;\">12-13 October 2022, Hybrid Conference in Budapest, Hungary<\/h2>\n<\/div>\n<h3 style=\"text-align: center;\">On-site Conference: Bosch Budapest Innovation Campus, 1103 Budapest, Vasp\u00e1lya u. 57\/A<\/h3>\n<p>[\/vc_column_text][\/vc_column][\/vc_row][vc_row][vc_column][vc_column_text]<\/p>\n<h3 style=\"text-align: center;\">SPECIAL JOURNAL ISSUES\u00a0 WILL BE PUBLISHED BASED ON THE EXTENDED VERSIONS OF SELECTED PAPERS<\/h3>\n<p>[\/vc_column_text][\/vc_column][\/vc_row][vc_row][vc_column][vc_column_text]<\/p>\n<div class=\"container\">\n<h3 style=\"text-align: left;\"><span style=\"font-size: 30px;\">Scope<\/span><\/h3>\n<p>&nbsp;<\/p>\n<\/div>\n<div class=\"container\">\n<p>Cognitive Mobility (CogMob) investigates the entangled combination of the research areas such as mobility, transportation, vehicle engineering, social sciences, artificial intelligence, cognitive infocommunications. The key aim of CogMob is to provide a holistic view of how mobility in a broader aspect can be understood, described (modeled), and optimized as the blended combination of artificial and natural\/human cognitive systems. It considers the whole combination as one unseparable CogMob system and investigates what kind of new cognitive capabilities of this CogMob system are emerging. One of the CogMob focus areas, based on its nature, is the engineering applications in the mobility domain.<\/p>\n<\/div>\n<p>[\/vc_column_text][\/vc_column][\/vc_row][vc_row][vc_column][vc_column_text]<\/p>\n<h2>Topics<\/h2>\n<p>The conference is open to topic proposals. Please <a href=\"https:\/\/forms.gle\/NeVF6N8bWLFy3TSw8\">click HERE<\/a> to submit your proposal.[\/vc_column_text][\/vc_column][\/vc_row][vc_row][vc_column][vc_column_text]<b>Artificial cognitive capabilities\u00a0 in mobility<br \/>\n<\/b><b>AI, Maschine and deep learning in transport<br \/>\n<\/b><b>Human-Machine Interface<br \/>\n<\/b><b>Effect of Future of Internet to mobility<br \/>\n<\/b><b>Cognitive sciences in the digital world<br \/>\n<\/b><b>Embodied and enactive cognitive systems effect on mobility<\/b> <b><br \/>\n<\/b><b>Cognitive networks and their intelligent capabilities<br \/>\n<\/b><b>Human Interfaces: bio, cognitive, digital and wearable interfaces &#8211; augmented reality in transport<br \/>\n<\/b><b>Intelligent Vehicle and Transportation Systems<br \/>\n<\/b><b>Smart city<br \/>\n<\/b><b>Cognitive Infocommunication based learnability for transport<br \/>\n<\/b><b>Digital Reality in Human development a new area of effective teaching in transport<\/b>[\/vc_column_text][\/vc_column][\/vc_row][vc_row][vc_column][vc_column_text]<\/p>\n<h2><span style=\"color: #800000;\">Committees<\/span><\/h2>\n<p>[\/vc_column_text][\/vc_column][\/vc_row][vc_row][vc_column][vc_column_text]<strong>Chair<\/strong><br \/>\n<span style=\"font-weight: 400;\">Dr. M\u00e1t\u00e9 Z\u00f6ldy, <\/span><i><span style=\"font-weight: 400;\">Budapest University of Technology and Economics, Hungary<\/span><\/i><\/p>\n<p><strong>Honorary Chair<br \/>\n<\/strong><span style=\"font-weight: 400;\">Prof. P\u00e9ter Baranyi, <\/span><i><span style=\"font-weight: 400;\">Sz\u00e9chenyi Istv\u00e1n University, Hungary<\/span><\/i><\/p>\n<p><strong>International Scientific Board Chairs<br \/>\n<\/strong><span style=\"font-weight: 400;\">Prof. Wojciech Tutak, <\/span><i><span style=\"font-weight: 400;\">Czestochowa Univeristy of Technology, Poland<\/span><\/i><span style=\"font-weight: 400;\"><br \/>\n<\/span><\/p>\n<p><strong>International Scientific Board<br \/>\n<\/strong><span style=\"font-weight: 400;\">Prof. Istv\u00e1n Barab\u00e1s,<\/span><i><span style=\"font-weight: 400;\"> TU Cluj, Romania<br \/>\n<\/span><\/i><span style=\"font-weight: 400;\">Prof. Aleksander S\u0142adkowski,<\/span><i><span style=\"font-weight: 400;\"> Silezian Univeristy of Technology, Poland<br \/>\n<\/span><\/i><span style=\"font-weight: 400;\">Dr. \u00c1rp\u00e1d T\u00f6r\u00f6k<\/span><i><span style=\"font-weight: 400;\"> Budapest University of Technology and Economics, Hungary<br \/>\n<\/span><\/i><span style=\"font-weight: 400;\">Dr. M\u00e1ria Csete Szalm\u00e1n\u00e9, <\/span><i><span style=\"font-weight: 400;\">Budapest University of Technology and Economics, Hungary<br \/>\n<\/span><\/i><span style=\"font-weight: 400;\">Dr. P\u00e1l Luk\u00e1cs, <\/span><i><span style=\"font-weight: 400;\">Pannon Univeristy, Hungary<br \/>\n<\/span><\/i><span style=\"font-weight: 400;\">Dr. Sandor Vass, <\/span><i><span style=\"font-weight: 400;\">EU Joint Research Center, Italy<br \/>\n<\/span><\/i><span style=\"font-weight: 400;\">Prof. Olja Cokorilo, <\/span><i><span style=\"font-weight: 400;\">University of Beograd,<\/span><\/i> <i><span style=\"font-weight: 400;\">Serbia<br \/>\n<\/span><\/i>Prof. Zoran <span class=\"m_-6645784993402902702SpellE\">Lulic, <\/span><em><span class=\"m_-6645784993402902702SpellE\">University<\/span>\u00a0of\u00a0<span class=\"m_-6645784993402902702SpellE\">Zagreb<\/span>, Croatia<br \/>\n<\/em><span class=\"m_-6645784993402902702SpellE\">Dr. Dhinesh Balasubramanian, <\/span><em>Mepco Schlenk Engineering College, India<br \/>\n<\/em><span class=\"m_-6645784993402902702SpellE\">Ludmi\u0142a Filina-Dawidowicz, <\/span><em>West Pomeranian University of Technology, Poland<\/em><\/p>\n<p><strong>International Organizing Committee<br \/>\n<\/strong><span style=\"font-weight: 400;\">Anna Sud\u00e1r,<br \/>\n<\/span><span style=\"font-weight: 400;\">Kinga B\u00edr\u00f3, <i>Budapest University of Technology and Economics, Hungary<\/i><\/span><\/p>\n<p><strong>Technical Program Committee Chair<br \/>\n<\/strong><span style=\"font-weight: 400;\">Dr. M\u00e1t\u00e9 Z\u00f6ldy, <\/span><i><span style=\"font-weight: 400;\">Budapest University of Technology and Economics, Hungary<\/span><\/i><\/p>\n<p><strong>Technical Program Committee<br \/>\n<\/strong><span style=\"font-weight: 400;\">Dr. Andr\u00e1s R\u00f6vid, <\/span><i><span style=\"font-weight: 400;\">Budapest University of Technology and Economics, Hungary<br \/>\n<\/span><\/i><span style=\"font-weight: 400;\">Prof. Radovan Madlenak, <\/span><i><span style=\"font-weight: 400;\">University of \u017dilina, Slovakia<br \/>\n<\/span><\/i><span style=\"font-weight: 400;\">Prof. Jonas Matijo\u0161ius, <\/span><i><span style=\"font-weight: 400;\">Vilnius Gediminas Technical University, Lithuania<br \/>\n<\/span><\/i><span style=\"font-weight: 400;\">Dr. G\u00e1bor Vida, <\/span><i><span style=\"font-weight: 400;\">Budapest University of Technology and Economics, Hungary<br \/>\n<\/span><\/i><span style=\"font-weight: 400;\">Dr. Henrietta Lengyel, <\/span><i><span style=\"font-weight: 400;\">Budapest University of Technology and Economics, Hungary<br \/>\n<\/span><\/i><span style=\"font-weight: 400;\">Prof. Alfredas Rimkus, <\/span><i><span style=\"font-weight: 400;\">Vilnius Gediminas Technical University, Lithuania<br \/>\n<\/span><\/i><span style=\"font-weight: 400;\">Dr. P\u00e9ter Harth, <\/span><i><span style=\"font-weight: 400;\">Budapest University of Technology and Economics, Hungary<br \/>\n<\/span><\/i><span style=\"font-weight: 400;\">Dr. Andreia Molea, <\/span><i><span style=\"font-weight: 400;\">Universitatea Tehnica din Cluj-Napoca, Romania<br \/>\n<\/span><\/i><span style=\"font-weight: 400;\">Dr. Edgar Sokolovskij, <\/span><i><span style=\"font-weight: 400;\">Vilnius Gediminas Technical University, Lithuania<br \/>\n<\/span><\/i><span style=\"font-weight: 400;\">Dr. Ferenc G\u00e1sp\u00e1r, <\/span><i><span style=\"font-weight: 400;\">Universitatea Tehnica din Cluj-Napoca, Romania<br \/>\n<\/span><\/i><span style=\"font-weight: 400;\">Dr. Tam\u00e1s Mankovits, <\/span><i><span style=\"font-weight: 400;\">University of Debrecen, Hungary<br \/>\n<\/span><\/i><span style=\"font-weight: 400;\">Dr. Ahmad Omar, <\/span><i><span style=\"font-weight: 400;\">Tafila Technical University, Jordan<br \/>\n<\/span><\/i><span style=\"font-weight: 400;\">Dr. \u00c1d\u00e1mT\u00f6r\u00f6k, <\/span><i><span style=\"font-weight: 400;\">Budapest University of Technology and Economics, Hungary<br \/>\n<\/span><\/i><span style=\"font-weight: 400;\">Dr. Andr\u00e1s Munk\u00e1csy, <\/span><i><span style=\"font-weight: 400;\">KTI Institute for Transport Sciences, Hungary<br \/>\n<\/span><\/i><span style=\"font-weight: 400;\">Dr. Andrej David, <\/span><i><span style=\"font-weight: 400;\">University of \u017dilina, Slovakia<br \/>\n<\/span><\/i><span style=\"font-weight: 400;\">Dr. G\u00e1bor Pauer, <\/span><i><span style=\"font-weight: 400;\">KTI Institute for Transport Sciences, Hungary<br \/>\n<\/span><\/i><span style=\"font-weight: 400;\">Dr. Levente Kocsis, <i>Universitatea Tehnica din Cluj-Napoca, Romania<br \/>\n<\/i><\/span><span style=\"font-weight: 400;\">Dr. \u00c1rp\u00e1d T\u00f6r\u00f6k, <\/span><i><span style=\"font-weight: 400;\">Budapest University of Technology and Economics, Hungary<br \/>\n<\/span><\/i><span style=\"font-weight: 400;\">\u00c1d\u00e1m Nyerges, <\/span><i><span style=\"font-weight: 400;\">Budapest University of Technology and Economics, Hungary<br \/>\n<\/span><\/i><span style=\"font-weight: 400;\">Dr. Ferenc D\u00f6m\u00f6t\u00f6r, <\/span><i><span style=\"font-weight: 400;\">Budapest University of Technology and Economics, Hungary<br \/>\n<\/span><\/i><span style=\"font-weight: 400;\">Dr. J\u00f3zsef Hlinka, <\/span><i><span style=\"font-weight: 400;\">Budapest University of Technology and Economics, Hungary<br \/>\n<\/span><\/i><span style=\"font-weight: 400;\">M\u00e1ria Szalm\u00e1n\u00e9 Csete, <\/span><i><span style=\"font-weight: 400;\">Budapest University of Technology and Economics, Hungary<br \/>\n<\/span><\/i><span style=\"font-weight: 400;\">Dr. P\u00e9ter Bajor, <\/span><i><span style=\"font-weight: 400;\">KTI Institute for Transport Sciences, Hungary<br \/>\n<\/span><\/i><span style=\"font-weight: 400;\">Prof. Olja Cokorilo, <\/span><i><span style=\"font-weight: 400;\">University of Belgrade, Serbia<br \/>\n<\/span><\/i><span style=\"font-weight: 400;\">Dr. Vladislav Zitricky, <\/span><i><span style=\"font-weight: 400;\">University of \u017dilina, Slovakia<br \/>\n<\/span><\/i><span style=\"font-weight: 400;\">Zsombor Szab\u00f3, <\/span><i><span style=\"font-weight: 400;\">KTI Institute for Transport Sciences, Hungary<br \/>\n<\/span><\/i><span style=\"font-weight: 400;\">Dr. Marinko Maslaric, <\/span><i><span style=\"font-weight: 400;\">University of Novi Sad, Serbia<br \/>\n<\/span><\/i><span style=\"font-weight: 400;\">Dr. Ildik\u00f3 Horv\u00e1th, <i>Sz\u00e9chenyi Istv\u00e1n University, Hungary<br \/>\n<\/i><\/span><span style=\"font-weight: 400;\">Prof. Dhinesh Balasubramanian, <\/span><i><span style=\"font-weight: 400;\">Mepco Schlenk Engineering College, India<br \/>\n<\/span><\/i><span style=\"font-weight: 400;\">Dr. Norina Szander, <\/span><i><span style=\"font-weight: 400;\">KTI Institute for Transport Sciences, Hungary<br \/>\n<\/span><\/i><span style=\"font-weight: 400;\">Dr. \u00c1d\u00e1m Csap\u00f3, <\/span><i><span style=\"font-weight: 400;\">Sz\u00e9chenyi Istv\u00e1n University, Hungary<br \/>\n<\/span><\/i><span style=\"font-weight: 400;\">Prof. Zoran Luli\u0107, <\/span><i><span style=\"font-weight: 400;\">University of Zagreb, Croatia<br \/>\n<\/span><\/i><span style=\"font-weight: 400;\">Prof. Horia Beles, <\/span><i><span style=\"font-weight: 400;\">University of Oradea, Romania<br \/>\n<\/span><\/i><span style=\"font-weight: 400;\">Dr. Ondrej Stopka, <\/span><i><span style=\"font-weight: 400;\">Institute of Technology and Business in \u010cesk\u00e9 Bud\u011bjovice, Czech Republic<br \/>\n<\/span><\/i><span style=\"font-weight: 400;\">Zolt\u00e1n J\u00f3zsef Szab\u00f3, <\/span><i><span style=\"font-weight: 400;\">\u00d3buda University, Hungary<br \/>\n<\/span><\/i><span style=\"font-weight: 400;\">Dr. Csaba T\u00f3th-Nagy, <i>Sz\u00e9chenyi Istv\u00e1n University, Hungary<br \/>\n<\/i><\/span><span style=\"font-weight: 400;\">Prof. Alfredas Rimkus, <\/span><i><span style=\"font-weight: 400;\">Vilnius Gediminas Technical University, Lithuania<\/span><\/i><\/p>\n<p><strong>Publication Chair<br \/>\n<\/strong>Anik\u00f3 Szak\u00e1l, <em>\u00d3buda University, Hungary<\/em><\/p>\n<p><strong>Treasurer<\/strong><br \/>\nAnik\u00f3 Szak\u00e1l, <em>\u00d3buda University, Hungary<\/em>[\/vc_column_text][\/vc_column][\/vc_row][vc_row][vc_column][vc_column_text]<\/p>\n<h2><span style=\"color: #800000;\">Sponsor &amp; Organizer<\/span><\/h2>\n<p>[\/vc_column_text][\/vc_column][\/vc_row][vc_row][vc_column][vc_single_image image=&#8221;184&#8243; img_size=&#8221;medium&#8221; alignment=&#8221;center&#8221;][\/vc_column][\/vc_row][vc_row][vc_column][vc_column_text]<\/p>\n<h4 style=\"text-align: center;\">IEEE Hungary Section<\/h4>\n<p>[\/vc_column_text][\/vc_column][\/vc_row][vc_row][vc_column width=&#8221;1\/3&#8243;][vc_column_text]<\/p>\n<h4 style=\"text-align: center;\">IEEE Systems, Man and Cybernetics\u00a0 Chapter, Hungary<\/h4>\n<p>[\/vc_column_text][\/vc_column][vc_column width=&#8221;1\/3&#8243;][vc_column_text]<\/p>\n<h4 style=\"text-align: center;\">IEEE Computational Intelligence Chapter, Hungary<\/h4>\n<p>[\/vc_column_text][\/vc_column][vc_column width=&#8221;1\/3&#8243;][vc_column_text]<\/p>\n<h4 style=\"text-align: center;\">IEEE IES and RAS Chapters, Hungary<\/h4>\n<p>[\/vc_column_text][\/vc_column][\/vc_row][vc_row][vc_column][vc_column_text]<\/p>\n<h2><span style=\"color: #800000;\">Co-Organizer<\/span><\/h2>\n<p>[\/vc_column_text][\/vc_column][\/vc_row][vc_row][vc_column][vc_single_image image=&#8221;577&#8243; img_size=&#8221;medium&#8221; alignment=&#8221;center&#8221;][vc_column_text]<\/p>\n<h4 style=\"text-align: center;\">Budapest University of Technology and Economics<\/h4>\n<p>[\/vc_column_text][\/vc_column][\/vc_row][vc_row][vc_column][vc_single_image image=&#8221;600&#8243; img_size=&#8221;medium&#8221; alignment=&#8221;center&#8221;][vc_column_text]<\/p>\n<h4 style=\"text-align: center;\">Robert Bosch GmbH<\/h4>\n<p>[\/vc_column_text][\/vc_column][\/vc_row][vc_row][vc_column][vc_single_image image=&#8221;652&#8243; img_size=&#8221;medium&#8221; alignment=&#8221;center&#8221;][vc_column_text]<\/p>\n<h4 style=\"text-align: center;\">Hungarian Academy of Engineering<\/h4>\n<p>[\/vc_column_text][\/vc_column][\/vc_row][vc_row][vc_column][vc_column_text]<\/p>\n<h2><span style=\"color: #800000;\">Scientific Community Co-Organizer<\/span><\/h2>\n<p>[\/vc_column_text][vc_single_image image=&#8221;597&#8243; img_size=&#8221;medium&#8221; alignment=&#8221;center&#8221;][vc_single_image image=&#8221;649&#8243; img_size=&#8221;medium&#8221; alignment=&#8221;center&#8221;][vc_column_text]<\/p>\n<h4 style=\"text-align: center;\">FISITA &#8211; International Federation of Automotive Engineering Societies<\/h4>\n<p>[\/vc_column_text][vc_single_image image=&#8221;650&#8243; img_size=&#8221;medium&#8221; alignment=&#8221;center&#8221;][vc_column_text]<\/p>\n<h4 class=\"elementor-heading-title elementor-size-default\" style=\"text-align: center;\">Scientific Association for Mechanical Engineering<\/h4>\n<p>[\/vc_column_text][\/vc_column][\/vc_row][vc_row][vc_column][vc_column_text]<\/p>\n<h2><span style=\"color: #800000;\">Industrial Co-Sponsor<\/span><\/h2>\n<p>[\/vc_column_text][vc_single_image image=&#8221;654&#8243; img_size=&#8221;medium&#8221; alignment=&#8221;center&#8221;][vc_column_text]<\/p>\n<h4 style=\"text-align: center;\">Brand and Log\u00f3 Kft.<\/h4>\n<p>[\/vc_column_text][\/vc_column][\/vc_row][vc_row][vc_column][vc_column_text]<\/p>\n<h2 style=\"text-align: left;\"><span style=\"color: #800000;\">In Scientific Co-Operation With<\/span><\/h2>\n<p>[\/vc_column_text][vc_column_text]<\/p>\n<h4 style=\"text-align: center;\">E\u00f6tv\u00f6s Lor\u00e1nd Research Network<br \/>\nCognitive Mapping of Decision Support Systems Research Group<\/h4>\n<p>[\/vc_column_text][\/vc_column][\/vc_row]<\/p>\n","protected":false},"excerpt":{"rendered":"<p>[vc_row][vc_column][vc_column_text] 1st IEEE International Conference on Cognitive Mobility 12-13 October 2022, Hybrid Conference in Budapest, Hungary On-site Conference: Bosch Budapest Innovation Campus, 1103 Budapest, Vasp\u00e1lya u. 57\/A [\/vc_column_text][\/vc_column][\/vc_row][vc_row][vc_column][vc_column_text] SPECIAL JOURNAL ISSUES\u00a0 WILL BE PUBLISHED BASED ON THE EXTENDED VERSIONS OF SELECTED PAPERS [\/vc_column_text][\/vc_column][\/vc_row][vc_row][vc_column][vc_column_text] Scope &nbsp; Cognitive Mobility (CogMob) investigates the entangled combination of the research [&hellip;]<\/p>\n","protected":false},"author":1,"featured_media":0,"parent":0,"menu_order":0,"comment_status":"closed","ping_status":"closed","template":"","meta":{"footnotes":""},"class_list":["post-14","page","type-page","status-publish","hentry"],"_links":{"self":[{"href":"https:\/\/scitope.com\/cogmob22\/index.php?rest_route=\/wp\/v2\/pages\/14","targetHints":{"allow":["GET"]}}],"collection":[{"href":"https:\/\/scitope.com\/cogmob22\/index.php?rest_route=\/wp\/v2\/pages"}],"about":[{"href":"https:\/\/scitope.com\/cogmob22\/index.php?rest_route=\/wp\/v2\/types\/page"}],"author":[{"embeddable":true,"href":"https:\/\/scitope.com\/cogmob22\/index.php?rest_route=\/wp\/v2\/users\/1"}],"replies":[{"embeddable":true,"href":"https:\/\/scitope.com\/cogmob22\/index.php?rest_route=%2Fwp%2Fv2%2Fcomments&post=14"}],"version-history":[{"count":94,"href":"https:\/\/scitope.com\/cogmob22\/index.php?rest_route=\/wp\/v2\/pages\/14\/revisions"}],"predecessor-version":[{"id":671,"href":"https:\/\/scitope.com\/cogmob22\/index.php?rest_route=\/wp\/v2\/pages\/14\/revisions\/671"}],"wp:attachment":[{"href":"https:\/\/scitope.com\/cogmob22\/index.php?rest_route=%2Fwp%2Fv2%2Fmedia&parent=14"}],"curies":[{"name":"wp","href":"https:\/\/api.w.org\/{rel}","templated":true}]}}