{"id":246,"date":"2020-09-20T07:46:49","date_gmt":"2020-09-20T07:46:49","guid":{"rendered":"https:\/\/scitope.com\/coginfocom20\/?page_id=246"},"modified":"2022-10-13T07:32:36","modified_gmt":"2022-10-13T07:32:36","slug":"time","status":"publish","type":"page","link":"https:\/\/scitope.com\/cogmob22\/?page_id=246","title":{"rendered":"ONLINE CONFERENCE"},"content":{"rendered":"<p>[vc_row][vc_column][vc_column_text]<\/p>\n<div style=\"text-align: center; padding: 1em 0;\">\n<h3><a style=\"text-decoration: none;\" href=\"https:\/\/www.zeitverschiebung.net\/en\/city\/2673730\"><span style=\"color: gray;\">Current local time in<\/span><br \/>\nBudapest, Hungary<\/a><\/h3>\n<p><iframe loading=\"lazy\" src=\"https:\/\/www.zeitverschiebung.net\/clock-widget-iframe-v2?language=en&amp;size=medium&amp;timezone=Europe%2FBudapest\" width=\"100%\" height=\"115\" frameborder=\"0\" seamless=\"\"><\/iframe><\/p>\n<p>&nbsp;<\/p>\n<\/div>\n<p>[\/vc_column_text][\/vc_column][\/vc_row][vc_row][vc_column][vc_btn title=&#8221;Click here for joining the Online Sessions (chaired by 1. Dr. Andr\u00e1s Munk\u00e1csy &#8211; Dr. Tibor Sipos and 2. Prof. P\u00e9ter Baranyi)&#8221; style=&#8221;3d&#8221; color=&#8221;inverse&#8221; size=&#8221;lg&#8221; align=&#8221;center&#8221; link=&#8221;url:https%3A%2F%2Fmeet.jit.si%2FIEEECognitiveMobility|||&#8221;][\/vc_column][\/vc_row][vc_row][vc_column][vc_btn title=&#8221;Click here for joining the online stream of the on-site conference&#8221; style=&#8221;3d&#8221; color=&#8221;warning&#8221; size=&#8221;lg&#8221; align=&#8221;center&#8221; link=&#8221;url:https%3A%2F%2Fmeet.jit.si%2FIEEECogMobonsite|||&#8221;][\/vc_column][\/vc_row][vc_row][vc_column][vc_column_text]<\/p>\n<p style=\"text-align: center;\"><iframe loading=\"lazy\" src=\"https:\/\/drive.google.com\/file\/d\/10Awt15y9Pie5JPlleABWnPfq6Pnft-aS\/preview\" width=\"640\" height=\"900\"><\/iframe><\/p>\n<p>[\/vc_column_text][\/vc_column][\/vc_row]<\/p>\n","protected":false},"excerpt":{"rendered":"<p>[vc_row][vc_column][vc_column_text] Current local time in Budapest, Hungary &nbsp; [\/vc_column_text][\/vc_column][\/vc_row][vc_row][vc_column][vc_btn title=&#8221;Click here for joining the Online Sessions (chaired by 1. Dr. Andr\u00e1s Munk\u00e1csy &#8211; Dr. Tibor Sipos and 2. Prof. P\u00e9ter Baranyi)&#8221; style=&#8221;3d&#8221; color=&#8221;inverse&#8221; size=&#8221;lg&#8221; align=&#8221;center&#8221; link=&#8221;url:https%3A%2F%2Fmeet.jit.si%2FIEEECognitiveMobility|||&#8221;][\/vc_column][\/vc_row][vc_row][vc_column][vc_btn title=&#8221;Click here for joining the online stream of the on-site conference&#8221; style=&#8221;3d&#8221; color=&#8221;warning&#8221; size=&#8221;lg&#8221; align=&#8221;center&#8221; link=&#8221;url:https%3A%2F%2Fmeet.jit.si%2FIEEECogMobonsite|||&#8221;][\/vc_column][\/vc_row][vc_row][vc_column][vc_column_text] [\/vc_column_text][\/vc_column][\/vc_row]<\/p>\n","protected":false},"author":2,"featured_media":0,"parent":0,"menu_order":0,"comment_status":"closed","ping_status":"closed","template":"","meta":{"footnotes":""},"class_list":["post-246","page","type-page","status-publish","hentry"],"_links":{"self":[{"href":"https:\/\/scitope.com\/cogmob22\/index.php?rest_route=\/wp\/v2\/pages\/246","targetHints":{"allow":["GET"]}}],"collection":[{"href":"https:\/\/scitope.com\/cogmob22\/index.php?rest_route=\/wp\/v2\/pages"}],"about":[{"href":"https:\/\/scitope.com\/cogmob22\/index.php?rest_route=\/wp\/v2\/types\/page"}],"author":[{"embeddable":true,"href":"https:\/\/scitope.com\/cogmob22\/index.php?rest_route=\/wp\/v2\/users\/2"}],"replies":[{"embeddable":true,"href":"https:\/\/scitope.com\/cogmob22\/index.php?rest_route=%2Fwp%2Fv2%2Fcomments&post=246"}],"version-history":[{"count":110,"href":"https:\/\/scitope.com\/cogmob22\/index.php?rest_route=\/wp\/v2\/pages\/246\/revisions"}],"predecessor-version":[{"id":691,"href":"https:\/\/scitope.com\/cogmob22\/index.php?rest_route=\/wp\/v2\/pages\/246\/revisions\/691"}],"wp:attachment":[{"href":"https:\/\/scitope.com\/cogmob22\/index.php?rest_route=%2Fwp%2Fv2%2Fmedia&parent=246"}],"curies":[{"name":"wp","href":"https:\/\/api.w.org\/{rel}","templated":true}]}}