{"id":26,"date":"2020-01-02T13:41:19","date_gmt":"2020-01-02T13:41:19","guid":{"rendered":"https:\/\/scitope.com\/coginfocom20\/?page_id=26"},"modified":"2022-10-12T11:05:52","modified_gmt":"2022-10-12T11:05:52","slug":"related-papers","status":"publish","type":"page","link":"https:\/\/scitope.com\/cogmob22\/?page_id=26","title":{"rendered":"Venue (Conference &#038; Banquet)"},"content":{"rendered":"<p>[vc_row][vc_column][vc_column_text]<\/p>\n<h2 style=\"text-align: center;\">Conference Venue<\/h2>\n<p>[\/vc_column_text][vc_column_text]<\/p>\n<h3>Budapest, Hungary<\/h3>\n<h3 class=\"LC20lb\">BOSCH BUDAPEST INNOVATION CAMPUS<\/h3>\n<h4>1103 BUDAPEST, VASP\u00c1LYA U. 57\/A<\/h4>\n<p>[\/vc_column_text][\/vc_column][\/vc_row][vc_row][vc_column][vc_column_text]<iframe loading=\"lazy\" style=\"border: 0;\" src=\"https:\/\/www.google.com\/maps\/embed?pb=!1m18!1m12!1m3!1d2697.291640049508!2d19.146962315855664!3d47.464746005759224!2m3!1f0!2f0!3f0!3m2!1i1024!2i768!4f13.1!3m3!1m2!1s0x4741c31f01f91ab3%3A0x2df9cba8f0e619e2!2sBudapest%2C%20Vasp%C3%A1lya%20u.%2057%2C%201103!5e0!3m2!1shu!2shu!4v1664886520767!5m2!1shu!2shu\" width=\"600\" height=\"450\" allowfullscreen=\"allowfullscreen\"><\/iframe>[\/vc_column_text][vc_single_image image=&#8221;682&#8243; img_size=&#8221;large&#8221; alignment=&#8221;center&#8221;][\/vc_column][\/vc_row][vc_row][vc_column][vc_column_text]<\/p>\n<h2 style=\"text-align: center;\">Banquet Venue<\/h2>\n<p>[\/vc_column_text][vc_column_text]<\/p>\n<h3>Budapest, Hungary<\/h3>\n<h3 class=\"LC20lb\">V\u00cdGVARJ\u00da RESTAURANT<\/h3>\n<h4>1051 BUDAPEST, VIGAD\u00d3 T\u00c9R\u00a0 2<\/h4>\n<p>[\/vc_column_text][\/vc_column][\/vc_row][vc_row][vc_column][vc_column_text]<iframe loading=\"lazy\" style=\"border: 0;\" src=\"https:\/\/www.google.com\/maps\/embed?pb=!1m18!1m12!1m3!1d2695.6897507457184!2d19.047041415856402!3d47.49595700360738!2m3!1f0!2f0!3f0!3m2!1i1024!2i768!4f13.1!3m3!1m2!1s0x4741c33197dca7b3%3A0xe8f01ea1fe12e4d2!2zVsOtZ3ZhcmrDuiDDiXR0ZXJlbQ!5e0!3m2!1shu!2shu!4v1664886933894!5m2!1shu!2shu\" width=\"600\" height=\"450\" allowfullscreen=\"allowfullscreen\"><\/iframe>[\/vc_column_text][\/vc_column][\/vc_row]<\/p>\n","protected":false},"excerpt":{"rendered":"<p>[vc_row][vc_column][vc_column_text] Conference Venue [\/vc_column_text][vc_column_text] Budapest, Hungary BOSCH BUDAPEST INNOVATION CAMPUS 1103 BUDAPEST, VASP\u00c1LYA U. 57\/A [\/vc_column_text][\/vc_column][\/vc_row][vc_row][vc_column][vc_column_text][\/vc_column_text][vc_single_image image=&#8221;682&#8243; img_size=&#8221;large&#8221; alignment=&#8221;center&#8221;][\/vc_column][\/vc_row][vc_row][vc_column][vc_column_text] Banquet Venue [\/vc_column_text][vc_column_text] Budapest, Hungary V\u00cdGVARJ\u00da RESTAURANT 1051 BUDAPEST, VIGAD\u00d3 T\u00c9R\u00a0 2 [\/vc_column_text][\/vc_column][\/vc_row][vc_row][vc_column][vc_column_text][\/vc_column_text][\/vc_column][\/vc_row]<\/p>\n","protected":false},"author":1,"featured_media":0,"parent":0,"menu_order":0,"comment_status":"closed","ping_status":"closed","template":"","meta":{"footnotes":""},"class_list":["post-26","page","type-page","status-publish","hentry"],"_links":{"self":[{"href":"https:\/\/scitope.com\/cogmob22\/index.php?rest_route=\/wp\/v2\/pages\/26","targetHints":{"allow":["GET"]}}],"collection":[{"href":"https:\/\/scitope.com\/cogmob22\/index.php?rest_route=\/wp\/v2\/pages"}],"about":[{"href":"https:\/\/scitope.com\/cogmob22\/index.php?rest_route=\/wp\/v2\/types\/page"}],"author":[{"embeddable":true,"href":"https:\/\/scitope.com\/cogmob22\/index.php?rest_route=\/wp\/v2\/users\/1"}],"replies":[{"embeddable":true,"href":"https:\/\/scitope.com\/cogmob22\/index.php?rest_route=%2Fwp%2Fv2%2Fcomments&post=26"}],"version-history":[{"count":11,"href":"https:\/\/scitope.com\/cogmob22\/index.php?rest_route=\/wp\/v2\/pages\/26\/revisions"}],"predecessor-version":[{"id":689,"href":"https:\/\/scitope.com\/cogmob22\/index.php?rest_route=\/wp\/v2\/pages\/26\/revisions\/689"}],"wp:attachment":[{"href":"https:\/\/scitope.com\/cogmob22\/index.php?rest_route=%2Fwp%2Fv2%2Fmedia&parent=26"}],"curies":[{"name":"wp","href":"https:\/\/api.w.org\/{rel}","templated":true}]}}