{"id":14,"date":"2020-01-02T14:25:27","date_gmt":"2020-01-02T14:25:27","guid":{"rendered":"https:\/\/scitope.com\/control20\/?page_id=14"},"modified":"2025-10-13T08:33:35","modified_gmt":"2025-10-13T08:33:35","slug":"home","status":"publish","type":"page","link":"https:\/\/scitope.com\/control\/","title":{"rendered":"HOME"},"content":{"rendered":"<p>[vc_row][vc_column][vc_column_text]<\/p>\n<h3 style=\"text-align: center;\"><\/h3>\n<h2 style=\"text-align: center;\">15-16 October 2025, Debrecen, Hungary<\/h2>\n<h2 style=\"text-align: center;\">Hybrid (on-site &amp; online)<\/h2>\n<h2 style=\"text-align: center;\"><a href=\"https:\/\/docs.google.com\/forms\/d\/e\/1FAIpQLSf9hqlruw5bfy_pYqrjpvIPmmYhWL22-MxFpAEwsljkjpu4YA\/viewform\">Registration Form<\/a><\/h2>\n<h2>Scope<\/h2>\n<p>The Crisp and Soft Computing in AI, Modelling, and Control conference explores the synergy between classical (crisp) and computationally intelligent (soft) approaches in mathematics, artificial intelligence, system modeling, and control engineering. It provides a platform for researchers and practitioners to discuss theoretical advancements, hybrid computing techniques, and real-world applications across various domains. Key topics include fuzzy logic, neural networks, evolutionary computing, AI-driven control, AI robust optimisation,and precise-explainable-provable AI solutions. The conference aims to foster interdisciplinary collaboration and highlight emerging trends.[\/vc_column_text][\/vc_column][\/vc_row][vc_row][vc_column width=&#8221;1\/2&#8243;][vc_single_image image=&#8221;198&#8243; img_size=&#8221;medium&#8221; alignment=&#8221;center&#8221; onclick=&#8221;custom_link&#8221; img_link_target=&#8221;_blank&#8221; link=&#8221;https:\/\/scitope.com\/control\/?page_id=191&#8243;][\/vc_column][vc_column width=&#8221;1\/2&#8243;][vc_single_image image=&#8221;199&#8243; img_size=&#8221;medium&#8221; alignment=&#8221;center&#8221; onclick=&#8221;custom_link&#8221; img_link_target=&#8221;_blank&#8221; link=&#8221;https:\/\/scitope.com\/control\/?page_id=18&#8243;][\/vc_column][\/vc_row][vc_row][vc_column][vc_column_text]<\/p>\n<h2>Committees<\/h2>\n<p><strong>Chairs<\/strong><br \/>\nAndr\u00e1s Hajd\u00fa, University of Debrecen, Hungary<br \/>\nG\u00e9za Husi, University of Debrecen, Hungary<\/p>\n<p><strong>Honorary Chairs<\/strong><br \/>\nYurii Nesterov, CIAS at the Corvinus University of Budapest, Hungary<br \/>\nMehran Mesbahi, University of Washington, USA<\/p>\n<p><strong>Honorary Scientific Board<\/strong><br \/>\nHelen Meng, The Chinese University of Hong Kong<br \/>\nMehran Mesbahi, University of Washington, USA<br \/>\nYeung Yam, The Chinese University of Hong Kong<br \/>\nP\u00e9ter Baranyi, CIAS and DAIS at the Corvinus University of Budapest, Hungary<br \/>\nP\u00e9ter Korondi, University of Debrecen, Hungary<br \/>\nTibor Ill\u00e9s, CIAS and IODS at the Corvinus University of Budapest<\/p>\n<p><strong>International Committee<\/strong><br \/>\nAttila Gil\u00e1nyi, University of Debrecen, Hungary<br \/>\n\u00c1d\u00e1m Csap\u00f3, CIAS and DAIS at the Corvinus University of Budapest, Hungary<br \/>\nAndrea K\u0151, DAIS at the Corvinus University of Budapest, Hungary<br \/>\nSzabina Fodor, DAIS at the Corvinus University of Budapest, Hungary<br \/>\nMarianna Eisenberg-Nagy, CIAS and IODS at the Corvinus University of Budapest, Hungary<br \/>\nIldik\u00f3 Horv\u00e1th, CIAS and DAIS at the Corvinus University of Budapest, Hungary<br \/>\n\u00c1kos Varga, IMCS at the Corvinus University of Budapest, Hungary<\/p>\n<p><strong>Organizing Committee<br \/>\n<\/strong>Tam\u00e1s B\u00e9rczes, University of Debrecen, Hungary<br \/>\nBal\u00e1zs Harangi, University of Debrecen, Hungary<br \/>\nBal\u00e1zs Ujv\u00e1ri, University of Debrecen, Hungary<br \/>\nJ\u00f3zsef S\u00fct\u0151, University of Debrecen, Hungary<br \/>\nKocsis Imre, University of Debrecen, Hungary<br \/>\nAnna Sud\u00e1r, Corvinus University of Budapest<br \/>\nKarolina Kovacs E., University of Debrecen, Hungary<\/p>\n<p><strong>Local Organizing Committee<\/strong><br \/>\nJ\u00f3zsef Menyh\u00e1rt, University of Debrecen, Hungary<br \/>\nS\u00e1ndor Hajdu, University of Debrecen, Hungary<br \/>\nHusam A. Neamah, University of Debrecen, Hungary[\/vc_column_text][\/vc_column][\/vc_row][vc_row][vc_column][vc_column_text]<\/p>\n<h2>Sponsor<\/h2>\n<p>[\/vc_column_text][vc_column_text]<\/p>\n<h4 style=\"text-align: center;\">IEEE Hungary Section<\/h4>\n<p>[\/vc_column_text][vc_single_image image=&#8221;168&#8243; img_size=&#8221;medium&#8221; alignment=&#8221;center&#8221;][\/vc_column][\/vc_row][vc_row][vc_column][vc_column_text]<\/p>\n<h2>Organizers<\/h2>\n<p>[\/vc_column_text][vc_single_image image=&#8221;153&#8243; img_size=&#8221;medium&#8221; alignment=&#8221;center&#8221;][vc_single_image image=&#8221;151&#8243; img_size=&#8221;medium&#8221; alignment=&#8221;center&#8221;][vc_single_image image=&#8221;152&#8243; img_size=&#8221;medium&#8221; alignment=&#8221;center&#8221;][\/vc_column][\/vc_row][vc_row][vc_column][vc_column_text]<\/p>\n<h2>In Scientific Co-Operation with<\/h2>\n<p>[\/vc_column_text][vc_single_image image=&#8221;154&#8243; img_size=&#8221;medium&#8221; alignment=&#8221;center&#8221;][vc_single_image image=&#8221;224&#8243; img_size=&#8221;medium&#8221; alignment=&#8221;center&#8221;][vc_column_text]<\/p>\n<h2 style=\"text-align: center;\">NKFIH &#8211; 2024-1.2.3-HU-RIZONT-2024-00030<\/h2>\n<p>[\/vc_column_text][\/vc_column][\/vc_row]<\/p>\n","protected":false},"excerpt":{"rendered":"<p>[vc_row][vc_column][vc_column_text] 15-16 October 2025, Debrecen, Hungary Hybrid (on-site &amp; online) Registration Form Scope The Crisp and Soft Computing in AI, Modelling, and Control conference explores the synergy between classical (crisp) and computationally intelligent (soft) approaches in mathematics, artificial intelligence, system modeling, and control engineering. It provides a platform for researchers and practitioners to discuss theoretical [&hellip;]<\/p>\n","protected":false},"author":1,"featured_media":0,"parent":0,"menu_order":0,"comment_status":"closed","ping_status":"closed","template":"","meta":{"_exactmetrics_skip_tracking":false,"_exactmetrics_sitenote_active":false,"_exactmetrics_sitenote_note":"","_exactmetrics_sitenote_category":0,"footnotes":""},"class_list":["post-14","page","type-page","status-publish","hentry"],"_links":{"self":[{"href":"https:\/\/scitope.com\/control\/index.php?rest_route=\/wp\/v2\/pages\/14","targetHints":{"allow":["GET"]}}],"collection":[{"href":"https:\/\/scitope.com\/control\/index.php?rest_route=\/wp\/v2\/pages"}],"about":[{"href":"https:\/\/scitope.com\/control\/index.php?rest_route=\/wp\/v2\/types\/page"}],"author":[{"embeddable":true,"href":"https:\/\/scitope.com\/control\/index.php?rest_route=\/wp\/v2\/users\/1"}],"replies":[{"embeddable":true,"href":"https:\/\/scitope.com\/control\/index.php?rest_route=%2Fwp%2Fv2%2Fcomments&post=14"}],"version-history":[{"count":48,"href":"https:\/\/scitope.com\/control\/index.php?rest_route=\/wp\/v2\/pages\/14\/revisions"}],"predecessor-version":[{"id":226,"href":"https:\/\/scitope.com\/control\/index.php?rest_route=\/wp\/v2\/pages\/14\/revisions\/226"}],"wp:attachment":[{"href":"https:\/\/scitope.com\/control\/index.php?rest_route=%2Fwp%2Fv2%2Fmedia&parent=14"}],"curies":[{"name":"wp","href":"https:\/\/api.w.org\/{rel}","templated":true}]}}