{"id":14,"date":"2020-01-02T13:38:50","date_gmt":"2020-01-02T13:38:50","guid":{"rendered":"https:\/\/scitope.com\/coginfocom20\/?page_id=14"},"modified":"2023-10-31T10:17:42","modified_gmt":"2023-10-31T10:17:42","slug":"home","status":"publish","type":"page","link":"https:\/\/scitope.com\/cvr23\/","title":{"rendered":"HOME"},"content":{"rendered":"<p>[vc_row][vc_column][vc_column_text]<\/p>\n<div class=\"container\">\n<h1 class=\"site-description\" style=\"text-align: center;\"><strong>2nd IEEE International Conference on Cognitive Aspects of Virtual Reality<\/strong><\/h1>\n<h2 style=\"text-align: center;\">26-27 October 2023, Veszpr\u00e9m, Hungary &amp; Online Conference<\/h2>\n<\/div>\n<h2 style=\"text-align: center;\">You can present your paper online as well<\/h2>\n<p>[\/vc_column_text][\/vc_column][\/vc_row][vc_row][vc_column][vc_column_text]<\/p>\n<h3 style=\"text-align: center;\">SPECIAL JOURNAL ISSUES\u00a0 WILL BE PUBLISHED BASED ON THE EXTENDED VERSIONS OF SELECTED PAPERS<strong><br \/>\n<\/strong><\/h3>\n<p>[\/vc_column_text][\/vc_column][\/vc_row][vc_row][vc_column][vc_column_text]<\/p>\n<div class=\"container\">\n<h3 style=\"text-align: left;\"><span style=\"font-size: 30px;\">Scope<\/span><\/h3>\n<\/div>\n<p>Cognitive Aspects of Virtual Reality (cVR) investigates the next phases of IT evolution characterized by a transition from digital environments based on 2D graphical user interfaces (e.g. windows, images, 2D widgets) to 3D spaces which represent a higher-level integration of VR\/AR\/MR\/Metaverse\/IoD systems, human spatial cognition, the 2D digital world (i.e. Web 2.0, Web 3.0) and artificial intelligence (AI). A primary focus of cVR is how this transition simultaneously makes use of and augments human capabilities, including psychological, cognitive and social capabilities \u2013 especially capabilities linked to a deeper understanding of geometric, temporal and semantic relationships. By extension, cVR further investigates the effects of these changes in human and AI capabilities with respect to a variety of sectors including education, commerce, healthcare, industrial production and others[\/vc_column_text][\/vc_column][\/vc_row][vc_row][vc_column][vc_column_text]<\/p>\n<h2>Topics<\/h2>\n<p>The conference is open to topic proposals. Please <a href=\"https:\/\/forms.gle\/e5bb1CbUtfUpHRQn7\">click HERE<\/a> to submit your proposal.[\/vc_column_text][\/vc_column][\/vc_row][vc_row][vc_column][vc_column_text]<\/p>\n<div><strong>&#8211; Industry 4.0 in VR, Digital Twin<\/strong><\/div>\n<div><strong>&#8211; UI\/UX of Virtual Reality<br \/>\n<\/strong><strong>&#8211; VR\/AR\/XR\/Metaverse\/DR\/IoD<\/strong><\/div>\n<div><strong>&#8211; Internet of Digital &amp; Cognitive Realities (IoD)<\/strong><\/div>\n<div><strong>&#8211; Management and marketing in VR<br \/>\n<\/strong><strong>&#8211; VR-supported design<br \/>\n<\/strong><strong>&#8211; VR education<br \/>\n<\/strong><strong>&#8211; VR events<br \/>\n<\/strong><strong>&#8211; VR supported decision making<\/strong><\/div>\n<div><strong>&#8211; Cognitive Cloud<br \/>\n<\/strong><strong>&#8211; Gamification in VR environment<br \/>\n<\/strong><strong>&#8211; VR-supported rehabilitation<br \/>\n<\/strong><strong>&#8211; <\/strong><strong>VR operation systems<br \/>\n<\/strong><strong>&#8211; Social VR<br \/>\n<\/strong><strong>&#8211; Cognitive aspects of avatars<\/strong><\/div>\n<div><strong>&#8211; Socio-cognitive aspects of Virtual Reality<br \/>\n&#8211; Cognitive Infocommunications<br \/>\n&#8211; Photorealistic VR<br \/>\n&#8211; VR Haptics<\/strong><\/div>\n<div><strong>&#8211; Emerging new cognitive capabilities in VR<\/strong><\/div>\n<div><strong>&#8211; AI in VR<\/strong><\/div>\n<p>[\/vc_column_text][\/vc_column][\/vc_row][vc_row][vc_column][vc_column_text]<\/p>\n<h2><span style=\"color: #800000;\">Committees<\/span><\/h2>\n<p>[\/vc_column_text][\/vc_column][\/vc_row][vc_row][vc_column][vc_column_text]<\/p>\n<p class=\"_04xlpA direction-ltr align-start para-style-body\"><strong><span class=\"JsGRdQ\">General Chair<br \/>\n<\/span><\/strong><span class=\"JsGRdQ\">Prof. Cec\u00edlia Sik L\u00e1nyi, University of Pannonia, Hungary<\/span><\/p>\n<p><strong><span class=\"JsGRdQ\">Co-Chair<br \/>\n<\/span><\/strong><span class=\"JsGRdQ\">Prof. P\u00e9ter Baranyi,\u00a0 University of Pannonia, Hungary<br \/>\nDr. Ildik\u00f3 Horv\u00e1th, \u00d3buda University, Hungary<\/span><\/p>\n<p class=\"_04xlpA direction-ltr align-start para-style-body\"><strong><span class=\"JsGRdQ\">Honorary Chairs<br \/>\n<\/span><\/strong>Prof. Mariano Alca\u00f1iz, Valencia Polytechnic University, Spain<br \/>\nProf. Laszlo Szirmay-Kalos, Budapest University of Technology and Economics, Hungary<\/p>\n<p class=\"_04xlpA direction-ltr align-start para-style-body\"><strong><span class=\"JsGRdQ\">Honorary Committee<br \/>\n<\/span><\/strong><span class=\"JsGRdQ\">Prof. Val\u00e9ria Cs\u00e9pe, member of the Hungarian Academy of Science, Brain Imaging Centre<br \/>\n<\/span><span class=\"JsGRdQ\">Prof. Zolt\u00e1n Vidny\u00e1nszky, Director of Brain Imaging Center, Eotvos Lor\u00e1nd Research Network<br \/>\n<\/span><span class=\"JsGRdQ\">Prof. Levente Kov\u00e1cs, \u00d3buda University, Hungary<\/span><\/p>\n<p class=\"_04xlpA direction-ltr align-start para-style-body\"><strong><span class=\"JsGRdQ\">International Scientific Board<br \/>\n<\/span><\/strong><span class=\"JsGRdQ\">Prof. Helen Meng, Chinese University of Hong Kong, China<br \/>\n<\/span><span class=\"JsGRdQ\">Prof. J\u00f3zsef K. Tar, \u00d3buda University, Hungary<br \/>\n<\/span><span class=\"JsGRdQ\">Dr. Katarzyna Chmielewska, Kazimierz Wielki Universit, Poland<br \/>\n<\/span><span class=\"JsGRdQ\">Dr. Attila Gil\u00e1nyi, University of Debrecen, Hungary<br \/>\n<\/span><span class=\"JsGRdQ\">Dr. Miroslav Mac\u00edk, Czech Technical University in Prague, Czech Republic<br \/>\n<\/span><span class=\"JsGRdQ\">Dr. Mika Luimula, Turku University of Applied Sciences, Finland<br \/>\nProf. Annam\u00e1ria R. V\u00e1rkonyi-K\u00f3czy, \u00d3buda University, Hungary<\/span><\/p>\n<p class=\"_04xlpA direction-ltr align-start para-style-body\"><strong><span class=\"JsGRdQ\">International Organizing Committee<br \/>\n<\/span><\/strong><span class=\"JsGRdQ\">Prof. Horv\u00e1th L\u00e1szl\u00f3, \u00d3buda University, Hungary<br \/>\n<\/span><span class=\"JsGRdQ\">Dr. Ing. Matthias W\u00f6lfe, Karlsruhe University of Applied Sciences, Germany<br \/>\n<\/span><span class=\"JsGRdQ\">Dr. Erzs\u00e9bet T\u00f3th, University of Debrecen, Hungary<br \/>\n<\/span><span class=\"JsGRdQ\">Dr. Marianna Zichar, University of Debrecen, Hungary<br \/>\n<\/span><span class=\"JsGRdQ\">Dr. Victor H\u00e4fner, Karlsruhe Institute of Technology, Germany<br \/>\nDr. Zolt\u00e1n S\u00fcle, <span class=\"S1PPyQ\">University of Pannonia, Hungary<br \/>\n<\/span><\/span>Dr. Tibor Guzsvinecz, University of Pannonia, Hungary<br \/>\nDr. Attila Fazekas, University of Debrecen, Hungary<br \/>\nDr.Zolt\u00e1n God\u00f3, University of Debrecen, Hungary<br \/>\n<span class=\"JsGRdQ\">Dr. \u00c9va Orb\u00e1n-Mih\u00e1lyk\u00f3, University of Pannonia, Hungary<\/span><\/p>\n<p class=\"_04xlpA direction-ltr align-start para-style-body\"><span class=\"JsGRdQ\"><strong>Technical Program Committee Chair<\/strong><br \/>\nProf. J\u00e1nos Abonyi, University of Pannonia, Hungary<\/span><\/p>\n<p><strong><span class=\"JsGRdQ\">Technical Program Committee<br \/>\n<\/span><\/strong><span class=\"S1PPyQ\">Dr. P\u00e9ter F\u00f6ldesi, Sz\u00e9chenyi Istv\u00e1n University, Hungary<br \/>\nDr. Ronald R\u00f6mer, Brandenburg University of Technology Cottbus-Senftenberg, Germany<br \/>\nProf. Matthias W\u00f6lfel\u00a0Karlsruhe University of Applied Sciences, Germany<br \/>\nProf. Werner Ravyse, Turku University of Applied Sciences, Germany<br \/>\nDr. Mika Luimula, Turku University of Applied Sciences, Germany<br \/>\n<\/span><span class=\"S1PPyQ\">Dr. Tibor Guzsvinecz, University of Pannonia, Hungary<br \/>\n<\/span><span class=\"S1PPyQ\">Dr. Claudiu Pozna, Sz\u00e9chenyi Istv\u00e1n University, Hungary<br \/>\n<\/span><span class=\"S1PPyQ\">Dr. Marianna Zichar, University of Debrecen, Hungary<br \/>\n<\/span><span class=\"S1PPyQ\">Dr. Erzs\u00e9bet T\u00f3th, University of Debrecen, Hungary<br \/>\n<\/span>Dr. J\u00f3zsef B\u00edr\u00f3, Budapest University of Technology and Economics, Hungary<br \/>\nProf. Anna Esposito, Universit\u00e0 degli Studi della Campania \u201cLuigi Vanvitelli\u201d, Italy<br \/>\nDr. M\u00e1rton Szemenyei, Budapest University of Technology and Economics, Hungary<br \/>\nDr. Borb\u00e1la Berki, \u00d3buda University, Hungary<br \/>\nDr. Zolt\u00e1n Kvasznicza University of P\u00e9cs, Hungary<br \/>\nDr. Anna Sud\u00e1r, \u00d3buda University, Hungary<br \/>\nDr. Tam\u00e1s P\u00e9ter, Budapest University of Technology and Economics, Hungary<br \/>\nDr. Attila Gil\u00e1nyi, University of Debrecen, Hungary<br \/>\nProf. Atsushi Ito, Utsunomiya University, Japan<br \/>\n<span class=\"S1PPyQ\">Dr. Katarzyna Chmielewska, <\/span><span class=\"S1PPyQ\">Kazimierz Wielki University,\u00a0<\/span><span class=\"S1PPyQ\">Poland<br \/>\n<\/span><span class=\"S1PPyQ\">Dr. \u00c1goston T\u00f6r\u00f6k, Promaton, Netherlands<\/span><\/p>\n<p class=\"_04xlpA direction-ltr align-start para-style-body\"><strong><span class=\"JsGRdQ\">Publication Chair<br \/>\n<\/span><\/strong><span class=\"JsGRdQ\">Anik\u00f3 Szak\u00e1l, \u00d3buda University, Hungary<\/span><\/p>\n<p class=\"_04xlpA direction-ltr align-start para-style-body\"><strong><span class=\"JsGRdQ\">Treasurer<br \/>\n<\/span><\/strong><span class=\"JsGRdQ\">Anik\u00f3 Szak\u00e1l, \u00d3buda University, Hungary<\/span><\/p>\n<p>[\/vc_column_text][\/vc_column][\/vc_row][vc_row][vc_column][vc_column_text]<\/p>\n<h2><span style=\"color: #800000;\">Sponsor &amp; Organizer<\/span><\/h2>\n<p>[\/vc_column_text][vc_single_image image=&#8221;184&#8243; img_size=&#8221;medium&#8221; alignment=&#8221;center&#8221;][vc_column_text]<\/p>\n<h4 style=\"text-align: center;\">IEEE Hungary Section<\/h4>\n<p>[\/vc_column_text][\/vc_column][\/vc_row][vc_row][vc_column width=&#8221;1\/2&#8243;][vc_column_text]<\/p>\n<h4 style=\"text-align: center;\">IEEE IES and RAS Chapters, Hungary<\/h4>\n<p>[\/vc_column_text][\/vc_column][vc_column width=&#8221;1\/2&#8243;][vc_column_text]<\/p>\n<h4 style=\"text-align: center;\">IEEE Systems, Man and Cybernetics\u00a0 Chapter, Hungary<\/h4>\n<p>[\/vc_column_text][\/vc_column][\/vc_row][vc_row][vc_column][vc_column_text]<\/p>\n<h2><span style=\"color: #800000;\">In Scientific Co-Operation with<\/span><\/h2>\n<p>[\/vc_column_text][vc_single_image image=&#8221;680&#8243; img_size=&#8221;medium&#8221; alignment=&#8221;center&#8221;][vc_column_text]<\/p>\n<h3 style=\"text-align: center;\"><strong>University of Pannonia<\/strong><\/h3>\n<p>[\/vc_column_text][vc_single_image image=&#8221;773&#8243; img_size=&#8221;large&#8221; alignment=&#8221;center&#8221;][vc_single_image image=&#8221;737&#8243; img_size=&#8221;medium&#8221; alignment=&#8221;center&#8221;][vc_single_image image=&#8221;667&#8243; img_size=&#8221;medium&#8221; alignment=&#8221;center&#8221;][vc_single_image image=&#8221;720&#8243; img_size=&#8221;medium&#8221; alignment=&#8221;center&#8221;][vc_column_text]<\/p>\n<h4 style=\"text-align: center;\">Budapest University of Technology and Economics<\/h4>\n<p>[\/vc_column_text][\/vc_column][\/vc_row][vc_row][vc_column width=&#8221;1\/2&#8243;][vc_column_text]<\/p>\n<h4 class=\"LC20lb MBeuO DKV0Md\" style=\"text-align: center;\">Faculty of Electrical Engineering and Informatics<\/h4>\n<p>[\/vc_column_text][\/vc_column][vc_column width=&#8221;1\/2&#8243;][vc_column_text]<\/p>\n<h4 style=\"text-align: center;\">Department of Telecommunications and Media Informatics<\/h4>\n<p>[\/vc_column_text][\/vc_column][\/vc_row][vc_row][vc_column][vc_single_image image=&#8221;747&#8243; img_size=&#8221;medium&#8221; alignment=&#8221;center&#8221;][vc_single_image image=&#8221;818&#8243; img_size=&#8221;medium&#8221; alignment=&#8221;center&#8221;][vc_column_text]<\/p>\n<h2><span style=\"color: #800000;\">Scientific Community Partner<\/span><\/h2>\n<p>[\/vc_column_text][vc_single_image image=&#8221;619&#8243; img_size=&#8221;medium&#8221; alignment=&#8221;center&#8221;][\/vc_column][\/vc_row]<\/p>\n","protected":false},"excerpt":{"rendered":"<p>[vc_row][vc_column][vc_column_text] 2nd IEEE International Conference on Cognitive Aspects of Virtual Reality 26-27 October 2023, Veszpr\u00e9m, Hungary &amp; Online Conference You can present your paper online as well [\/vc_column_text][\/vc_column][\/vc_row][vc_row][vc_column][vc_column_text] SPECIAL JOURNAL ISSUES\u00a0 WILL BE PUBLISHED BASED ON THE EXTENDED VERSIONS OF SELECTED PAPERS [\/vc_column_text][\/vc_column][\/vc_row][vc_row][vc_column][vc_column_text] Scope Cognitive Aspects of Virtual Reality (cVR) investigates the next phases of [&hellip;]<\/p>\n","protected":false},"author":1,"featured_media":0,"parent":0,"menu_order":0,"comment_status":"closed","ping_status":"closed","template":"","meta":{"footnotes":""},"class_list":["post-14","page","type-page","status-publish","hentry"],"_links":{"self":[{"href":"https:\/\/scitope.com\/cvr23\/index.php?rest_route=\/wp\/v2\/pages\/14","targetHints":{"allow":["GET"]}}],"collection":[{"href":"https:\/\/scitope.com\/cvr23\/index.php?rest_route=\/wp\/v2\/pages"}],"about":[{"href":"https:\/\/scitope.com\/cvr23\/index.php?rest_route=\/wp\/v2\/types\/page"}],"author":[{"embeddable":true,"href":"https:\/\/scitope.com\/cvr23\/index.php?rest_route=\/wp\/v2\/users\/1"}],"replies":[{"embeddable":true,"href":"https:\/\/scitope.com\/cvr23\/index.php?rest_route=%2Fwp%2Fv2%2Fcomments&post=14"}],"version-history":[{"count":161,"href":"https:\/\/scitope.com\/cvr23\/index.php?rest_route=\/wp\/v2\/pages\/14\/revisions"}],"predecessor-version":[{"id":822,"href":"https:\/\/scitope.com\/cvr23\/index.php?rest_route=\/wp\/v2\/pages\/14\/revisions\/822"}],"wp:attachment":[{"href":"https:\/\/scitope.com\/cvr23\/index.php?rest_route=%2Fwp%2Fv2%2Fmedia&parent=14"}],"curies":[{"name":"wp","href":"https:\/\/api.w.org\/{rel}","templated":true}]}}