{"id":16,"date":"2020-01-02T13:39:13","date_gmt":"2020-01-02T13:39:13","guid":{"rendered":"https:\/\/scitope.com\/coginfocom20\/?page_id=16"},"modified":"2024-08-30T07:47:28","modified_gmt":"2024-08-30T07:47:28","slug":"latest-special-issues","status":"publish","type":"page","link":"https:\/\/scitope.com\/cvr24\/?page_id=16","title":{"rendered":"Committees"},"content":{"rendered":"<p>[vc_row][vc_column][vc_column_text]<\/p>\n<p class=\"_04xlpA direction-ltr align-start para-style-body\"><span style=\"font-size: 15px;\"><strong><span class=\"JsGRdQ\">Chairs<br \/>\n<\/span><\/strong><span style=\"font-size: 15px;\"><span class=\"JsGRdQ\">Prof. David Brown, Nottingham Trent University, United Kingdom<br \/>\n<\/span><span style=\"font-size: 15px;\">Dr. Ildik\u00f3 Horv\u00e1th, CIAS at the Corvinus University of Budapest, Hungary<\/span><\/span><\/span><\/p>\n<p class=\"_04xlpA direction-ltr align-start para-style-body\"><strong><span style=\"font-size: 15px;\"><span class=\"JsGRdQ\">Honorary Chairs<br \/>\n<\/span><\/span><\/strong><span style=\"font-size: 15px;\">Prof. Mariano Alca\u00f1iz, Valencia Polytechnic University, Spain<br \/>\nProf. P\u00e9ter Baranyi, CIAS, DAIS at the Corvinus University of Budapest, Hungary<br \/>\nProf. Cec\u00edlia Sik-L\u00e1nyi, University of Pannonia, Hungary<br \/>\n<span class=\"JsGRdQ\">Prof. Levente Kov\u00e1cs, \u00d3buda University, Hungary<\/span><\/span><span class=\"JsGRdQ\"><span style=\"font-size: 15px;\"><br \/>\n<\/span><\/span><\/p>\n<p class=\"_04xlpA direction-ltr align-start para-style-body\"><strong><span style=\"font-size: 15px;\"><span class=\"JsGRdQ\">International Scientific Board<\/span><\/span><\/strong><span class=\"JsGRdQ\"><br \/>\n<\/span><span class=\"JsGRdQ\"><span style=\"font-size: 15px;\"><span style=\"font-size: 15px;\">Dr. Katarzyna Chmielewska, Kazimierz Wielki Universit, Poland<br \/>\n<\/span><span class=\"JsGRdQ\"><span style=\"font-size: 15px;\"><span style=\"font-size: 15px;\">Dr. Attila Gil\u00e1nyi, University of Debrecen, Hungary<br \/>\n<\/span><\/span><\/span><\/span><\/span><span class=\"JsGRdQ\"><span style=\"font-size: 15px;\"><span class=\"JsGRdQ\"><span style=\"font-size: 15px;\"><span style=\"font-size: 15px;\">Dr. \u00c1d\u00e1m Csap\u00f3, CIAS at the Corvinus University of Budapest, Hungary<br \/>\n<\/span><\/span><\/span><\/span><\/span><span class=\"JsGRdQ\"><span style=\"font-size: 15px;\"><span class=\"JsGRdQ\"><span style=\"font-size: 15px;\"><span style=\"font-size: 15px;\"><span class=\"S1PPyQ\"><span style=\"font-size: 15px;\">Dr. Eigner Gy\u00f6rgy, \u00d3buda University, Hungary<br \/>\n<span style=\"font-size: 15px;\">Prof. Gy\u00f6r\u00f6k Gy\u00f6rgy, \u00d3buda University, Hungary<br \/>\n<\/span><\/span><\/span><\/span><\/span><\/span><\/span><\/span><span class=\"JsGRdQ\"><span style=\"font-size: 15px;\"><span class=\"JsGRdQ\"><span style=\"font-size: 15px;\"><span style=\"font-size: 15px;\"><span class=\"S1PPyQ\"><span style=\"font-size: 15px;\">Dr. Mufti Mahmud, Nottingham Trent University, United Kingdom<br \/>\nDr. Omprakash Kaiwartya, Nottingham Trent University, United Kingdom<br \/>\nDr. Alex Sumich, Nottingham Trent University, United Kingdom<br \/>\n<\/span><\/span><\/span><\/span><\/span><\/span><\/span><span class=\"JsGRdQ\"><span style=\"font-size: 15px;\"><span class=\"JsGRdQ\"><span style=\"font-size: 15px;\"><span style=\"font-size: 15px;\"><span class=\"S1PPyQ\">under development<\/span><\/span><\/span><\/span><\/span><\/span><\/p>\n<p class=\"_04xlpA direction-ltr align-start para-style-body\"><strong><span style=\"font-size: 15px;\"><span class=\"JsGRdQ\">International Organizing Committee<\/span><\/span><\/strong><span class=\"JsGRdQ\"><br \/>\n<\/span><span class=\"JsGRdQ\"><span style=\"font-size: 15px;\">Dr. Erzs\u00e9bet T\u00f3th, University of Debrecen, Hungary<br \/>\nDr. Mika Luimula, Turku University of Applied Sciences, Finland<br \/>\n<\/span><span class=\"JsGRdQ\"><span style=\"font-size: 15px;\">Dr. Marianna Zichar, University of Debrecen, Hungary<br \/>\n<\/span><span class=\"JsGRdQ\"><span style=\"font-size: 15px;\">Dr. Victor H\u00e4fner, Karlsruhe Institute of Technology, Germany<br \/>\n<\/span><span style=\"font-size: 15px;\">Dr. Tibor Guzsvinecz, University of Pannonia, Hungary<br \/>\nDr. Judit Sz\u0171cs, University of Pannonia, Hungary<br \/>\n<\/span><\/span><\/span><\/span><span class=\"JsGRdQ\"><span class=\"JsGRdQ\"><span class=\"JsGRdQ\"><span style=\"font-size: 15px;\"><span class=\"S1PPyQ\">Dr. M. Arifur Rahman, Nottingham Trent University, United Kingdom<br \/>\n<\/span><\/span><\/span><\/span><\/span><span class=\"JsGRdQ\"><span class=\"JsGRdQ\"><span class=\"JsGRdQ\"><span style=\"font-size: 15px;\"><span class=\"S1PPyQ\">Dr. Pedro Machado, Nottingham Trent University, United Kingdom<\/span><\/span><\/span><\/span><\/span><span class=\"JsGRdQ\"><span class=\"JsGRdQ\"><span class=\"JsGRdQ\"><span style=\"font-size: 15px;\"><span class=\"S1PPyQ\"><br \/>\n<\/span><\/span><\/span><\/span><\/span><span style=\"font-size: 15px;\">Szak\u00e1l Anik\u00f3, \u00d3buda University, Hungary<br \/>\n<span style=\"font-size: 15px;\">Kall\u00f3s No\u00e9mi, \u00d3buda University, Hungary<\/span><\/span><\/p>\n<p><strong><span style=\"font-size: 15px;\"><span class=\"JsGRdQ\">Local Organizing Committee<br \/>\n<\/span><\/span><\/strong><span class=\"JsGRdQ\"><span style=\"font-size: 15px;\"><span class=\"S1PPyQ\">Dr. Erzs\u00e9bet T\u00f3th, University of Debrecen, Hungary<br \/>\nDr. Attila Gil\u00e1nyi, University of Debrecen, Hungary<\/span><\/span><\/span><\/p>\n<p><strong><span style=\"font-size: 15px;\"><span class=\"JsGRdQ\">International Program Committee<br \/>\n<\/span><\/span><\/strong><span class=\"JsGRdQ\"><span style=\"font-size: 15px;\"><span class=\"S1PPyQ\">Dr. Tom Hughes-Roberts, Nottingham Trent University, United Kingdom<br \/>\nDr. Pratik Vyas, Nottingham Trent University, United Kingdom<br \/>\n<\/span><\/span><\/span><span class=\"JsGRdQ\"><span style=\"font-size: 15px;\"><span class=\"S1PPyQ\">Dr. Jordan J. Bird, Nottingham Trent University, United Kingdom<br \/>\n<\/span><\/span><\/span><span class=\"JsGRdQ\"><span style=\"font-size: 15px;\"><span class=\"S1PPyQ\">Dr. Nadja Heym, Nottingham Trent University, United Kingdom<\/span><\/span><\/span><\/p>\n<p class=\"_04xlpA direction-ltr align-start para-style-body\"><span class=\"JsGRdQ\"><span style=\"font-size: 15px;\"><strong>Technical Program Committee Chair<\/strong><br \/>\nDr. Anna Sud\u00e1r, CIAS at the Corvinus University of Budapest, Hungary<\/span><\/span><\/p>\n<p><strong><span style=\"font-size: 15px;\"><span class=\"JsGRdQ\">Technical Program Committee<br \/>\n<\/span><\/span><\/strong><span class=\"JsGRdQ\"><span style=\"font-size: 15px;\">Prof. Sebastian Schlund, TU-Wien, Austria<br \/>\nDr. Peter Thorvald, University of Sk\u00f6vde, Sweden<br \/>\nDr. Sandra Mattson, RISE Research Institutes of Sweden, Sweden<br \/>\nDr. Chiara Cimini, University of Bergamo, Italy<br \/>\nDr. Borb\u00e1la Berki, CIAS at the Corvinus University of Budapest, Hungary<br \/>\n<\/span><\/span><\/p>\n<p class=\"_04xlpA direction-ltr align-start para-style-body\"><strong><span style=\"font-size: 15px;\"><span class=\"JsGRdQ\">Publication Chair<br \/>\n<\/span><\/span><\/strong><span style=\"font-size: 15px;\"><span class=\"JsGRdQ\">Anik\u00f3 Szak\u00e1l, \u00d3buda University, Hungary<\/span><\/span><\/p>\n<p class=\"_04xlpA direction-ltr align-start para-style-body\"><strong><span style=\"font-size: 15px;\"><span class=\"JsGRdQ\">Treasurer<br \/>\n<\/span><\/span><\/strong><span style=\"font-size: 15px;\"><span class=\"JsGRdQ\">Anik\u00f3 Szak\u00e1l, \u00d3buda University, Hungary<\/span><\/span><\/p>\n<p>[\/vc_column_text][\/vc_column][\/vc_row]<\/p>\n","protected":false},"excerpt":{"rendered":"<p>[vc_row][vc_column][vc_column_text] Chairs Prof. David Brown, Nottingham Trent University, United Kingdom Dr. Ildik\u00f3 Horv\u00e1th, CIAS at the Corvinus University of Budapest, Hungary Honorary Chairs Prof. Mariano Alca\u00f1iz, Valencia Polytechnic University, Spain Prof. P\u00e9ter Baranyi, CIAS, DAIS at the Corvinus University of Budapest, Hungary Prof. Cec\u00edlia Sik-L\u00e1nyi, University of Pannonia, Hungary Prof. Levente Kov\u00e1cs, \u00d3buda University, Hungary [&hellip;]<\/p>\n","protected":false},"author":1,"featured_media":0,"parent":0,"menu_order":0,"comment_status":"closed","ping_status":"closed","template":"","meta":{"footnotes":""},"class_list":["post-16","page","type-page","status-publish","hentry"],"_links":{"self":[{"href":"https:\/\/scitope.com\/cvr24\/index.php?rest_route=\/wp\/v2\/pages\/16","targetHints":{"allow":["GET"]}}],"collection":[{"href":"https:\/\/scitope.com\/cvr24\/index.php?rest_route=\/wp\/v2\/pages"}],"about":[{"href":"https:\/\/scitope.com\/cvr24\/index.php?rest_route=\/wp\/v2\/types\/page"}],"author":[{"embeddable":true,"href":"https:\/\/scitope.com\/cvr24\/index.php?rest_route=\/wp\/v2\/users\/1"}],"replies":[{"embeddable":true,"href":"https:\/\/scitope.com\/cvr24\/index.php?rest_route=%2Fwp%2Fv2%2Fcomments&post=16"}],"version-history":[{"count":26,"href":"https:\/\/scitope.com\/cvr24\/index.php?rest_route=\/wp\/v2\/pages\/16\/revisions"}],"predecessor-version":[{"id":951,"href":"https:\/\/scitope.com\/cvr24\/index.php?rest_route=\/wp\/v2\/pages\/16\/revisions\/951"}],"wp:attachment":[{"href":"https:\/\/scitope.com\/cvr24\/index.php?rest_route=%2Fwp%2Fv2%2Fmedia&parent=16"}],"curies":[{"name":"wp","href":"https:\/\/api.w.org\/{rel}","templated":true}]}}