{"id":14,"date":"2020-01-02T13:38:50","date_gmt":"2020-01-02T13:38:50","guid":{"rendered":"https:\/\/scitope.com\/coginfocom20\/?page_id=14"},"modified":"2024-10-11T06:48:39","modified_gmt":"2024-10-11T06:48:39","slug":"home","status":"publish","type":"page","link":"https:\/\/scitope.com\/dcr24\/","title":{"rendered":"HOME"},"content":{"rendered":"<p>[vc_row][vc_column][vc_column_text]<\/p>\n<div class=\"container\">\n<h1 class=\"site-description\" style=\"text-align: center;\"><span style=\"color: #003366;\"><strong>1st International Conference on Digital &amp; Cognitive Corporate Reality<\/strong><\/span><\/h1>\n<h2 style=\"text-align: center;\"><span style=\"color: #344079;\">25 October, 2024<\/span><\/h2>\n<\/div>\n<h2 style=\"text-align: center;\"><span style=\"color: #344079;\">CORVINUS UNIVERSITY OF BUDAPEST, HUNGARY<br \/>\n<\/span><a href=\"https:\/\/maps.app.goo.gl\/rpZDeH8BNps2m74x6\" target=\"_blank\" rel=\"noopener\"><u>Gell\u00e9rt Campus, 1118 Budapest, M\u00e9nesi \u00fat 5<\/u><\/a><\/h2>\n<p>&nbsp;<\/p>\n<h2 style=\"text-align: center;\"><\/h2>\n<p>[\/vc_column_text][vc_btn title=&#8221;PROGRAM&#8221; style=&#8221;3d&#8221; color=&#8221;orange&#8221; size=&#8221;lg&#8221; align=&#8221;center&#8221; link=&#8221;url:https%3A%2F%2Fscitope.com%2Fdcr24%2F%3Fpage_id%3D22||target:%20_blank|&#8221;][vc_empty_space][vc_column_text]<\/p>\n<h2 style=\"text-align: center;\">This is a joint Conference with <a href=\"https:\/\/scitope.com\/ait24\/\" target=\"_blank\" rel=\"noopener\">AI Transformation\u00a0<\/a><\/h2>\n<p>[\/vc_column_text][\/vc_column][\/vc_row][vc_row][vc_column][vc_column_text]<\/p>\n<div class=\"container\">\n<h3 style=\"text-align: left;\"><span style=\"font-size: 30px; color: #344079;\">Scope<\/span><\/h3>\n<p>&nbsp;<\/p>\n<\/div>\n<div class=\"container\">\n<p style=\"font-weight: 400; font-size: 16px;\"><span style=\"color: #344079;\">Digital &amp; Cognitive Corporate Reality (DCR) is a scientific discipline that integrates Corporate Management and Business Science, Internet of Digital &amp; Cognitive Reality and Cognitive Infocommunications leading to a higher conceptual level, adopting a holistic view. DCR includes all corners of co-evolved natural and artificial cognitive capabilities<em>,<\/em> spanning the entire range of individual and social levels as well as network aspects.<\/span><br \/>\n<span style=\"color: #344079;\">DCR research aims to explore interactions among the areas of digital corporate ecosystems (including processes, infrastructure, digital assets, organizational &amp; human competencies, governance, regulatory and information security), and various approaches in Internet of Digital &amp; Cognitive Reality (including ICT, AI &amp; data science, 2D \/ 3D digital environments and network science), all within a conceptual framework of hybrid human, organizational and artificial cognitive capabilities. Within these areas, DCR targets the development of both new theoretical frameworks and practical solutions towards applications.<\/span><\/p>\n<p>&nbsp;<\/p>\n<\/div>\n<h3><span style=\"color: #344079; font-size: 16px;\">Topics (not limited to):<\/span><\/h3>\n<ul>\n<li><span style=\"color: #344079; font-size: 16px;\">&#8211; Cognitive aspects of corporate ecosystems<\/span><\/li>\n<li><span style=\"color: #344079; font-size: 16px;\">&#8211; Cognitive biases in digital corporations<\/span><\/li>\n<li><span style=\"color: #344079; font-size: 16px;\">&#8211; Artificial intelligence, machine\/deep learning in corporations<\/span><\/li>\n<li><span style=\"color: #344079; font-size: 16px;\">&#8211; Hybrid decision support with humans and machines<\/span><\/li>\n<li><span style=\"color: #344079; font-size: 16px;\">&#8211; Intelligent multi-agent solutions<\/span><\/li>\n<li><span style=\"color: #344079; font-size: 16px;\">&#8211; Business analytics, data science, big data<\/span><\/li>\n<li><span style=\"color: #344079; font-size: 16px;\">&#8211; Business processes management and reengineering<\/span><\/li>\n<li><span style=\"color: #344079; font-size: 16px;\">&#8211; Information modelling and information retrieval<\/span><\/li>\n<li><span style=\"color: #344079; font-size: 16px;\">&#8211; Knowledge management, education and training<\/span><br \/>\n<u><\/u><\/li>\n<li><span style=\"color: #344079; font-size: 16px;\">&#8211; Personalization and recommender systems<\/span><\/li>\n<li><span style=\"color: #344079; font-size: 16px;\">&#8211; Privacy, trust, interoperability, and security<\/span><\/li>\n<li><span style=\"color: #344079; font-size: 16px;\">&#8211; Risk governance and management<\/span><\/li>\n<li><span style=\"color: #344079; font-size: 16px;\">&#8211; Cognitive Infocommunications<\/span><\/li>\n<li><span style=\"color: #344079; font-size: 16px;\">&#8211; Human-Computer Interactions<\/span><\/li>\n<li><span style=\"color: #344079; font-size: 16px;\">&#8211; Internet of digital &amp; cognitive realities in corporations<\/span><\/li>\n<li><span style=\"color: #344079; font-size: 16px;\">&#8211; Network science in a corporate context<\/span><\/li>\n<li><span style=\"color: #344079; font-size: 16px;\">&#8211; Corporate ecosystems<\/span><\/li>\n<li><span style=\"color: #344079; font-size: 16px;\">&#8211; Regulatory environment of DCR, policies and strategies<\/span><\/li>\n<li><span style=\"color: #344079; font-size: 16px;\">&#8211; Smart manufacturing<\/span><\/li>\n<li><span style=\"color: #344079; font-size: 16px;\">&#8211; Social innovation platforms<\/span><\/li>\n<\/ul>\n<p>[\/vc_column_text][vc_column_text]<strong><span style=\"color: #344079; font-size: 16px;\">Chairs<br \/>\n<\/span><\/strong><span style=\"color: #344079; font-size: 16px;\">Andrea K\u0151, <em>Corvinus University of Budapest<br \/>\n<\/em>P\u00e9ter Baranyi, <em>Corvinus University of Budapest<\/em>[\/vc_column_text][\/vc_column][\/vc_row][vc_row][vc_column][vc_column_text]<\/span><\/p>\n<h2><span style=\"color: #344079;\">Organizers<\/span><\/h2>\n<p>[\/vc_column_text][vc_single_image image=&#8221;599&#8243; img_size=&#8221;medium&#8221; alignment=&#8221;center&#8221; onclick=&#8221;custom_link&#8221; img_link_target=&#8221;_blank&#8221; link=&#8221;https:\/\/www.uni-corvinus.hu\/?lang=en&#8221;][\/vc_column][\/vc_row][vc_row][vc_column width=&#8221;1\/2&#8243;][vc_column_text]<\/p>\n<h4 style=\"text-align: center;\">Institute of Data Analytics and Information Systems<\/h4>\n<p>[\/vc_column_text][\/vc_column][vc_column width=&#8221;1\/2&#8243;][vc_column_text]<\/p>\n<h4 style=\"text-align: center;\">Corvinus Institute for Advanced Studies<\/h4>\n<p>[\/vc_column_text][\/vc_column][\/vc_row][vc_row][vc_column][vc_single_image image=&#8221;655&#8243; img_size=&#8221;700&#215;200&#8243; alignment=&#8221;center&#8221; onclick=&#8221;custom_link&#8221; img_link_target=&#8221;_blank&#8221; link=&#8221;https:\/\/www.cuhk.edu.cn\/en&#8221;][\/vc_column][\/vc_row][vc_row][vc_column][vc_column_text]<\/p>\n<h2><span style=\"color: #344079;\">Scientific Community Co-Organizer<\/span><\/h2>\n<p>[\/vc_column_text][vc_single_image image=&#8221;532&#8243; img_size=&#8221;medium&#8221; alignment=&#8221;center&#8221; onclick=&#8221;custom_link&#8221; img_link_target=&#8221;_blank&#8221; link=&#8221;https:\/\/scitope.com\/&#8221;][\/vc_column][\/vc_row]<\/p>\n","protected":false},"excerpt":{"rendered":"<p>[vc_row][vc_column][vc_column_text] 1st International Conference on Digital &amp; Cognitive Corporate Reality 25 October, 2024 CORVINUS UNIVERSITY OF BUDAPEST, HUNGARY Gell\u00e9rt Campus, 1118 Budapest, M\u00e9nesi \u00fat 5 &nbsp; [\/vc_column_text][vc_btn title=&#8221;PROGRAM&#8221; style=&#8221;3d&#8221; color=&#8221;orange&#8221; size=&#8221;lg&#8221; align=&#8221;center&#8221; link=&#8221;url:https%3A%2F%2Fscitope.com%2Fdcr24%2F%3Fpage_id%3D22||target:%20_blank|&#8221;][vc_empty_space][vc_column_text] This is a joint Conference with AI Transformation\u00a0 [\/vc_column_text][\/vc_column][\/vc_row][vc_row][vc_column][vc_column_text] Scope &nbsp; Digital &amp; Cognitive Corporate Reality (DCR) is a scientific discipline that [&hellip;]<\/p>\n","protected":false},"author":1,"featured_media":0,"parent":0,"menu_order":0,"comment_status":"closed","ping_status":"closed","template":"","meta":{"footnotes":""},"class_list":["post-14","page","type-page","status-publish","hentry"],"_links":{"self":[{"href":"https:\/\/scitope.com\/dcr24\/index.php?rest_route=\/wp\/v2\/pages\/14","targetHints":{"allow":["GET"]}}],"collection":[{"href":"https:\/\/scitope.com\/dcr24\/index.php?rest_route=\/wp\/v2\/pages"}],"about":[{"href":"https:\/\/scitope.com\/dcr24\/index.php?rest_route=\/wp\/v2\/types\/page"}],"author":[{"embeddable":true,"href":"https:\/\/scitope.com\/dcr24\/index.php?rest_route=\/wp\/v2\/users\/1"}],"replies":[{"embeddable":true,"href":"https:\/\/scitope.com\/dcr24\/index.php?rest_route=%2Fwp%2Fv2%2Fcomments&post=14"}],"version-history":[{"count":198,"href":"https:\/\/scitope.com\/dcr24\/index.php?rest_route=\/wp\/v2\/pages\/14\/revisions"}],"predecessor-version":[{"id":821,"href":"https:\/\/scitope.com\/dcr24\/index.php?rest_route=\/wp\/v2\/pages\/14\/revisions\/821"}],"wp:attachment":[{"href":"https:\/\/scitope.com\/dcr24\/index.php?rest_route=%2Fwp%2Fv2%2Fmedia&parent=14"}],"curies":[{"name":"wp","href":"https:\/\/api.w.org\/{rel}","templated":true}]}}