{"id":16,"date":"2020-01-02T13:39:13","date_gmt":"2020-01-02T13:39:13","guid":{"rendered":"https:\/\/scitope.com\/coginfocom20\/?page_id=16"},"modified":"2024-10-11T10:02:54","modified_gmt":"2024-10-11T10:02:54","slug":"latest-special-issues","status":"publish","type":"page","link":"https:\/\/scitope.com\/dcr24\/?page_id=16","title":{"rendered":"Committees"},"content":{"rendered":"\n<p style=\"font-size:16px\"><strong>Chair<br><\/strong>Andrea K\u0151, <em>Corvinus University of Budapest<\/em><\/p>\n\n\n\n<p style=\"font-size:16px\"><strong>Co-Chair<\/strong><br>P\u00e9ter Baranyi, <em>CIAS at the<\/em> <em>Corvinus University of Budapest<\/em><\/p>\n\n\n\n<p style=\"font-size:16px\"><strong>Honorary Chair<br><\/strong>Alamgir Hossain, <em>Cambodia University of Technology &amp; Science<\/em><\/p>\n\n\n\n<p style=\"font-size:16px\"><strong>International Steering Committee<br><\/strong>under development<\/p>\n\n\n\n<p style=\"font-size:16px\"><strong>International Scientific Board Chair<\/strong><br>Viktor D\u00f6rfler, <em>Corvinus University of Budapest<\/em><\/p>\n\n\n\n<p style=\"font-size:16px\"><strong>International Scientific Board<\/strong><br>L\u00e1szl\u00f3 Csicsman, <em>CIAS at the Corvinus University of Budapest<\/em><br>Saira Andleeb Gillani, <em>Department of Computer Science, University of Central Punjab, Lahore, Pakistan<\/em><br>Tun\u00e7 Durmu\u015f Medeni, <em>Ankara Y\u0131ld\u0131r\u0131m Beyaz\u0131t University, Turkey<\/em><br>Y\u00fccel Sayg\u0131n, <em>Sabanc\u0131 University, \u0130stanbul, Turkey<\/em><br>Amira Mouakher, <em>University of Perpignan, France<\/em><br>B\u00e1lint Moln\u00e1r, <em>E\u00f6tv\u00f6s Lor\u00e1nd University, Faculty of Informatics, Hungary<\/em><br>L\u00e1szl\u00f3 L\u0151rincz,<em> CIAS at the<\/em> <em>Corvinus University of Budapest, Hungary<\/em><\/p>\n\n\n\n<p><\/p>\n\n\n\n<p style=\"font-size:16px\"><strong><br>International Organizing Committee <\/strong><br>\u00c1d\u00e1m Csap\u00f3, <em>CIAS at the Corvinus University of Budapest<\/em><br>Ildik\u00f3 Horv\u00e1th, <em>CIAS at the Corvinus University of Budapest<\/em><br>Borb\u00e1la Berki, <em>CIAS at the Corvinus University of Budapest<\/em><br>Anna Sud\u00e1r, <em>CIAS at the Corvinus University of Budapest<\/em><br>Ferenc Kiss, <em>R&amp;D director, Foundation for Information Society<\/em><\/p>\n\n\n\n<p><\/p>\n\n\n\n<p><\/p>\n\n\n\n<p><\/p>\n\n\n\n<p style=\"font-size:16px\"><\/p>\n","protected":false},"excerpt":{"rendered":"<p>ChairAndrea K\u0151, Corvinus University of Budapest Co-ChairP\u00e9ter Baranyi, CIAS at the Corvinus University of Budapest Honorary ChairAlamgir Hossain, Cambodia University of Technology &amp; Science International Steering Committeeunder development International Scientific Board ChairViktor D\u00f6rfler, Corvinus University of Budapest International Scientific BoardL\u00e1szl\u00f3 Csicsman, CIAS at the Corvinus University of BudapestSaira Andleeb Gillani, Department of Computer Science, University [&hellip;]<\/p>\n","protected":false},"author":1,"featured_media":0,"parent":0,"menu_order":0,"comment_status":"closed","ping_status":"closed","template":"","meta":{"footnotes":""},"class_list":["post-16","page","type-page","status-publish","hentry"],"_links":{"self":[{"href":"https:\/\/scitope.com\/dcr24\/index.php?rest_route=\/wp\/v2\/pages\/16","targetHints":{"allow":["GET"]}}],"collection":[{"href":"https:\/\/scitope.com\/dcr24\/index.php?rest_route=\/wp\/v2\/pages"}],"about":[{"href":"https:\/\/scitope.com\/dcr24\/index.php?rest_route=\/wp\/v2\/types\/page"}],"author":[{"embeddable":true,"href":"https:\/\/scitope.com\/dcr24\/index.php?rest_route=\/wp\/v2\/users\/1"}],"replies":[{"embeddable":true,"href":"https:\/\/scitope.com\/dcr24\/index.php?rest_route=%2Fwp%2Fv2%2Fcomments&post=16"}],"version-history":[{"count":23,"href":"https:\/\/scitope.com\/dcr24\/index.php?rest_route=\/wp\/v2\/pages\/16\/revisions"}],"predecessor-version":[{"id":823,"href":"https:\/\/scitope.com\/dcr24\/index.php?rest_route=\/wp\/v2\/pages\/16\/revisions\/823"}],"wp:attachment":[{"href":"https:\/\/scitope.com\/dcr24\/index.php?rest_route=%2Fwp%2Fv2%2Fmedia&parent=16"}],"curies":[{"name":"wp","href":"https:\/\/api.w.org\/{rel}","templated":true}]}}