{"id":14,"date":"2020-01-02T13:38:50","date_gmt":"2020-01-02T13:38:50","guid":{"rendered":"https:\/\/scitope.com\/coginfocom20\/?page_id=14"},"modified":"2022-06-24T07:45:24","modified_gmt":"2022-06-24T07:45:24","slug":"home","status":"publish","type":"page","link":"https:\/\/scitope.com\/iod22\/","title":{"rendered":"HOME"},"content":{"rendered":"<p>[vc_row][vc_column][vc_column_text]<\/p>\n<div class=\"container\">\n<h1 class=\"site-description\" style=\"text-align: center;\">1st IEEE International Conference on Internet of Digital Reality<\/h1>\n<h2 style=\"text-align: center;\">CONFERENCE POSTPONED, NEW DATE: 23-24 JUNE<\/h2>\n<h2 style=\"text-align: center;\"><span style=\"color: #ff0000;\">First submission deadline 24 April<\/span><\/h2>\n<h2 style=\"text-align: center;\">Online conference<\/h2>\n<\/div>\n<h3 style=\"text-align: center;\"><\/h3>\n<p>[\/vc_column_text][\/vc_column][\/vc_row][vc_row][vc_column][vc_column_text]<\/p>\n<div class=\"container\">\n<h3 style=\"text-align: center;\">SPECIAL JOURNAL ISSUES\u00a0 WILL BE PUBLISHED BASED ON THE EXTENDED VERSIONS OF SELECTED PAPERS<strong><br \/>\n<\/strong><\/h3>\n<\/div>\n<h4 style=\"text-align: center;\"><\/h4>\n<div class=\"container\">\n<h4 style=\"text-align: center;\"><\/h4>\n<h4 style=\"text-align: center;\"><\/h4>\n<h4 style=\"text-align: center;\"><\/h4>\n<\/div>\n<p>[\/vc_column_text][vc_column_text]<\/p>\n<h2 style=\"text-align: center;\">Special Issue on \u201cInternet of Digital Reality: Applications and Key Challenges\u201d<\/h2>\n<h2 style=\"text-align: center;\"><a href=\"https:\/\/drive.google.com\/file\/d\/1sJA-kp86TC-zuhNr0X5HkruGaaO7HDI8\/view?usp=sharing\"><strong>Click here for Call for Papers<\/strong><\/a><\/h2>\n<p>[\/vc_column_text][\/vc_column][\/vc_row][vc_row][vc_column][vc_column_text]<\/p>\n<div class=\"container\">\n<h3 style=\"text-align: left;\"><strong><span style=\"font-size: 30px;\">Scope<\/span><\/strong><\/h3>\n<p>&nbsp;<\/p>\n<\/div>\n<div class=\"container\">\n<p>\u00a0A Digital Reality (DR) is a high-level integration of virtual reality (including augmented reality, virtual and digital simulations and twins), artificial intelligence and 2D digital environments which creates a highly contextual reality for humans in which previously disparate realms of human experience are brought together. DR encompasses not only industrial applications but also helps increase productivity in all corners of life (both physical and digital), thereby enabling the development of new social entities and structures, such as 3D digital universities, 3D businesses, 3D governance, 3D web-based digital entertainment, 3D collaborative sites and marketplaces.\u00a0 The Internet of Digital Reality (IoD) is a set of technologies that enables digital realities to be managed, transmitted and harmonized in networked environments (both public and private), focusing on a higher level of user accessibility, immersiveness and experience with the help of virtual reality and artificial intelligence.\u00a0 Given the holistic impact of IoD on society at large, papers on social and legal aspects of IoD are also welcome.<\/p>\n<\/div>\n<p>[\/vc_column_text][\/vc_column][\/vc_row][vc_row][vc_column][vc_column_text]<\/p>\n<h2><strong>Topics<\/strong><\/h2>\n<p>The conference is open to topic proposals. Please <a href=\"https:\/\/forms.gle\/cF1RNrQhdBJjVBZG6\">click HERE<\/a> to submit your proposal.[\/vc_column_text][\/vc_column][\/vc_row][vc_row][vc_column width=&#8221;1\/2&#8243;][vc_column_text]<strong>Virtual, Augmented, Mixed and Digital Reality<\/strong><br \/>\n<strong>IoT and IoE<\/strong><br \/>\n<strong>Virtual and Digital Simulation Twins<\/strong><br \/>\n<strong>Artificial Intelligence<\/strong><br \/>\n<strong>3D audio and Sonification<\/strong><br \/>\n<strong>Psychoacoustics<\/strong><br \/>\n<strong>Haptics and tactile modalities<\/strong><br \/>\n<strong>I\/O and feedback devices<\/strong><br \/>\n<strong>Digital Society<\/strong><br \/>\n<strong>Speech technology<\/strong><br \/>\n<strong>5G and RF applications<\/strong><br \/>\n<strong>Physical layers of IoD<\/strong><br \/>\n<strong>Network management and testing<\/strong><br \/>\n<strong>Future Internet<\/strong><br \/>\n<strong>3D and VR Gaming and Entertainment<\/strong><br \/>\n<strong>Digital Reality in Education<\/strong>[\/vc_column_text][\/vc_column][vc_column width=&#8221;1\/2&#8243;][vc_column_text]<\/p>\n<p style=\"font-weight: 400;\"><strong>Digital Business<\/strong><br \/>\n<strong>Legal environment in IOD<\/strong><br \/>\n<strong>Digital arts in VR and 3D spaces<\/strong><br \/>\n<strong>Cognitive aspects of IoD<\/strong><br \/>\n<strong>Human Factors<\/strong><br \/>\n<strong>Information in IoD<\/strong><br \/>\n<strong>3D video and immersive experience<\/strong><br \/>\n<strong>Infrastructure of IoD<\/strong><br \/>\n<strong>Communication networks for IoD<\/strong><br \/>\n<strong>Safety and Security of IoD<\/strong><br \/>\n<strong>e-Health using IoD<\/strong><br \/>\n<strong>Real-time applications for IoD<br \/>\nCognitive Infocommunication<\/strong><br \/>\n<strong>Cognitive Mobility<\/strong><br \/>\n<strong>Metaverse<\/strong><\/p>\n<p>[\/vc_column_text][\/vc_column][\/vc_row][vc_row][vc_column][vc_column_text]<\/p>\n<h2 style=\"text-align: left;\"><strong>Committees<\/strong><\/h2>\n<p>[\/vc_column_text][\/vc_column][\/vc_row][vc_row][vc_column][vc_column_text]<span class=\"im\"><strong>General Chair<\/strong><br \/>\nProf. Gyula Sallai <em>Budapest University of Technology and Economics, Hungary<\/em><\/span><\/p>\n<p><span class=\"im\"><strong>Honorary Chairs<\/strong><\/span><span class=\"im\"><em><br \/>\n<\/em><\/span>Prof. Anna Esposito, <em>Universit\u00e0 della Campania &#8222;Luigi Vanvitelli&#8221;, Italy<br \/>\n<\/em>Prof. Carl Vogel, <em>Trinity College Dublin, Ireland<br \/>\n<\/em><span class=\"im\">Prof. P\u00e9ter Baranyi, <em>Sz\u00e9chenyi Istv\u00e1n University, Hungary<\/em><\/span><\/p>\n<p><strong>International Steering Committee<br \/>\n<\/strong><span class=\"im\">Prof. Gy\u00f6rgy Wers\u00e9nyi, <em>Sz\u00e9chenyi Istv\u00e1n University, Hungary<br \/>\n<\/em><\/span><span class=\"im\">Dr. \u00c1d\u00e1m Csap\u00f3, <em>Sz\u00e9chenyi Istv\u00e1n University, Hungary<\/em><\/span><\/p>\n<p><strong>International Scientific Board<\/strong><br \/>\nProf. Pawel Strumillo, <em>Lodz University of Technology, Poland<br \/>\n<\/em><span class=\"im\">Dr. Tony Stockman, <em>Queen Mary University of London, UK<br \/>\n<\/em><\/span>Dr. Matti Gr\u00f6hn, <em>Stereoscope Oy, Finland<br \/>\n<\/em><span class=\"im\">Dr. Rolland Vida, <em>Budapest University of Technology and Economics, Hungary<br \/>\n<\/em><\/span><span class=\"im\">Dr. P\u00e1l Varga, <em>Budapest University of Technology and Economics, Hungary<\/em><\/span><\/p>\n<p><strong>International Organizing Committee<\/strong><br \/>\nProf. Mihoko Niitsuma, <em>Chuo University, Japan<\/em><em><br \/>\n<\/em>Prof. Alin Moldoveanu<em>, Polytechnic University of Bucharest, Romania<br \/>\n<\/em><span class=\"im\">Dr. Gy\u00f6rgy Moln\u00e1r<\/span><em><span class=\"im\">, Sz\u00e9chenyi Istv\u00e1n University, Hungary<\/span><\/em><br \/>\nDr. Ferenc Erd\u0151s, <em>Sz\u00e9chenyi Istv\u00e1n University, Hungary<\/em><br \/>\nDr. Bogl\u00e1rka Balassa, <em>Sz\u00e9chenyi Istv\u00e1n University, Hungary<br \/>\n<\/em>Prof. Guido Kempter, <em>FH Voralberg &#8211; University of Applied Sciences, Austria<br \/>\n<\/em>Prof. Mikl\u00f3s Kuczmann, <em>Sz\u00e9chenyi Istv\u00e1n University, Hungary<br \/>\n<\/em><span class=\"im\">Dr. Simone Spagnol, <em>TU Delft, Netherlands<br \/>\n<\/em><\/span>Prof. M\u00e1rta Konczosn\u00e9 Szombathelyi, <em>Sz\u00e9chenyi Istv\u00e1n University, Hungary<\/em><\/p>\n<p><strong>Telecommunications and Mediaregulatory Relation Chairs<br \/>\n<\/strong><span class=\"im\">Prof. Dr. Andr\u00e1s Koltay , <em>President of the National Media and Infocommunications Authority, University of Public Service, Hungary<br \/>\n<\/em><\/span><span class=\"im\">Dr. Andr\u00e1s Laps\u00e1nszky , Vice <em>President of the National Media and Infocommunications Authority, Sz\u00e9chenyi Istv\u00e1n University, Hungary<\/em><\/span><\/p>\n<p><strong>Industrial Relation Chairs<br \/>\n<\/strong><span class=\"im\">Csaba Fegyver, <em>Head of B2B Telecommunications Strategy Center,<\/em> <em>T-Systems, Hungary<br \/>\n<\/em><\/span><span class=\"im\">Csaba Szarka, <em>Hungarian Defense Forces, Modernization Institute, Hungary<br \/>\n<\/em><\/span>Dr. Istv\u00e1n G\u00f3dor, <em>ER Networks PN Budapest, Ericsson Research, Hungary<\/em><\/p>\n<p><span class=\"im\"><strong>Technical Program Committee Chair<br \/>\n<\/strong><\/span><span class=\"im\">Dr. Ildik\u00f3 Horv\u00e1th, <em>Sz\u00e9chenyi Istv\u00e1n University, Hungary<\/em><\/span><em><br \/>\n<\/em><\/p>\n<p><span class=\"im\"><strong>Technical Program Committee<\/strong><br \/>\n<\/span>Dr. Peshala Jayasekara, <em>Aalborg University, Denmark<br \/>\n<\/em>Dr. Anders la Cour-Harbo, <em>University of Moratuwa, Sr\u00ed Lanka<br \/>\n<\/em>Dr. Kurt Heutschi, <em>Swiss Federal Laboratories for Materials Science and Technology, Switzerland<br \/>\n<\/em>Dr. Soo-Fen Fam, <em>Universiti Teknikal Malaysia Melaka, Malaysia<br \/>\n<\/em>Dr. Tibor Guzsvinecz, <em>University of Pannonia, Hungary<br \/>\n<\/em>Dr. B\u00e9la Takarics, <em>Computer and Automation Research Institute, Hungarian Academy of Sciences, Hungary<br \/>\n<\/em>Dr. Tam\u00e1s P\u00e9ter, <em><span class=\"im\">Budapest University of Technology and Economics, Hungary<br \/>\n<\/span><\/em>Prof. Radu-Emil Precup, <em>The Polytechnic University of Timisoara, Romania<br \/>\n<\/em>Dr. Miroslav Macik, <em>Czech Technical University in Prague, Czech Republic<br \/>\n<\/em>Dr. Veronika Sz\u00fccs, <em>University of Pannonia, Hungary<br \/>\n<\/em>Dr. Tony Stockman, <em>Queen Mary University of London, United Kingdom<br \/>\n<\/em>Dr. Andrew Kolarik, <em>University of East Anglia, United Kingdom<br \/>\n<\/em>Dr. Attila Gil\u00e1nyi, <em>University of Debrecen, Hungary<br \/>\n<\/em>Dr. Zolt\u00e1n Kvasznicza, <em>University of P\u00e9cs, Hungary<br \/>\n<\/em>Dr. Istv\u00e1n G\u00f3dor, <em>ER Networks PN Budapest, Ericsson Research, Hungary<br \/>\n<\/em>Dr. Katarzyna Chmielewska, <em>Wielki University, Poland<br \/>\n<\/em>Dr. Sanja Maravi\u0107 \u010cisar, <em>USubotica Tech &#8211; College of Applied Sciences, Serbia<br \/>\n<\/em>Prof. Goga Cvetkovski, <em>Cyril and Methodius University, Macedonia<br \/>\n<\/em>Dr. Yixin Bao, <em>The University of Hong Kong, Hong Kong<br \/>\n<\/em>Dr. Micha\u0142 Bujacz, <em>Lodz University of Technology, Poland<br \/>\n<\/em>Dr. Ila Maltese, <em>Roma Tre University, Italy<br \/>\n<\/em>Dr. G\u00e1bor Sz\u0171cs, <em><span class=\"im\">Budapest University of Technology and Economics, Hungary<br \/>\n<\/span><\/em>Prof. Pawel Strumillo, <em>Lodz University of Technology, Poland<br \/>\n<\/em>\u202aDr. Taner Cokyasar, <em>Argonne National Laboratory, USA<br \/>\n<\/em>Dr. Ovidiu Constantin Novac, <em>University of Oradea, Romania<br \/>\n<\/em>Prof. Suwat Kuntanapreeda, <em>King Mongkut&#8217;s University of Technology North Bangkok, Thailand<br \/>\n<\/em>Prof. Ann Svensson, <em>University West, Sweden<br \/>\n<\/em>Prof. Marco Donald Migliore, <em>University of Cassino and Southern Lazio, Italy<br \/>\n<\/em><\/p>\n<div><strong>Treasurer<\/strong><br \/>\nAnik\u00f3 Szak\u00e1l, <em>\u00d3budai University, Hungary<\/em><\/div>\n<p>[\/vc_column_text][\/vc_column][\/vc_row][vc_row][vc_column][vc_column_text]<\/p>\n<h2><strong>Sponsor &amp; Organizer<\/strong><\/h2>\n<p>[\/vc_column_text][\/vc_column][\/vc_row][vc_row][vc_column][vc_single_image image=&#8221;184&#8243; img_size=&#8221;medium&#8221; alignment=&#8221;center&#8221;][vc_column_text]<\/p>\n<h4 style=\"text-align: center;\">IEEE Hungary Section<\/h4>\n<p>[\/vc_column_text][\/vc_column][\/vc_row][vc_row][vc_column width=&#8221;1\/3&#8243;][vc_column_text]<\/p>\n<h4 style=\"text-align: center;\">IEEE Systems, Man and Cybernetics\u00a0 Chapter, Hungary<\/h4>\n<p>[\/vc_column_text][\/vc_column][vc_column width=&#8221;1\/3&#8243;][vc_column_text]<\/p>\n<h4 style=\"text-align: center;\">IEEE Computational Intelligence Chapter, Hungary<\/h4>\n<p>[\/vc_column_text][\/vc_column][vc_column width=&#8221;1\/3&#8243;][vc_column_text]<\/p>\n<h4 style=\"text-align: center;\">IEEE IES and RAS Chapters, Hungary<\/h4>\n<p>[\/vc_column_text][\/vc_column][\/vc_row][vc_row][vc_column][vc_column_text]<\/p>\n<h2><strong>Co-Organizers<\/strong><\/h2>\n<p>[\/vc_column_text][vc_single_image image=&#8221;590&#8243; img_size=&#8221;medium&#8221; alignment=&#8221;center&#8221;][vc_column_text]<\/p>\n<h4 style=\"text-align: center;\">Budapest Univesity of Technology and Economics Department of Telecommunications and Media Informatics<\/h4>\n<p>[\/vc_column_text][vc_single_image image=&#8221;621&#8243; img_size=&#8221;medium&#8221; alignment=&#8221;center&#8221;][vc_single_image image=&#8221;619&#8243; img_size=&#8221;medium&#8221; alignment=&#8221;center&#8221;][vc_column_text]<\/p>\n<div class=\"vc_row wpb_row vc_row-fluid\">\n<div class=\"wpb_column vc_column_container vc_col-sm-12\">\n<div class=\"vc_column-inner\">\n<div class=\"wpb_wrapper\">\n<div class=\"wpb_text_column wpb_content_element \">\n<div class=\"wpb_wrapper\">\n<h4 style=\"text-align: center;\">Hungarian Defense Forces, Modernization Institute<\/h4>\n<\/div>\n<\/div>\n<\/div>\n<\/div>\n<\/div>\n<\/div>\n<div class=\"vc_row wpb_row vc_row-fluid\">\n<div class=\"wpb_column vc_column_container vc_col-sm-12\">\n<div class=\"vc_column-inner\">\n<div class=\"wpb_wrapper\">\n<div class=\"wpb_text_column wpb_content_element \">\n<div class=\"wpb_wrapper\"><\/div>\n<\/div>\n<\/div>\n<\/div>\n<\/div>\n<\/div>\n<p>[\/vc_column_text][vc_single_image image=&#8221;625&#8243; img_size=&#8221;medium&#8221; alignment=&#8221;center&#8221;][vc_column_text]<\/p>\n<h4 style=\"text-align: center;\">Ericsson<\/h4>\n<p>[\/vc_column_text][vc_single_image image=&#8221;634&#8243; img_size=&#8221;medium&#8221; alignment=&#8221;center&#8221;][\/vc_column][\/vc_row][vc_row][vc_column][vc_column_text]<\/p>\n<h2><strong>Scientific Community Co-Organizer<\/strong><\/h2>\n<p>[\/vc_column_text][vc_single_image image=&#8221;617&#8243; img_size=&#8221;medium&#8221; alignment=&#8221;center&#8221;][\/vc_column][\/vc_row]<\/p>\n","protected":false},"excerpt":{"rendered":"<p>[vc_row][vc_column][vc_column_text] 1st IEEE International Conference on Internet of Digital Reality CONFERENCE POSTPONED, NEW DATE: 23-24 JUNE First submission deadline 24 April Online conference [\/vc_column_text][\/vc_column][\/vc_row][vc_row][vc_column][vc_column_text] SPECIAL JOURNAL ISSUES\u00a0 WILL BE PUBLISHED BASED ON THE EXTENDED VERSIONS OF SELECTED PAPERS [\/vc_column_text][vc_column_text] Special Issue on \u201cInternet of Digital Reality: Applications and Key Challenges\u201d Click here for Call for [&hellip;]<\/p>\n","protected":false},"author":1,"featured_media":0,"parent":0,"menu_order":0,"comment_status":"closed","ping_status":"closed","template":"","meta":{"footnotes":""},"class_list":["post-14","page","type-page","status-publish","hentry"],"_links":{"self":[{"href":"https:\/\/scitope.com\/iod22\/index.php?rest_route=\/wp\/v2\/pages\/14","targetHints":{"allow":["GET"]}}],"collection":[{"href":"https:\/\/scitope.com\/iod22\/index.php?rest_route=\/wp\/v2\/pages"}],"about":[{"href":"https:\/\/scitope.com\/iod22\/index.php?rest_route=\/wp\/v2\/types\/page"}],"author":[{"embeddable":true,"href":"https:\/\/scitope.com\/iod22\/index.php?rest_route=\/wp\/v2\/users\/1"}],"replies":[{"embeddable":true,"href":"https:\/\/scitope.com\/iod22\/index.php?rest_route=%2Fwp%2Fv2%2Fcomments&post=14"}],"version-history":[{"count":116,"href":"https:\/\/scitope.com\/iod22\/index.php?rest_route=\/wp\/v2\/pages\/14\/revisions"}],"predecessor-version":[{"id":675,"href":"https:\/\/scitope.com\/iod22\/index.php?rest_route=\/wp\/v2\/pages\/14\/revisions\/675"}],"wp:attachment":[{"href":"https:\/\/scitope.com\/iod22\/index.php?rest_route=%2Fwp%2Fv2%2Fmedia&parent=14"}],"curies":[{"name":"wp","href":"https:\/\/api.w.org\/{rel}","templated":true}]}}